{"id":2865,"date":"2019-04-13T20:39:58","date_gmt":"2019-04-13T18:39:58","guid":{"rendered":"https:\/\/snehacare.de\/?post_type=product&#038;p=2865"},"modified":"2023-09-25T16:18:36","modified_gmt":"2023-09-25T16:18:36","slug":"chilo","status":"publish","type":"product","link":"https:\/\/snehascare.de\/en\/hund\/chilo\/","title":{"rendered":"Chilo"},"content":{"rendered":"<p><img fetchpriority=\"high\" decoding=\"async\" class=\"size-medium wp-image-8390 aligncenter\" src=\"http:\/\/snehascare.de\/wp-content\/uploads\/2019\/04\/Foto-17.11.21-11-47-30-300x225.jpg\" alt=\"\" width=\"300\" height=\"225\" \/><\/p>\n<p>Abschied von Chilo<\/p>\n<p>Ruhe in Frieden CH\ud835\udc08\ud835\udc0b\ud835\udc0e\ud83d\udc90\u2764\ufe0f<\/p>\n<p>Heute sind unsere Herzen schwer, weil wir von Chilo Abschied nehmen m\u00fcssen. Chilo war ein Quell der Liebe, Freude und unersch\u00fctterlichen Kameradschaft. \ud83d\udc36\ud83d\udc94<\/p>\n<p>Chilos Reise war nicht immer einfach. Er wurde aus hei\u00dfem Teer gerettet und war von diesem Moment an ein Teil unseres Lebens. Trotz der zahlreichen Behandlungen hatte Chilo viele gesundheitliche Probleme, aber sein Geist blieb ungebrochen.<\/p>\n<p>Chilo lehrte uns Widerstandsf\u00e4higkeit, bedingungslose Liebe und die tiefe Bindung zwischen Mensch und Tier. Er ber\u00fchrte unser Leben auf eine Weise, die Worte nicht ausdr\u00fccken k\u00f6nnen, und hinterlie\u00df Pfotenabdr\u00fccke in unseren Herzen, die niemals verblassen werden.<\/p>\n<p>Sechs Jahre hatten wir mit ihm gemeinsam. Wir erinnern uns an Chilo f\u00fcr das Gl\u00fcck, das er in unser Leben gebracht hat.<\/p>\n<p>Ruhe friedlich. Wir sehen uns auf der anderen Seite \ud83c\udf08\ud83d\udc3e<\/p>\n<p>Wir danken Beatrice, die ihn so liebevoll begleitet hat auf seinem Weg \u2764\ufe0f<\/p>\n<p>&nbsp;<\/p>\n<hr \/>\n<p>&nbsp;<\/p>\n<p>Rest in peace CH\ud835\udc08\ud835\udc0b\ud835\udc0e\ud83d\udc90\u2764\ufe0f<\/p>\n<p>Today our hearts are heavy because we have to say goodbye to Chilo. Chilo was a source of love, joy and companionship. \ud83d\udc36\ud83d\udc94<br \/>\nChilo&#8217;s journey wasn&#8217;t always easy. He was rescued from hot tar and was a part of our lives from that moment on. Despite the numerous treatments, Chilo had many health problems, but his spirit remained unbroken.<br \/>\nChilo taught us resilience, unconditional love and the deep bond between humans and animals. He touched our lives in ways words cannot express and left paw prints in our hearts that will never fade.<br \/>\nWe had six years together with him. We remember Chilo for the happiness he brought into our lives.<br \/>\nRest peacefully. See you on the other side \ud83c\udf08\ud83d\udc3e<\/p>\n<p>We thank Beatrice, who accompanied him so lovingly on his journey \u2764\ufe0f<\/p>\n<p>&nbsp;<\/p>\n<hr \/>\n<p>&nbsp;<\/p>\n<p>&nbsp;<\/p>\n<p>Hallo mein Name ist Chilo,<\/p>\n<p>&nbsp;<\/p>\n<p>ausgesprochen wird mein Name Kilo. Ich bin ein richtiger nepalesischer \u201eHochgebirge-Hund\u201c. B\u00f6se Menschen haben mich bei Stra\u00dfenarbeiten in den hei\u00dfen Teer geworfen. Das war im Mai 2017.<\/p>\n<p>&nbsp;<\/p>\n<p>Ich sah f\u00fcrchterlich aus, hatte schwerste Verbrennungen. Es war nicht klar, ob ich es schaffen w\u00fcrde.<\/p>\n<p>&nbsp;<\/p>\n<p>Doch mit viel Liebe und einer langen Behandlung mit Kokos\u00f6l bin ich nun wieder ein prachtvoller Hund. Mein Fell gl\u00e4nzt wie kein anderes Fell im Tierheim.<\/p>\n<p>&nbsp;<\/p>\n<p>Manche w\u00fcrden mich als richtigen Macho bezeichnen, aber ich bin einfach verspielt und ein wenig frech.<\/p>\n<p>&nbsp;<\/p>\n<p>Hunde wie ich, die schon ausgewachsen sind und dazu noch schwarz, finden keine Familie in Nepal. Weil hier viele Hunde auf sich gestellt auf der Stra\u00dfe leben m\u00fcssen, k\u00f6nnen die Menschen sich einfach einen passenden Stra\u00dfenhund aussuchen &#8211; und das sind meist Welpen. In ein Tierheim muss daf\u00fcr niemand fahren.<\/p>\n<p>&nbsp;<\/p>\n<p>Ich freue mich sehr, dass ich mit Beatrice eine liebe Patin gefunden habe! Danke liebe Beatrice!<\/p>\n<p>&nbsp;<\/p>","protected":false},"excerpt":{"rendered":"<p>Gender: Male<\/p>\n<p>Born: 2016<\/p>\n<p>Verstorben: September 2023<\/p>\n<p>Farbe: schwarz-braun<\/p>","protected":false},"featured_media":8390,"template":"","meta":[],"product_brand":[],"product_cat":[64],"product_tag":[],"class_list":{"0":"post-2865","1":"product","2":"type-product","3":"status-publish","4":"has-post-thumbnail","6":"product_cat-verstorben","8":"first","9":"instock","10":"shipping-taxable","11":"product-type-simple"},"_links":{"self":[{"href":"https:\/\/snehascare.de\/en\/wp-json\/wp\/v2\/product\/2865","targetHints":{"allow":["GET"]}}],"collection":[{"href":"https:\/\/snehascare.de\/en\/wp-json\/wp\/v2\/product"}],"about":[{"href":"https:\/\/snehascare.de\/en\/wp-json\/wp\/v2\/types\/product"}],"wp:featuredmedia":[{"embeddable":true,"href":"https:\/\/snehascare.de\/en\/wp-json\/wp\/v2\/media\/8390"}],"wp:attachment":[{"href":"https:\/\/snehascare.de\/en\/wp-json\/wp\/v2\/media?parent=2865"}],"wp:term":[{"taxonomy":"product_brand","embeddable":true,"href":"https:\/\/snehascare.de\/en\/wp-json\/wp\/v2\/product_brand?post=2865"},{"taxonomy":"product_cat","embeddable":true,"href":"https:\/\/snehascare.de\/en\/wp-json\/wp\/v2\/product_cat?post=2865"},{"taxonomy":"product_tag","embeddable":true,"href":"https:\/\/snehascare.de\/en\/wp-json\/wp\/v2\/product_tag?post=2865"}],"curies":[{"name":"wp","href":"https:\/\/api.w.org\/{rel}","templated":true}]}}