{"id":2849,"date":"2019-04-13T20:05:51","date_gmt":"2019-04-13T18:05:51","guid":{"rendered":"https:\/\/snehacare.de\/?post_type=product&#038;p=2849"},"modified":"2022-06-04T16:56:39","modified_gmt":"2022-06-04T16:56:39","slug":"labby","status":"publish","type":"product","link":"https:\/\/snehascare.de\/en\/hund\/labby\/","title":{"rendered":"Labby"},"content":{"rendered":"<p><img fetchpriority=\"high\" decoding=\"async\" class=\"alignnone size-medium wp-image-8392 aligncenter\" src=\"http:\/\/snehascare.de\/wp-content\/uploads\/2019\/04\/Foto-27.03.22-11-43-06-245x300.jpg\" alt=\"\" width=\"245\" height=\"300\" \/><\/p>\n<p>Hallo mein Name ist Labby,<\/p>\n<p>&nbsp;<\/p>\n<p>ich bin eine liebe Labradorh\u00fcndin. Ich spiele f\u00fcr mein Leben gern, ob mit einem Ball oder einem Seil, mit allem was ich finden kann. Auf der Suche nach Spielm\u00f6glichkeiten streife ich gerne neugierig durch das Tierheim. Wenn ich nicht im vorderen Bereich bei den anderen Hunden bin, findet ihr mich im hinteren Teil bei den sch\u00fcchternen Hunden des Tierheims. Hier f\u00fchle ich mich wohl und habe meine Ruhe. Ich bin selbst eher sch\u00fcchtern und ruhig. Besucher denken daher oft, dass ich keine Menschen mag. Dabei liebe ich Menschen in meiner N\u00e4he, nur brauche ich l\u00e4nger, um zu vertrauen.<\/p>\n<p>&nbsp;<\/p>\n<p>Als Welpe lebt ich bei einer Familie, die mich leider aussetzten.\u00a0Verloren, verwirrt und voller Traurigkeit streifte ich\u00a0tagelang durch die Stra\u00dfen, ohne zu wissen, wohin ich gehen sollte. Ich wurde zu Sneha&#8217;s Care gebracht,\u00a0schwach und unterern\u00e4hrt. Durch die F\u00fcrsorge\u00a0erholte ich mich langsam und gewann meine Kraft zur\u00fcck.<\/p>\n<p>&nbsp;<\/p>\n<p>Hunde wie ich, die schon ausgewachsen sind, finden keine Familie in Nepal. Weil hier viele Hunde auf sich gestellt auf der Stra\u00dfe leben m\u00fcssen, k\u00f6nnen die Menschen sich einfach einen passenden Stra\u00dfenhund aussuchen &#8211; und das sind meist Welpen. In ein Tierheim muss daf\u00fcr niemand fahren.<\/p>\n<p>&nbsp;<\/p>\n<p>Mit Zazie habe ich eine liebe Patin gefunden und sage ganz herzlich DANKE!<\/p>\n<p>&nbsp;<\/p>\n<hr \/>\n<p>Hello my name is Labby,<\/p>\n<p>i am a lovely labrador. I love to play with everything I can find, whether with a ball or a rope. In search of play opportunities, I like to wander curiously through the animal shelter. If I&#8217;m not in the front area with the other dogs, you&#8217;ll find me in the back area with the shy dogs of the shelter. Here I feel good and have my peace.<\/p>\n<p>&nbsp;<\/p>\n<p>I&#8217;m rather shy and quiet myself. As a result, visitors often think that I don&#8217;t like people. I love people close to me, but it takes me longer to trust them.<\/p>\n<p>&nbsp;<\/p>\n<p>As a puppy I lived with a family who unfortunately abandoned me. Lost, confused, and filled with sadness, I roamed the streets for days without knowing where to go. I was brought to Sneha&#8217;s Care weak and malnourished. Through the care, I slowly recovered and regained my strength.<\/p>\n<p>&nbsp;<\/p>\n<p>Dogs like me that are grown up cannot find a family in Nepal. Because many dogs here have to live on their own on the street, people can simply choose a suitable street dog &#8211; and these are mostly puppies. Nobody has to go to an animal shelter for this.<\/p>\n<p>&nbsp;<\/p>\n<p>With Zazie I have found a dear sponsor and I say THANK YOU very much!<\/p>","protected":false},"excerpt":{"rendered":"<p>&nbsp;<\/p>\n<p>Gender: Female<\/p>\n<p>Born: 2018<\/p>\n<p>Farbe: beige<\/p>","protected":false},"featured_media":8392,"template":"","meta":[],"product_brand":[],"product_cat":[63],"product_tag":[],"class_list":{"0":"post-2849","1":"product","2":"type-product","3":"status-publish","4":"has-post-thumbnail","6":"product_cat-paten-gefunden","8":"first","9":"instock","10":"shipping-taxable","11":"product-type-simple"},"_links":{"self":[{"href":"https:\/\/snehascare.de\/en\/wp-json\/wp\/v2\/product\/2849","targetHints":{"allow":["GET"]}}],"collection":[{"href":"https:\/\/snehascare.de\/en\/wp-json\/wp\/v2\/product"}],"about":[{"href":"https:\/\/snehascare.de\/en\/wp-json\/wp\/v2\/types\/product"}],"wp:featuredmedia":[{"embeddable":true,"href":"https:\/\/snehascare.de\/en\/wp-json\/wp\/v2\/media\/8392"}],"wp:attachment":[{"href":"https:\/\/snehascare.de\/en\/wp-json\/wp\/v2\/media?parent=2849"}],"wp:term":[{"taxonomy":"product_brand","embeddable":true,"href":"https:\/\/snehascare.de\/en\/wp-json\/wp\/v2\/product_brand?post=2849"},{"taxonomy":"product_cat","embeddable":true,"href":"https:\/\/snehascare.de\/en\/wp-json\/wp\/v2\/product_cat?post=2849"},{"taxonomy":"product_tag","embeddable":true,"href":"https:\/\/snehascare.de\/en\/wp-json\/wp\/v2\/product_tag?post=2849"}],"curies":[{"name":"wp","href":"https:\/\/api.w.org\/{rel}","templated":true}]}}