{"id":2846,"date":"2019-04-13T19:11:36","date_gmt":"2019-04-13T17:11:36","guid":{"rendered":"https:\/\/snehacare.de\/?post_type=product&#038;p=2846"},"modified":"2022-05-29T16:52:54","modified_gmt":"2022-05-29T16:52:54","slug":"dean","status":"publish","type":"product","link":"https:\/\/snehascare.de\/en\/hund\/dean\/","title":{"rendered":"Dean"},"content":{"rendered":"<div class=\"\" dir=\"auto\">\n<div id=\"jsc_c_c3\" class=\"ecm0bbzt hv4rvrfc ihqw7lf3 dati1w0a\" data-ad-comet-preview=\"message\" data-ad-preview=\"message\">\n<div class=\"j83agx80 cbu4d94t ew0dbk1b irj2b8pg\">\n<div class=\"qzhwtbm6 knvmm38d\">\n<div class=\"kvgmc6g5 cxmmr5t8 oygrvhab hcukyx3x c1et5uql ii04i59q\">\n<div dir=\"auto\"><a href=\"http:\/\/snehascare.de\/wp-content\/uploads\/2019\/04\/IMG_6889-scaled.jpg\"><img fetchpriority=\"high\" decoding=\"async\" class=\"size-medium wp-image-8394 aligncenter\" src=\"http:\/\/snehascare.de\/wp-content\/uploads\/2019\/04\/IMG_6889-300x225.jpg\" alt=\"\" width=\"300\" height=\"225\" \/><\/a><\/div>\n<div dir=\"auto\">Unser Dean ist nach kurzer Krankheit von uns gegangen.<\/div>\n<\/div>\n<div dir=\"auto\"><\/div>\n<div class=\"o9v6fnle cxmmr5t8 oygrvhab hcukyx3x c1et5uql ii04i59q\">\n<div dir=\"auto\">Uns fehlen die Worte, wir haben nicht damit gerechnet, dich gehen lassen zu m\u00fcssen. Unseren Dean, unseren sanften stolzen Riesen. Du hast dich immer im hinteren Teil des Tierheimes mit deinen Hundefreunden aufgehalten. Hast den Hunden, die zu sch\u00fcchtern, zu traumatisiert waren, um sich im vorderen Teil des Tierheimes aufzuhalten, ein sicheres Gef\u00fchl gegeben. Du warst der &#8222;Chef&#8220; dieses Bereiches und hast dein Rudel dort gesch\u00fctzt. Durch deine Gr\u00f6\u00dfe mochtest du einsch\u00fcchternd wirken, dabei wolltest du immer nur Zuneigung und Schmuseeinheiten. Menschen mochtest du sehr.<\/div>\n<\/div>\n<div dir=\"auto\"><\/div>\n<div class=\"o9v6fnle cxmmr5t8 oygrvhab hcukyx3x c1et5uql ii04i59q\">\n<div dir=\"auto\">Es schmerzt uns zu sehen, dass die Mitgleider deines Rudels immer wieder in den vorderen Bereich kommen, um vergeblich nach dir zu suchen.<\/div>\n<\/div>\n<div class=\"o9v6fnle cxmmr5t8 oygrvhab hcukyx3x c1et5uql ii04i59q\">\n<div dir=\"auto\">Schweren Herzens verabschieden wir uns von unserem sanften Riesen und w\u00fcnschen ihm eine gute Reise \u00fcber die Regenbogenbr\u00fccke. M\u00f6gest du Frieden, Freude und Liebe finden. Wir sind dankbar f\u00fcr die Zeit, die wir mit dir hatten. Nicht nur deine Hundefreunde, auch wir werden dich sehr vermissen!<\/div>\n<div dir=\"auto\"><\/div>\n<\/div>\n<div class=\"o9v6fnle cxmmr5t8 oygrvhab hcukyx3x c1et5uql ii04i59q\">\n<div dir=\"auto\">Wir danken der lieben Laura, die ihn als Patin auf seinem Weg ein St\u00fcck begleitet hat!<\/div>\n<\/div>\n<div dir=\"auto\"><\/div>\n<div class=\"o9v6fnle cxmmr5t8 oygrvhab hcukyx3x c1et5uql ii04i59q\">\n<div dir=\"auto\">\u2014\u2014\u2014\u2014\u2014<\/div>\n<\/div>\n<div class=\"o9v6fnle cxmmr5t8 oygrvhab hcukyx3x c1et5uql ii04i59q\">\n<div dir=\"auto\">Our Dean left us after short illness.<\/div>\n<\/div>\n<div dir=\"auto\"><\/div>\n<div class=\"o9v6fnle cxmmr5t8 oygrvhab hcukyx3x c1et5uql ii04i59q\">\n<div dir=\"auto\">We didn&#8217;t expect to have to let you go so soon. Our Dean, our gentle proud giant. You always stayed in the back of the animal shelter with your dog friends. Made the dogs that were too shy, too traumatized to stay in the front of the shelter feel safe. You were the &#8222;boss&#8220; of this area and protected your pack there. Because of your size, you might have been intimidating, but all you wanted was affection and cuddling. You liked humans very much.<\/div>\n<\/div>\n<div class=\"o9v6fnle cxmmr5t8 oygrvhab hcukyx3x c1et5uql ii04i59q\">\n<div dir=\"auto\">It pains us to see that the members of your pack keep coming to the front to search for you in vain.<\/div>\n<\/div>\n<div dir=\"auto\"><\/div>\n<div class=\"o9v6fnle cxmmr5t8 oygrvhab hcukyx3x c1et5uql ii04i59q\">\n<div dir=\"auto\">With a heavy heart we say goodbye to our gentle giant and wish him a good journey over the Rainbow Bridge. May you find peace, joy and love. We are thankful for the time we had with you. Not only your dog friends, we will miss you too!<\/div>\n<\/div>\n<div dir=\"auto\"><\/div>\n<div class=\"o9v6fnle cxmmr5t8 oygrvhab hcukyx3x c1et5uql ii04i59q\">\n<div dir=\"auto\">We thank the dear Laura, who accompanied him a bit as a godmother on his way!<\/div>\n<\/div>\n<\/div>\n<\/div>\n<p>&#8212;&#8212;&#8212;&#8212;&#8212;&#8212;&#8212;&#8212;&#8212;&#8212;&#8212;&#8212;&#8212;&#8212;&#8212;&#8212;&#8212;&#8212;&#8212;&#8212;&#8212;&#8212;&#8212;&#8212;&#8212;&#8212;&#8212;&#8212;&#8212;&#8212;&#8212;&#8212;&#8212;&#8212;&#8212;&#8212;&#8212;&#8212;&#8212;&#8212;&#8212;&#8212;&#8212;&#8212;&#8212;&#8212;&#8212;&#8212;&#8212;&#8212;&#8212;&#8212;&#8212;&#8212;&#8212;&#8212;&#8212;&#8212;&#8212;&#8212;&#8212;&#8211;<\/p>\n<\/div>\n<\/div>\n<p>&nbsp;<\/p>\n<p>Hallo mein Name ist Dean.<\/p>\n<p>&nbsp;<\/p>\n<p>Das Leben auf der Stra\u00dfe hat mir ordentlich zugesetzt. Ich wurde von Sneha\u2018s Care im Februar 2018 v\u00f6llig ausgehungert und ausgemergelt gefunden. Als Rassehund vermutlich f\u00fcr die Zucht gebraucht. Dieses Video zeigt meinen damaligen Zustand:<\/p>\n<p>&nbsp;<\/p>\n<p><iframe src=\"\/\/www.youtube.com\/embed\/ylUZlZlUjLg\" width=\"560\" height=\"315\" frameborder=\"0\" allowfullscreen=\"allowfullscreen\"><\/iframe><\/p>\n<p>&nbsp;<\/p>\n<p>Mittlerweile geht es mir k\u00f6rperlich wieder gut, aber ich bin immer noch sehr \u00e4ngstlich und bleibe daher lieber im hinteren ruhigen Teil des Tierheims. Hier leistet mir h\u00e4ufig meine Labrador-Freundin Labby Gesellschaft. Ich bin ein ganz Lieber, brauche aber sehr viel Aufmerksamkeit und Zuneigung, damit ich diese Seite von mir zeigen kann.<\/p>\n<p>&nbsp;<\/p>\n<p>Hunde wie ich, die schon ausgewachsen und so sch\u00fcchtern sind, finden keine Familie in Nepal. Weil hier viele Hunde auf sich gestellt auf der Stra\u00dfe leben m\u00fcssen, k\u00f6nnen die Menschen sich einfach einen passenden Stra\u00dfenhund aussuchen &#8211; und das sind meist gesunde Welpen. In ein Tierheim muss daf\u00fcr niemand fahren.<\/p>\n<p>&nbsp;<\/p>\n<p>Mit Laura habe ich eine Patin mit Herz gefunden, daf\u00fcr bin ich dankbar!<\/p>\n<hr \/>\n<p><span data-tt=\"{}\">Hello my name is Dean. <\/span><\/p>\n<p><span data-tt=\"{}\">Life on the street has hit me hard. I was found completely starved and emaciated by Sneha&#8217;s Care in February 2018. Probably used as a pedigree dog for breeding. The video shows my condition at the time. <\/span><\/p>\n<p><span data-tt=\"{}\">I am now physically well, but I am still very scared and therefore prefer to stay in the quiet rear part of the shelter. My Labrador friend Labby often keeps me company here. I am very dear, but I need a lot of attention and affection so that I can show this side of myself. <\/span><\/p>\n<p><span data-tt=\"{}\">Dogs like me, which are already full-grown and so shy, cannot find a family in Nepal. Because many dogs have to live on the street on their own, people can simply choose a suitable street dog &#8211; and these are usually healthy puppies. Nobody has to go to an animal shelter. <\/span><\/p>\n<p><span data-tt=\"{}\">With Laura I have found a sponsor with a big heart, I am grateful for that!<\/span><\/p>\n<p>&nbsp;<\/p>","protected":false},"excerpt":{"rendered":"<p>Gender: Male<\/p>\n<p>Geboren: ca. 2014\/2015<\/p>\n<p>Verstorben: Juli 2020<\/p>\n<p>Colour: Brown<\/p>","protected":false},"featured_media":8394,"template":"","meta":[],"product_brand":[],"product_cat":[64],"product_tag":[],"class_list":{"0":"post-2846","1":"product","2":"type-product","3":"status-publish","4":"has-post-thumbnail","6":"product_cat-verstorben","8":"first","9":"instock","10":"shipping-taxable","11":"product-type-simple"},"_links":{"self":[{"href":"https:\/\/snehascare.de\/en\/wp-json\/wp\/v2\/product\/2846","targetHints":{"allow":["GET"]}}],"collection":[{"href":"https:\/\/snehascare.de\/en\/wp-json\/wp\/v2\/product"}],"about":[{"href":"https:\/\/snehascare.de\/en\/wp-json\/wp\/v2\/types\/product"}],"wp:featuredmedia":[{"embeddable":true,"href":"https:\/\/snehascare.de\/en\/wp-json\/wp\/v2\/media\/8394"}],"wp:attachment":[{"href":"https:\/\/snehascare.de\/en\/wp-json\/wp\/v2\/media?parent=2846"}],"wp:term":[{"taxonomy":"product_brand","embeddable":true,"href":"https:\/\/snehascare.de\/en\/wp-json\/wp\/v2\/product_brand?post=2846"},{"taxonomy":"product_cat","embeddable":true,"href":"https:\/\/snehascare.de\/en\/wp-json\/wp\/v2\/product_cat?post=2846"},{"taxonomy":"product_tag","embeddable":true,"href":"https:\/\/snehascare.de\/en\/wp-json\/wp\/v2\/product_tag?post=2846"}],"curies":[{"name":"wp","href":"https:\/\/api.w.org\/{rel}","templated":true}]}}