{"id":2809,"date":"2019-03-05T17:10:49","date_gmt":"2019-03-05T15:10:49","guid":{"rendered":"https:\/\/snehacare.de\/?post_type=product&#038;p=2809"},"modified":"2022-05-18T16:34:30","modified_gmt":"2022-05-18T16:34:30","slug":"kangaroo","status":"publish","type":"product","link":"https:\/\/snehascare.de\/en\/hund\/kangaroo\/","title":{"rendered":"Kangaroo"},"content":{"rendered":"<p><img fetchpriority=\"high\" decoding=\"async\" class=\"size-medium wp-image-8399 aligncenter\" src=\"http:\/\/snehascare.de\/wp-content\/uploads\/2019\/03\/2019-03-01-15.16.53-300x300.jpg\" alt=\"\" width=\"300\" height=\"300\" srcset=\"https:\/\/snehascare.de\/wp-content\/uploads\/2019\/03\/2019-03-01-15.16.53-300x300.jpg 300w, https:\/\/snehascare.de\/wp-content\/uploads\/2019\/03\/2019-03-01-15.16.53-1024x1024.jpg 1024w, https:\/\/snehascare.de\/wp-content\/uploads\/2019\/03\/2019-03-01-15.16.53-150x150.jpg 150w, https:\/\/snehascare.de\/wp-content\/uploads\/2019\/03\/2019-03-01-15.16.53-768x768.jpg 768w, https:\/\/snehascare.de\/wp-content\/uploads\/2019\/03\/2019-03-01-15.16.53-1536x1536.jpg 1536w, https:\/\/snehascare.de\/wp-content\/uploads\/2019\/03\/2019-03-01-15.16.53-650x650.jpg 650w, https:\/\/snehascare.de\/wp-content\/uploads\/2019\/03\/2019-03-01-15.16.53-1300x1300.jpg 1300w, https:\/\/snehascare.de\/wp-content\/uploads\/2019\/03\/2019-03-01-15.16.53-600x600.jpg 600w, https:\/\/snehascare.de\/wp-content\/uploads\/2019\/03\/2019-03-01-15.16.53-100x100.jpg 100w, https:\/\/snehascare.de\/wp-content\/uploads\/2019\/03\/2019-03-01-15.16.53.jpg 1600w\" sizes=\"(max-width: 300px) 100vw, 300px\" \/><\/p>\n<p>&nbsp;<\/p>\n<p class=\"p1\"><span class=\"s2\">Auf Wiedersehen lieber Kangaroo!<\/span><\/p>\n<p class=\"p1\"><span class=\"s2\">Wir mussten von dir schweren Herzens Abschied nehmen. <\/span><\/p>\n<p class=\"p1\"><span class=\"s2\">Dein ulkiges Bellen und dein flauschiges Fell wird uns liebevoll in Erinnerung bleiben. Wir konnten dich nie davon abbringen auf die K\u00e4fige zu klettern, wo du es dir mit deinen Freunden und Decken immer gem\u00fctlich gemacht hast.<\/span><\/p>\n<p class=\"p1\"><span class=\"s2\">Leider konnten wir dich vor Gelbsucht und dem Versagen deiner Nieren nicht retten. Trotz all unseren Bem\u00fchungen. <\/span><\/p>\n<p class=\"p1\"><span class=\"s2\">Zwei Jahre warst du bei uns und hast einen Pfotenabdruck in unseren Herzen hinterlassen. Wir w\u00fcnschen dir eine gute Reise \u00fcber die Regenbogenbr\u00fccke. <\/span><\/p>\n<p class=\"p1\"><span class=\"s2\">Du wirst uns fehlen! <\/span><\/p>\n<p>Danke liebe Petra, dass du ihn als Patin auf seinem Weg begleitet hast!<\/p>","protected":false},"excerpt":{"rendered":"<p>Gender: Male<br \/>\nGeboren: unbekannt<\/p>\n<p>Verstorben: September 2019<br \/>\nFarbe: beige<\/p>","protected":false},"featured_media":8399,"template":"","meta":[],"product_brand":[],"product_cat":[64],"product_tag":[],"class_list":{"0":"post-2809","1":"product","2":"type-product","3":"status-publish","4":"has-post-thumbnail","6":"product_cat-verstorben","8":"first","9":"instock","10":"shipping-taxable","11":"product-type-simple"},"_links":{"self":[{"href":"https:\/\/snehascare.de\/en\/wp-json\/wp\/v2\/product\/2809","targetHints":{"allow":["GET"]}}],"collection":[{"href":"https:\/\/snehascare.de\/en\/wp-json\/wp\/v2\/product"}],"about":[{"href":"https:\/\/snehascare.de\/en\/wp-json\/wp\/v2\/types\/product"}],"wp:featuredmedia":[{"embeddable":true,"href":"https:\/\/snehascare.de\/en\/wp-json\/wp\/v2\/media\/8399"}],"wp:attachment":[{"href":"https:\/\/snehascare.de\/en\/wp-json\/wp\/v2\/media?parent=2809"}],"wp:term":[{"taxonomy":"product_brand","embeddable":true,"href":"https:\/\/snehascare.de\/en\/wp-json\/wp\/v2\/product_brand?post=2809"},{"taxonomy":"product_cat","embeddable":true,"href":"https:\/\/snehascare.de\/en\/wp-json\/wp\/v2\/product_cat?post=2809"},{"taxonomy":"product_tag","embeddable":true,"href":"https:\/\/snehascare.de\/en\/wp-json\/wp\/v2\/product_tag?post=2809"}],"curies":[{"name":"wp","href":"https:\/\/api.w.org\/{rel}","templated":true}]}}