{"id":2793,"date":"2019-03-05T16:43:09","date_gmt":"2019-03-05T14:43:09","guid":{"rendered":"https:\/\/snehacare.de\/?post_type=product&#038;p=2793"},"modified":"2022-05-29T16:53:58","modified_gmt":"2022-05-29T16:53:58","slug":"kuro","status":"publish","type":"product","link":"https:\/\/snehascare.de\/en\/hund\/kuro\/","title":{"rendered":"Kuro"},"content":{"rendered":"<div dir=\"auto\"><img fetchpriority=\"high\" decoding=\"async\" class=\"size-medium wp-image-8402 aligncenter\" src=\"http:\/\/snehascare.de\/wp-content\/uploads\/2019\/03\/Foto-15.10.20-20-28-36-300x221.jpg\" alt=\"\" width=\"300\" height=\"221\" \/><\/div>\n<div dir=\"auto\"><\/div>\n<div class=\"kvgmc6g5 cxmmr5t8 oygrvhab hcukyx3x c1et5uql ii04i59q\">\n<div dir=\"auto\">Abschied von Kuro, der am 15.10. aufgrund von Nierenversagen von uns ging:<\/div>\n<div dir=\"auto\"><\/div>\n<div dir=\"auto\"><\/div>\n<div dir=\"auto\">Mir gebrochenen Herzen verabschieden wir uns von unserem lebenslustigen Kuro.<\/div>\n<\/div>\n<div class=\"o9v6fnle cxmmr5t8 oygrvhab hcukyx3x c1et5uql ii04i59q\">\n<div dir=\"auto\">Wir erinnern uns noch an den Tag, an dem du in unser Tierheim gebracht wurdest. Du warst nur ein paar Monate alt, mit einer schweren Hautkrankheit, schwach und dehydriert.<\/div>\n<\/div>\n<div class=\"o9v6fnle cxmmr5t8 oygrvhab hcukyx3x c1et5uql ii04i59q\">\n<div dir=\"auto\">Die Hautkrankheit hat dich gezeichnet, dein Fell ist leider nie wieder richtig nachgewachsen. Deswegen hatten viele Besucher Hemmungen dich zu ber\u00fchren. Dabei wolltest du nichts weiter als Schmusen, Spielen, Liebe und Zuneigung. Die hast du von Volunteers und uns umso mehr erhalten.<\/div>\n<\/div>\n<div class=\"o9v6fnle cxmmr5t8 oygrvhab hcukyx3x c1et5uql ii04i59q\">\n<div dir=\"auto\">Wir vermissen unseren quirligen und lustigen Kuro, der uns soviel Freude geschenkt hat.<\/div>\n<\/div>\n<div class=\"o9v6fnle cxmmr5t8 oygrvhab hcukyx3x c1et5uql ii04i59q\">\n<div dir=\"auto\">Wir danken seinen Patinnen Sabine und Eleonore, die sich nicht von seiner Optik haben blenden lassen. Sie haben das in ihm gesehen, was er war, besonders!<\/div>\n<\/div>\n<div class=\"o9v6fnle cxmmr5t8 oygrvhab hcukyx3x c1et5uql ii04i59q\">\n<div dir=\"auto\">Wir w\u00fcnschen dir eine gute Reise \u00fcber die Regenbogenbr\u00fccke! M\u00f6ge das Gras auf der anderen Seite gr\u00fcner sein.<\/div>\n<\/div>\n<div dir=\"auto\"><\/div>\n<div class=\"o9v6fnle cxmmr5t8 oygrvhab hcukyx3x c1et5uql ii04i59q\">\n<div dir=\"auto\">\u2014\u2014\u2014\u2014\u2014\u2014-<\/div>\n<\/div>\n<div class=\"o9v6fnle cxmmr5t8 oygrvhab hcukyx3x c1et5uql ii04i59q\">\n<div dir=\"auto\">With a broken heart, we say goodbye to our fun-loving Kuro.<\/div>\n<\/div>\n<div class=\"o9v6fnle cxmmr5t8 oygrvhab hcukyx3x c1et5uql ii04i59q\">\n<div dir=\"auto\">We still remember the day you were brought to our shelter. You were only a few months old, with a serious skin condition, weak, and dehydrated.<\/div>\n<\/div>\n<div class=\"o9v6fnle cxmmr5t8 oygrvhab hcukyx3x c1et5uql ii04i59q\">\n<div dir=\"auto\">The skin disease has drawn you, unfortunately your fur never grew back properly. Because of this, many visitors were reluctant to touch you. All you wanted was cuddling, playing, love and affection. But You got this all from our volunteers and us.<\/div>\n<\/div>\n<div class=\"o9v6fnle cxmmr5t8 oygrvhab hcukyx3x c1et5uql ii04i59q\">\n<div dir=\"auto\">We miss our lively and funny Kuro, who gave us so much joy.<\/div>\n<\/div>\n<div class=\"o9v6fnle cxmmr5t8 oygrvhab hcukyx3x c1et5uql ii04i59q\">\n<div dir=\"auto\">We thank his sponsors Sabine and Eleonore, who were not blinded by its optics. You saw what he was in him, special!<\/div>\n<\/div>\n<div class=\"o9v6fnle cxmmr5t8 oygrvhab hcukyx3x c1et5uql ii04i59q\">\n<div dir=\"auto\">We wish you a good trip over the Rainbow Bridge! May the grass be greener on the other side.<\/div>\n<\/div>\n<p>&nbsp;<\/p>\n<p>&nbsp;<\/p>\n<hr \/>\n<p>Hallo ich bin Kuro,<\/p>\n<p>&nbsp;<\/p>\n<p>Ich bin mit einer schlimmen Hautkrankheit ins Tierheim gekommen. Meine Haut juckte ganz f\u00fcrchterlich, ich hatte sie mir bereits blutig gekratzt. Hier werde ich zum Gl\u00fcck behandelt, so dass es mir bald besser gehen wird.<\/p>\n<p>&nbsp;<\/p>\n<p>Leider w\u00e4chst mein Fell nur sehr langsam nach. Deswegen sehe ich noch so ulkig aus. Wegen meiner Erscheinung werde ich oft gemieden, dabei liebe ich es zu kuscheln. \u00dcber Zuneigung freue ich mich sehr.<\/p>\n<p>&nbsp;<\/p>\n<p>Hunde wie ich, die schon ausgewachsen sind, dazu noch schwarzes Fell bzw. keines haben, finden keine Familie in Nepal. Weil viele Hunde auf sich gestellt auf der Stra\u00dfe leben m\u00fcssen, k\u00f6nnen die Menschen sich einfach einen Stra\u00dfenhund aussuchen &#8211; und das sind meist gesunde Welpen. In ein Tierheim muss daf\u00fcr niemand fahren. Aufgrund meiner Erscheinung und dunklen Fellfarbe habe ich keine Chance, ein eigenes Zuhause zu finden.<\/p>\n<p>&nbsp;<\/p>\n<p>Mit Sabine und Eleonore habe ich ganz liebe Jahrespaten gefunden und sage herzlichst DANKE!<\/p>\n<p>&nbsp;<\/p>","protected":false},"excerpt":{"rendered":"<p>Gender: Male<br \/>\nGeboren: unbekannt<\/p>\n<p>Verstorben: 15.10.2020<\/p>\n<p>Colour: black<\/p>","protected":false},"featured_media":8402,"template":"","meta":[],"product_brand":[],"product_cat":[64],"product_tag":[],"class_list":{"0":"post-2793","1":"product","2":"type-product","3":"status-publish","4":"has-post-thumbnail","6":"product_cat-verstorben","8":"first","9":"instock","10":"shipping-taxable","11":"product-type-simple"},"_links":{"self":[{"href":"https:\/\/snehascare.de\/en\/wp-json\/wp\/v2\/product\/2793","targetHints":{"allow":["GET"]}}],"collection":[{"href":"https:\/\/snehascare.de\/en\/wp-json\/wp\/v2\/product"}],"about":[{"href":"https:\/\/snehascare.de\/en\/wp-json\/wp\/v2\/types\/product"}],"wp:featuredmedia":[{"embeddable":true,"href":"https:\/\/snehascare.de\/en\/wp-json\/wp\/v2\/media\/8402"}],"wp:attachment":[{"href":"https:\/\/snehascare.de\/en\/wp-json\/wp\/v2\/media?parent=2793"}],"wp:term":[{"taxonomy":"product_brand","embeddable":true,"href":"https:\/\/snehascare.de\/en\/wp-json\/wp\/v2\/product_brand?post=2793"},{"taxonomy":"product_cat","embeddable":true,"href":"https:\/\/snehascare.de\/en\/wp-json\/wp\/v2\/product_cat?post=2793"},{"taxonomy":"product_tag","embeddable":true,"href":"https:\/\/snehascare.de\/en\/wp-json\/wp\/v2\/product_tag?post=2793"}],"curies":[{"name":"wp","href":"https:\/\/api.w.org\/{rel}","templated":true}]}}