{"id":2746,"date":"2018-12-30T20:49:13","date_gmt":"2018-12-30T18:49:13","guid":{"rendered":"https:\/\/snehacare.de\/?post_type=product&#038;p=2746"},"modified":"2025-05-03T17:01:47","modified_gmt":"2025-05-03T17:01:47","slug":"chauri","status":"publish","type":"product","link":"https:\/\/snehascare.de\/en\/hund\/chauri\/","title":{"rendered":"Chauri"},"content":{"rendered":"<p><img fetchpriority=\"high\" decoding=\"async\" class=\"size-medium wp-image-8400 aligncenter\" src=\"http:\/\/snehascare.de\/wp-content\/uploads\/2018\/12\/Foto-29.03.22-18-11-06-300x225.jpg\" alt=\"\" width=\"300\" height=\"225\" \/><\/p>\n<p>**Hallo, mein Name ist Chauri!** \ud83d\udc3e<\/p>\n<p>&nbsp;<\/p>\n<p>Ich wurde wegen massiver Hautprobleme ins Tierheim gebracht \u2013 zu meinem Gl\u00fcck, denn jetzt geht es mir gut! Ich liebe es zu spielen und zu toben und bin ein quirliger kleiner Wirbelwind. Die gro\u00dfen Hunde machen mir manchmal noch ein wenig Angst, deshalb halte ich mich lieber von ihnen fern. Daf\u00fcr freue ich mich umso mehr \u00fcber jeden Besucher, der mit mir spielt, mich streichelt oder mich einfach in den Arm nimmt.<\/p>\n<p>&nbsp;<\/p>\n<p>Obwohl ich so klein bin, flitze ich liebend gern durch den Au\u00dfenbereich, immer voller Energie und Freude. Es macht mir riesigen Spa\u00df zu rennen und zu spielen \u2013 und dabei zeige ich, was f\u00fcr ein Sonnenschein ich bin.<\/p>\n<p>&nbsp;<\/p>\n<p>Hunde wie ich, die schon ausgewachsen und schwarz sind, finden fast nie eine Familie in Nepal. Hier suchen sich die Menschen meist direkt auf der Stra\u00dfe einen Hund aus \u2013 und das sind oft s\u00fc\u00dfe, kleine Welpen. Ins Tierheim kommen sie daf\u00fcr selten. Deshalb werde ich wahrscheinlich dauerhaft hier bleiben.<\/p>\n<p>&nbsp;<\/p>\n<p>Ich danke Eva von Herzen, dass sie mich als ihre Patinh\u00fcndin auserw\u00e4hlt hat!<\/p>\n<p>Ihre Patenschaft macht einen gro\u00dfen Unterschied in meinem Leben und schenkt mir Sicherheit, Liebe und Hoffnung.<\/p>\n<p>&nbsp;<\/p>\n<p>Mit einem freudigen Schwanzwedeln,<br \/>\ndeine Chauri \ud83d\udc3e<\/p>\n<p>&nbsp;<\/p>\n<hr \/>\n<p>**Hello, my name is Chauri!** \ud83d\udc3e<\/p>\n<p>I was brought to the animal shelter because of severe skin problems &#8211; luckily for me, because I&#8217;m fine now! I love to play and romp around and am a lively little whirlwind. The big dogs sometimes still scare me a little, so I prefer to stay away from them. But I&#8217;m all the more happy about every visitor who plays with me, strokes me or just hugs me.<\/p>\n<p>Even though I&#8217;m so small, I love to run around the outdoor area, always full of energy and joy. I really enjoy running and playing &#8211; and in doing so I show what a ray of sunshine I am.<\/p>\n<p>Dogs like me, who are already fully grown and black, almost never find a family in Nepal. Here, people usually choose a dog directly on the street &#8211; and these are often cute little puppies. They rarely end up in the animal shelter. That&#8217;s why I&#8217;ll probably stay here permanently.<\/p>\n<p>I thank Eva from the bottom of my heart for choosing me as her sponsor dog!<br data-start=\"133\" data-end=\"136\" \/>Her sponsorship makes a big difference in my life and gives me security, love, and hope.<\/p>\n<p>With a happy wag of the tail,<\/p>\n<p>your Chauri \ud83d\udc3e<\/p>\n<p>&nbsp;<\/p>\n<p>&nbsp;<\/p>\n<p>Bank Account Sneha's Care Deutschland e.V.<\/p>\n<p>Germany - Bank f\u00fcr Sozialwirtschaft<\/p>\n<p>IBAN: DE96 3702 0500 0001 6055 00<\/p>\n<p>BIC: BFSWDE33XXX<\/p>\n<p>&nbsp;<\/p>","protected":false},"excerpt":{"rendered":"<p>Gender: Female<br \/>\nBorn: 2017<br \/>\nFarbe: schwarz wei\u00df<\/p>","protected":false},"featured_media":8400,"template":"","meta":[],"product_brand":[],"product_cat":[63],"product_tag":[],"class_list":{"0":"post-2746","1":"product","2":"type-product","3":"status-publish","4":"has-post-thumbnail","6":"product_cat-paten-gefunden","8":"first","9":"instock","10":"shipping-taxable","11":"product-type-simple"},"_links":{"self":[{"href":"https:\/\/snehascare.de\/en\/wp-json\/wp\/v2\/product\/2746","targetHints":{"allow":["GET"]}}],"collection":[{"href":"https:\/\/snehascare.de\/en\/wp-json\/wp\/v2\/product"}],"about":[{"href":"https:\/\/snehascare.de\/en\/wp-json\/wp\/v2\/types\/product"}],"wp:featuredmedia":[{"embeddable":true,"href":"https:\/\/snehascare.de\/en\/wp-json\/wp\/v2\/media\/8400"}],"wp:attachment":[{"href":"https:\/\/snehascare.de\/en\/wp-json\/wp\/v2\/media?parent=2746"}],"wp:term":[{"taxonomy":"product_brand","embeddable":true,"href":"https:\/\/snehascare.de\/en\/wp-json\/wp\/v2\/product_brand?post=2746"},{"taxonomy":"product_cat","embeddable":true,"href":"https:\/\/snehascare.de\/en\/wp-json\/wp\/v2\/product_cat?post=2746"},{"taxonomy":"product_tag","embeddable":true,"href":"https:\/\/snehascare.de\/en\/wp-json\/wp\/v2\/product_tag?post=2746"}],"curies":[{"name":"wp","href":"https:\/\/api.w.org\/{rel}","templated":true}]}}