{"id":2198,"date":"2018-09-14T16:38:31","date_gmt":"2018-09-14T16:38:31","guid":{"rendered":"https:\/\/snehacare.de\/?post_type=product&#038;p=2198"},"modified":"2022-05-29T16:55:53","modified_gmt":"2022-05-29T16:55:53","slug":"maya","status":"publish","type":"product","link":"https:\/\/snehascare.de\/en\/hund\/maya\/","title":{"rendered":"Maya"},"content":{"rendered":"<p><img fetchpriority=\"high\" decoding=\"async\" class=\"size-medium wp-image-8382 aligncenter\" src=\"http:\/\/snehascare.de\/wp-content\/uploads\/2018\/09\/Foto-22.11.20-08-54-15-300x225.jpg\" alt=\"\" width=\"300\" height=\"225\" \/><\/p>\n<p><span data-tt=\"{}\">Abschied von Maya <\/span><\/p>\n<p><span data-tt=\"{}\">Schweren Herzens verabschieden wir uns von unserer ruhigen und lieben Seniorin Maya. Wir k\u00f6nnen noch immer nicht fassen, dass du nicht mehr bei uns bist. Unsere Maya war taub und hielt sich daher am liebsten im unteren Bereich des Tierheimes auf. Hier konnte sie gleich jeden Besucher in Augenschein nehmen. Mit ihrer ruhigen Art lie\u00df sie sich nie aus der Ruhe bringen und geno\u00df jede Zuwendung und jeden Sonnenstrahl sehr. <\/span><\/p>\n<p><span data-tt=\"{&quot;paragraphStyle&quot;:{&quot;alignment&quot;:4,&quot;style&quot;:3}}\">Wir werden dich vermissen Maya, unsere ruhige Seele und die H\u00fcndin mit der sch\u00f6nsten Frisur. M\u00f6gen dich auf der anderen Seite der Regenbogenbr\u00fccke gr\u00fcne Wiesen und viele Leckerlies erwarten. <\/span><\/p>\n<p><span data-tt=\"{}\">Wir danken Stephanie, die unsere Maya als Patin auf ihrem Weg begleitet hat. <\/span><\/p>\n<p><span data-tt=\"{}\">&#8212;&#8212;&#8212;&#8212;&#8212;&#8212;&#8212;&#8212;&#8212;&#8211; <\/span><\/p>\n<p><span data-tt=\"{}\">Farewell to Maya <\/span><\/p>\n<p><span data-tt=\"{}\">With a heavy heart we say goodbye to our calm and loving senior Maya. We still can&#8217;t believe you&#8217;re not with us anymore. Our Maya was deaf and therefore preferred to stay in the lower area of \u200b\u200bthe shelter. Here she could take a look at every visitor. With her calm manner she never let herself be disturbed and enjoyed every affection and every ray of sunshine very much. <\/span><\/p>\n<p><span data-tt=\"{}\">We will miss you Maya, our calm soul and the dog with the most beautiful hairstyle. May green meadows and lots of goodies wait for you on the other side of the Rainbow Bridge. <\/span><\/p>\n<p><span data-tt=\"{}\">We thank Stephanie, who accompanied our Maya as sponsor on her way.<\/span><\/p>\n<p>&nbsp;<\/p>\n<hr \/>\n<hr \/>\n<p>&nbsp;<\/p>\n<p>&nbsp;<\/p>\n<p><!--more-->Hallo mein Name ist Maya.<\/p>\n<p>&nbsp;<\/p>\n<p>Ich bin eine ruhige, fitte Seniorin bei Sneha\u2018s Care. Anfang 2018 wurde ich gerettet. Mein Geh\u00f6r habe ich leider durch einen Madenbefall verloren, meine Freude hier aber wieder gefunden. Im Tierheim erfahre ich Liebe und F\u00fcrsorge. Menschliche N\u00e4he genie\u00dfe ich sehr.<\/p>\n<p>&nbsp;<\/p>\n<p>Mitte September 2018 musste mir ein weiterer Tumor entfernt werden. Das habe ich dank der F\u00fcrsorge des Teams gut \u00fcberstanden.<\/p>\n<p>&nbsp;<\/p>\n<p>Hunde wie ich, die schon ausgewachsen sind, finden keine Familie in Nepal. Weil hier viele Hunde auf sich gestellt auf der Stra\u00dfe leben m\u00fcssen, k\u00f6nnen die Menschen sich einen Stra\u00dfenhund aussuchen &#8211; und das sind meist gesunde Welpen. In ein Tierheim muss daf\u00fcr niemand fahren. In meinem Alter und wegen meiner Taubheit werde ich kein neues Heim mehr finden.<\/p>\n<p>&nbsp;<\/p>\n<p>Mit Stephanie habe ich aber eine liebe Patin gefunden, dar\u00fcber freue ich mich sehr!<\/p>\n<hr \/>\n<p>&nbsp;<\/p>\n<p>Hello my name is Maya.<\/p>\n<p>I am a calm, fit senior at Sneha\u2019s Care. I was saved in early 2018. Unfortunately I lost my hearing due to a maggot infestation, but found my joy here again. I experience love and care in the shelter. I enjoy human closeness very much.<\/p>\n<p>Another tumor had to be removed in mid-September 2018. Thanks to the care of the team, I survived this well.<\/p>\n<p>Dogs like me that are fully grown cannot find a family in Nepal. Because many dogs have to live on the street on their own, people can choose a street dog &#8211; and these are usually healthy puppies. Nobody has to go to an animal shelter. At my age and because of my deafness, I will not find a new home.<\/p>\n<p>Do you want to be my sponsor?<\/p>\n<p>You will receive a sponsorship certificate and a regular update on my development, as well as a tax-effective donation receipt. The sponsorship can of course be ended at any time. If you have any questions, please contact the team.<\/p>\n<p>In Stephanie I found a lovely sponsor, I am very happy about that!<\/p>","protected":false},"excerpt":{"rendered":"<p>Gender: Female<br \/>\nGeboren: ca. 2010<br \/>\nFarbe: braun, schwarz<\/p>\n<p>Verstorben: November 2020<\/p>","protected":false},"featured_media":8382,"template":"","meta":[],"product_brand":[],"product_cat":[64],"product_tag":[],"class_list":{"0":"post-2198","1":"product","2":"type-product","3":"status-publish","4":"has-post-thumbnail","6":"product_cat-verstorben","8":"first","9":"instock","10":"shipping-taxable","11":"product-type-simple"},"_links":{"self":[{"href":"https:\/\/snehascare.de\/en\/wp-json\/wp\/v2\/product\/2198","targetHints":{"allow":["GET"]}}],"collection":[{"href":"https:\/\/snehascare.de\/en\/wp-json\/wp\/v2\/product"}],"about":[{"href":"https:\/\/snehascare.de\/en\/wp-json\/wp\/v2\/types\/product"}],"wp:featuredmedia":[{"embeddable":true,"href":"https:\/\/snehascare.de\/en\/wp-json\/wp\/v2\/media\/8382"}],"wp:attachment":[{"href":"https:\/\/snehascare.de\/en\/wp-json\/wp\/v2\/media?parent=2198"}],"wp:term":[{"taxonomy":"product_brand","embeddable":true,"href":"https:\/\/snehascare.de\/en\/wp-json\/wp\/v2\/product_brand?post=2198"},{"taxonomy":"product_cat","embeddable":true,"href":"https:\/\/snehascare.de\/en\/wp-json\/wp\/v2\/product_cat?post=2198"},{"taxonomy":"product_tag","embeddable":true,"href":"https:\/\/snehascare.de\/en\/wp-json\/wp\/v2\/product_tag?post=2198"}],"curies":[{"name":"wp","href":"https:\/\/api.w.org\/{rel}","templated":true}]}}