{"id":1963,"date":"2018-09-08T16:35:59","date_gmt":"2018-09-08T16:35:59","guid":{"rendered":"https:\/\/snehacare.de\/?post_type=product&amp;p=1963"},"modified":"2018-09-08T16:35:59","modified_gmt":"2018-09-08T16:35:59","slug":"awareness-aufklaerung-nepal","status":"publish","type":"product","link":"https:\/\/snehascare.de\/en\/hund\/awareness-aufklaerung-nepal\/","title":{"rendered":"Aufkl\u00e4rungsarbeit in Nepal"},"content":{"rendered":"","protected":false},"excerpt":{"rendered":"<p><span id=\"m_-6944697080576600880gmail-docs-internal-guid-d4528545-7fff-bb71-dd17-37c4f4fe1245\">Mit Ihrer Spende tragen Sie dazu bei, dass diese wichtige Arbeit auch weiterhin geleistet werden kann und gen\u00fcgend Info-Material zur Verf\u00fcgung steht. Somit leisten Sie nicht nur einen Beitrag f\u00fcr den Moment, sondern sorgen auch f\u00fcr eine bessere Zukunft f\u00fcr Nepals Tiere.<\/span><\/p>\n<p><a class=\"fasc-button fasc-size-xlarge fasc-type-flat fasc-rounded-medium\" style=\"background-color: #078f15; color: #ffffff;\" href=\"\/en\/spendenformular\/\">DONATE NOW<\/a><\/p>","protected":false},"featured_media":2395,"template":"","meta":[],"product_brand":[],"product_cat":[67],"product_tag":[],"class_list":{"0":"post-1963","1":"product","2":"type-product","3":"status-publish","4":"has-post-thumbnail","6":"product_cat-spenden","8":"first","9":"instock","10":"shipping-taxable","11":"purchasable","12":"product-type-simple"},"_links":{"self":[{"href":"https:\/\/snehascare.de\/en\/wp-json\/wp\/v2\/product\/1963","targetHints":{"allow":["GET"]}}],"collection":[{"href":"https:\/\/snehascare.de\/en\/wp-json\/wp\/v2\/product"}],"about":[{"href":"https:\/\/snehascare.de\/en\/wp-json\/wp\/v2\/types\/product"}],"wp:featuredmedia":[{"embeddable":true,"href":"https:\/\/snehascare.de\/en\/wp-json\/"}],"wp:attachment":[{"href":"https:\/\/snehascare.de\/en\/wp-json\/wp\/v2\/media?parent=1963"}],"wp:term":[{"taxonomy":"product_brand","embeddable":true,"href":"https:\/\/snehascare.de\/en\/wp-json\/wp\/v2\/product_brand?post=1963"},{"taxonomy":"product_cat","embeddable":true,"href":"https:\/\/snehascare.de\/en\/wp-json\/wp\/v2\/product_cat?post=1963"},{"taxonomy":"product_tag","embeddable":true,"href":"https:\/\/snehascare.de\/en\/wp-json\/wp\/v2\/product_tag?post=1963"}],"curies":[{"name":"wp","href":"https:\/\/api.w.org\/{rel}","templated":true}]}}