{"id":1954,"date":"2018-09-08T16:09:14","date_gmt":"2018-09-08T16:09:14","guid":{"rendered":"https:\/\/snehacare.de\/?post_type=product&amp;p=1954"},"modified":"2018-09-08T16:09:14","modified_gmt":"2018-09-08T16:09:14","slug":"spende-fuer-eine-leine-mit-halsband","status":"publish","type":"product","link":"https:\/\/snehascare.de\/en\/hund\/spende-fuer-eine-leine-mit-halsband\/","title":{"rendered":"Spende f\u00fcr eine Leine mit Halsband"},"content":{"rendered":"","protected":false},"excerpt":{"rendered":"<p><span id=\"m_-6944697080576600880gmail-docs-internal-guid-d4528545-7fff-bb71-dd17-37c4f4fe1245\">Eine Leine geh\u00f6rt zur essentiellen Ausstattung. Da die Gelder aber oft f\u00fcr Notf\u00e4lle ben\u00f6tigt werden, sind diese oft nur provisorisch und nicht optimal f\u00fcr die Hunde. Mit Ihrer Hilfe k\u00f6nnen wir in eine gute Ausstattung investieren.&nbsp;<\/span><\/p>\n<p><a class=\"fasc-button fasc-size-xlarge fasc-type-flat fasc-rounded-medium\" style=\"background-color: #078f15; color: #ffffff;\" href=\"\/en\/spendenformular\/\">DONATE NOW<\/a><\/p>","protected":false},"featured_media":2406,"template":"","meta":[],"product_brand":[],"product_cat":[67],"product_tag":[],"class_list":{"0":"post-1954","1":"product","2":"type-product","3":"status-publish","4":"has-post-thumbnail","6":"product_cat-spenden","8":"first","9":"instock","10":"shipping-taxable","11":"purchasable","12":"product-type-simple"},"_links":{"self":[{"href":"https:\/\/snehascare.de\/en\/wp-json\/wp\/v2\/product\/1954","targetHints":{"allow":["GET"]}}],"collection":[{"href":"https:\/\/snehascare.de\/en\/wp-json\/wp\/v2\/product"}],"about":[{"href":"https:\/\/snehascare.de\/en\/wp-json\/wp\/v2\/types\/product"}],"wp:featuredmedia":[{"embeddable":true,"href":"https:\/\/snehascare.de\/en\/wp-json\/"}],"wp:attachment":[{"href":"https:\/\/snehascare.de\/en\/wp-json\/wp\/v2\/media?parent=1954"}],"wp:term":[{"taxonomy":"product_brand","embeddable":true,"href":"https:\/\/snehascare.de\/en\/wp-json\/wp\/v2\/product_brand?post=1954"},{"taxonomy":"product_cat","embeddable":true,"href":"https:\/\/snehascare.de\/en\/wp-json\/wp\/v2\/product_cat?post=1954"},{"taxonomy":"product_tag","embeddable":true,"href":"https:\/\/snehascare.de\/en\/wp-json\/wp\/v2\/product_tag?post=1954"}],"curies":[{"name":"wp","href":"https:\/\/api.w.org\/{rel}","templated":true}]}}