{"id":1951,"date":"2018-09-08T16:01:50","date_gmt":"2018-09-08T16:01:50","guid":{"rendered":"https:\/\/snehacare.de\/?post_type=product&amp;p=1951"},"modified":"2018-09-08T16:01:50","modified_gmt":"2018-09-08T16:01:50","slug":"spende-fuer-futter-fuer-eine-woche-fuer-einen-hund","status":"publish","type":"product","link":"https:\/\/snehascare.de\/en\/hund\/spende-fuer-futter-fuer-eine-woche-fuer-einen-hund\/","title":{"rendered":"Spende f\u00fcr Futter f\u00fcr eine Woche f\u00fcr einen Hund"},"content":{"rendered":"","protected":false},"excerpt":{"rendered":"<p>Dank Ihrer Spende kann ein Hund eine Woche lang mit Nahrung versorgt werden.<\/p>\n<p><a class=\"fasc-button fasc-size-xlarge fasc-type-flat fasc-rounded-medium\" style=\"background-color: #078f15; color: #ffffff;\" href=\"\/en\/spendenformular\/\">DONATE NOW<\/a><\/p>","protected":false},"featured_media":2403,"template":"","meta":[],"product_brand":[],"product_cat":[67],"product_tag":[],"class_list":{"0":"post-1951","1":"product","2":"type-product","3":"status-publish","4":"has-post-thumbnail","6":"product_cat-spenden","8":"first","9":"instock","10":"shipping-taxable","11":"purchasable","12":"product-type-simple"},"_links":{"self":[{"href":"https:\/\/snehascare.de\/en\/wp-json\/wp\/v2\/product\/1951","targetHints":{"allow":["GET"]}}],"collection":[{"href":"https:\/\/snehascare.de\/en\/wp-json\/wp\/v2\/product"}],"about":[{"href":"https:\/\/snehascare.de\/en\/wp-json\/wp\/v2\/types\/product"}],"wp:featuredmedia":[{"embeddable":true,"href":"https:\/\/snehascare.de\/en\/wp-json\/"}],"wp:attachment":[{"href":"https:\/\/snehascare.de\/en\/wp-json\/wp\/v2\/media?parent=1951"}],"wp:term":[{"taxonomy":"product_brand","embeddable":true,"href":"https:\/\/snehascare.de\/en\/wp-json\/wp\/v2\/product_brand?post=1951"},{"taxonomy":"product_cat","embeddable":true,"href":"https:\/\/snehascare.de\/en\/wp-json\/wp\/v2\/product_cat?post=1951"},{"taxonomy":"product_tag","embeddable":true,"href":"https:\/\/snehascare.de\/en\/wp-json\/wp\/v2\/product_tag?post=1951"}],"curies":[{"name":"wp","href":"https:\/\/api.w.org\/{rel}","templated":true}]}}