{"id":1680,"date":"2018-07-28T14:20:25","date_gmt":"2018-07-28T14:20:25","guid":{"rendered":"https:\/\/snehacare.de\/?post_type=product&#038;p=1680"},"modified":"2022-05-29T16:55:58","modified_gmt":"2022-05-29T16:55:58","slug":"snowy","status":"publish","type":"product","link":"https:\/\/snehascare.de\/en\/hund\/snowy\/","title":{"rendered":"Snow"},"content":{"rendered":"<p><img fetchpriority=\"high\" decoding=\"async\" class=\"size-medium wp-image-8405 aligncenter\" src=\"http:\/\/snehascare.de\/wp-content\/uploads\/2018\/07\/Foto-19.12.21-17-28-23-2-300x225.jpg\" alt=\"\" width=\"300\" height=\"225\" \/><\/p>\n<p>Hallo ich bin Snow, da mein Fell, wenn es gut gepflegt wird, wei\u00df wie der Schnee sein kann.<\/p>\n<p>&nbsp;<\/p>\n<p>W\u00e4hrend eines Erdbebens wurde ich ausgesetzt. Sneha fand mich einige Monate sp\u00e4ter, da ging es mir schon sehr schlecht. Mein Fell war verfilzt, grau, es musste komplett abrasiert werden.<\/p>\n<p>&nbsp;<\/p>\n<p>Nach wenigen Monaten konnte ein neues Zuhause f\u00fcr mich gefunden werden. Ich war gesund und \u00fcbergl\u00fccklich, aber nach nur 15 Tagen wurde ich zur\u00fcckgegeben, d\u00fcnn und krank. Ein zweites Mal hatte ich mein Heim verloren.<\/p>\n<p>Ich wurde zum Tierarzt gebracht, der Hundestaupe feststellte und mich einschl\u00e4fern wollte.<\/p>\n<p>Sneha lie\u00df das nicht zu, nahm mich zu sich nach Hause, weil ich sonst andere Hunde h\u00e4tte anstecken k\u00f6nnen. Ich wurde gehegt und gepflegt und heute kann ich mit den anderen Hunden zusammensein und spielen. Ich bin wieder genesen.<\/p>\n<p>&nbsp;<\/p>\n<p>Leider h\u00f6re ich nichts und bin taub, daf\u00fcr aber sehr clever.<\/p>\n<p>&nbsp;<\/p>\n<p>Mein Leben war zwar bisher nicht immer sch\u00f6n, aber hier im Tierheim genie\u00dfe ich die F\u00fcrsorge und Liebe. Nur neuen Menschen, die uns besuchen, traue ich nicht. Ich bin ein unruhiger Geist und st\u00e4ndig auf Achse. Ich habe hier zum Gl\u00fcck meinen eigenen Bereich wo ich meine Runden drehen kann.<\/p>\n<p>&nbsp;<\/p>\n<p>Hunde wie ich, die schon ausgewachsen sind, finden fast nie eine Familie hier in Nepal. Weil hier viele Hunde auf sich gestellt auf der Stra\u00dfe leben m\u00fcssen, k\u00f6nnen die Menschen sich hier einfach einen Stra\u00dfenhund aussuchen &#8211; und das sind meist gesunde Welpen. In ein Tierheim muss daf\u00fcr niemand fahren. Aufgrund meines Alters und meiner Taubheit habe ich keine Chance mehr, ein eigenes Zuhause zu finden.<\/p>\n<p>&nbsp;<\/p>\n<p>Andrea aus Essen hat eine Jahrespatenschaft f\u00fcr mich \u00fcbernommen.<\/p>\n<p>Dar\u00fcber freue ich mich sehr! Vielen Dank!<\/p>","protected":false},"excerpt":{"rendered":"<p>Gender: Male<br \/>\nGeboren: ca. 2010<br \/>\nColour: White<\/p>","protected":false},"featured_media":8405,"template":"","meta":[],"product_brand":[],"product_cat":[63],"product_tag":[],"class_list":{"0":"post-1680","1":"product","2":"type-product","3":"status-publish","4":"has-post-thumbnail","6":"product_cat-paten-gefunden","8":"first","9":"instock","10":"shipping-taxable","11":"product-type-simple"},"_links":{"self":[{"href":"https:\/\/snehascare.de\/en\/wp-json\/wp\/v2\/product\/1680","targetHints":{"allow":["GET"]}}],"collection":[{"href":"https:\/\/snehascare.de\/en\/wp-json\/wp\/v2\/product"}],"about":[{"href":"https:\/\/snehascare.de\/en\/wp-json\/wp\/v2\/types\/product"}],"wp:featuredmedia":[{"embeddable":true,"href":"https:\/\/snehascare.de\/en\/wp-json\/wp\/v2\/media\/8405"}],"wp:attachment":[{"href":"https:\/\/snehascare.de\/en\/wp-json\/wp\/v2\/media?parent=1680"}],"wp:term":[{"taxonomy":"product_brand","embeddable":true,"href":"https:\/\/snehascare.de\/en\/wp-json\/wp\/v2\/product_brand?post=1680"},{"taxonomy":"product_cat","embeddable":true,"href":"https:\/\/snehascare.de\/en\/wp-json\/wp\/v2\/product_cat?post=1680"},{"taxonomy":"product_tag","embeddable":true,"href":"https:\/\/snehascare.de\/en\/wp-json\/wp\/v2\/product_tag?post=1680"}],"curies":[{"name":"wp","href":"https:\/\/api.w.org\/{rel}","templated":true}]}}