{"id":1674,"date":"2018-07-28T14:15:49","date_gmt":"2018-07-28T14:15:49","guid":{"rendered":"https:\/\/snehacare.de\/?post_type=product&#038;p=1674"},"modified":"2023-12-27T18:50:37","modified_gmt":"2023-12-27T18:50:37","slug":"trinity","status":"publish","type":"product","link":"https:\/\/snehascare.de\/en\/hund\/trinity\/","title":{"rendered":"Trinity"},"content":{"rendered":"<p><img fetchpriority=\"high\" decoding=\"async\" class=\"size-medium wp-image-8425 aligncenter\" src=\"http:\/\/snehascare.de\/wp-content\/uploads\/2018\/07\/Foto-31.03.22-18-38-53-225x300.jpg\" alt=\"\" width=\"225\" height=\"300\" \/><\/p>\n<p>&nbsp;<\/p>\n<p>In liebevoller Erinnerung an Trinity.<\/p>\n<p>Als Welpe von einem Auto angefahren, fand er Zuflucht bei Sneha&#8217;s Care. Wenn auch dreibeinig nach der Beinamputation, meisterte Trinity das Leben mit bewundernswerter Gelassenheit. Sein Wesen war gepr\u00e4gt von Neugier, ohne dabei je aufdringlich zu wirken. Im Tierheim beobachtete er das Geschehen eher zur\u00fcckhaltend, ruhig und sensibel \u2013 mit einem s\u00fc\u00dfen Blick, wenn er etwas wollte.<\/p>\n<p>Heute nehmen wir Abschied von ihm. M\u00f6ge er in Frieden ruhen, denn seine Liebe und seine Geschichte werden in unseren Herzen weiterleben.<\/p>\n<p>Wir danken Petra von Herzen, die ihn als Patin begleite hat!<\/p>\n<p>&#8212;&#8212;&#8212;&#8211;<\/p>\n<p>Hallo ich bin Trinity. Bereits als Welpe kam ich zu Sneha&#8217;s Care.<\/p>\n<p>Ich wurde von einem Auto angefahren. Eine Dame fand mich in meinem schlechten Zustand und rief Sneha an.<\/p>\n<p>&nbsp;<\/p>\n<p>Sneha&#8217;s Care verf\u00fcgte zu dieser Zeit noch \u00fcber keinen eigenen Tierarzt. Also bat Sneha, mich direkt in eine Klinik zu bringen, wo ich auch zun\u00e4chst erfolgreich operiert werden konnte. Doch schon wenige Stunden nach dem Vern\u00e4hen der Wunden entlie\u00df mich der Arzt entgegen Snehas Bitten. Er wollte keine Stra\u00dfenhunde aufnehmen.<\/p>\n<p>Die Dame nahm mich zun\u00e4chst heim, Sneha wollte mich am n\u00e4chsten Tag holen. Ich hatte Schmerzen und blutete so stark, dass ich morgens sofort zu einem anderen Tierarzt gebracht wurde.<\/p>\n<p>&nbsp;<\/p>\n<p>Der vorige Tierarzt hatte mich falsch behandelt, meine Wunde war stark infiziert. Es half nichts, mein Bein musste entfernt werden, sonst w\u00e4re ich gestorben. Es dauerte einige Wochen bis ich mich erholte.<\/p>\n<p>&nbsp;<\/p>\n<p>Meinen Namen Trinity habe ich meinen drei Beinen zu verdanken. Aber auch mit nur drei Beinen, komme ich gut zurecht.<\/p>\n<p>&nbsp;<\/p>\n<p>Ein besonderer Hund, so wie ich es bin, braucht besondere F\u00fcrsorge. Meine Pflege und die meiner Kameraden ist mit Kosten verbunden, die die wenigsten aufbringen k\u00f6nnen. Zum Beispiel f\u00fcr Medikamente, regelm\u00e4\u00dfige \u00e4rztliche Betreuung, Spezialfutter, und vieles mehr.<\/p>\n<p>&nbsp;<\/p>\n<p>Ich bin ein sehr freundlicher Hund, freue mich \u00fcber Besucher\/innen, aber schwarze und behinderte Hunde werden leider nicht adoptiert.<\/p>\n<p>&nbsp;<\/p>\n<p>Mit Petra habe ich eine tolle Patin gefunden und sage von Herzen DANKE \ud83d\ude4f\ud83c\udffb<\/p>\n<p>&nbsp;<\/p>\n<p>Bank Account Sneha's Care Deutschland e.V.<\/p>\n<p>Germany - Bank f\u00fcr Sozialwirtschaft<\/p>\n<p>IBAN: DE34 5502 0500 0001 6055 00 | BIC: BFSWDE33MNZ<\/p>","protected":false},"excerpt":{"rendered":"<p>Gender: Male<br \/>\nGeboren: 2014<\/p>\n<p>Verstorben: Dez 2023<br \/>\nFarbe: braun und wei\u00df<\/p>","protected":false},"featured_media":8425,"template":"","meta":[],"product_brand":[],"product_cat":[64],"product_tag":[],"class_list":{"0":"post-1674","1":"product","2":"type-product","3":"status-publish","4":"has-post-thumbnail","6":"product_cat-verstorben","8":"first","9":"instock","10":"shipping-taxable","11":"product-type-simple"},"_links":{"self":[{"href":"https:\/\/snehascare.de\/en\/wp-json\/wp\/v2\/product\/1674","targetHints":{"allow":["GET"]}}],"collection":[{"href":"https:\/\/snehascare.de\/en\/wp-json\/wp\/v2\/product"}],"about":[{"href":"https:\/\/snehascare.de\/en\/wp-json\/wp\/v2\/types\/product"}],"wp:featuredmedia":[{"embeddable":true,"href":"https:\/\/snehascare.de\/en\/wp-json\/wp\/v2\/media\/8425"}],"wp:attachment":[{"href":"https:\/\/snehascare.de\/en\/wp-json\/wp\/v2\/media?parent=1674"}],"wp:term":[{"taxonomy":"product_brand","embeddable":true,"href":"https:\/\/snehascare.de\/en\/wp-json\/wp\/v2\/product_brand?post=1674"},{"taxonomy":"product_cat","embeddable":true,"href":"https:\/\/snehascare.de\/en\/wp-json\/wp\/v2\/product_cat?post=1674"},{"taxonomy":"product_tag","embeddable":true,"href":"https:\/\/snehascare.de\/en\/wp-json\/wp\/v2\/product_tag?post=1674"}],"curies":[{"name":"wp","href":"https:\/\/api.w.org\/{rel}","templated":true}]}}