{"id":1665,"date":"2018-07-28T14:05:40","date_gmt":"2018-07-28T14:05:40","guid":{"rendered":"https:\/\/snehacare.de\/?post_type=product&#038;p=1665"},"modified":"2022-05-29T16:55:04","modified_gmt":"2022-05-29T16:55:04","slug":"limakangarro","status":"publish","type":"product","link":"https:\/\/snehascare.de\/en\/hund\/limakangarro\/","title":{"rendered":"Lima &#8211; Kangarro"},"content":{"rendered":"<p><img fetchpriority=\"high\" decoding=\"async\" class=\"size-medium wp-image-8429 aligncenter\" src=\"http:\/\/snehascare.de\/wp-content\/uploads\/2018\/07\/2019-03-01-15.18.00-1-300x300.jpg\" alt=\"\" width=\"300\" height=\"300\" srcset=\"https:\/\/snehascare.de\/wp-content\/uploads\/2018\/07\/2019-03-01-15.18.00-1-300x300.jpg 300w, https:\/\/snehascare.de\/wp-content\/uploads\/2018\/07\/2019-03-01-15.18.00-1-1024x1024.jpg 1024w, https:\/\/snehascare.de\/wp-content\/uploads\/2018\/07\/2019-03-01-15.18.00-1-150x150.jpg 150w, https:\/\/snehascare.de\/wp-content\/uploads\/2018\/07\/2019-03-01-15.18.00-1-768x768.jpg 768w, https:\/\/snehascare.de\/wp-content\/uploads\/2018\/07\/2019-03-01-15.18.00-1-1536x1536.jpg 1536w, https:\/\/snehascare.de\/wp-content\/uploads\/2018\/07\/2019-03-01-15.18.00-1-650x650.jpg 650w, https:\/\/snehascare.de\/wp-content\/uploads\/2018\/07\/2019-03-01-15.18.00-1-1300x1300.jpg 1300w, https:\/\/snehascare.de\/wp-content\/uploads\/2018\/07\/2019-03-01-15.18.00-1-600x600.jpg 600w, https:\/\/snehascare.de\/wp-content\/uploads\/2018\/07\/2019-03-01-15.18.00-1-100x100.jpg 100w, https:\/\/snehascare.de\/wp-content\/uploads\/2018\/07\/2019-03-01-15.18.00-1.jpg 1600w\" sizes=\"(max-width: 300px) 100vw, 300px\" \/><\/p>\n<p>In Gedenken an unseren lieben Lima:<\/p>\n<p>&nbsp;<\/p>\n<p>Wir nehmen Abschied von unserem lieben &#8222;Opa Lima&#8220;. Als Lima vor 1 1\/2 Jahren zu uns kam, wussten wir, dass seine Zeit begrenzt ist. Er war schon sehr alt, konnte kaum sehen, h\u00f6rte nur schlecht und konnte sich aufgrund seines Alters nur schlecht bewegen. Das Lima so lange auf der Stra\u00dfe alleine \u00fcberlebt hatte, erschien uns wie ein Wunder. Die kurze Zeit, die ihm noch blieb, wollten wir ihm so sch\u00f6n uns m\u00f6glich gestalten.<\/p>\n<p>Wir werden es vermissen, morgens nicht mehr unseren kleinen grummeligen Opa Lima vorzufinden, der zu Leckerlies und sanften Massagen nie nein sagte. Wir werden es vermissen, dich in deine Decke zu kuscheln, damit du dein Nickerchen halten kannst. Wo auch immer du bist, wir hoffen du kannst nun endlich wieder laufen und toben, sehen und h\u00f6ren!<\/p>\n<p>&nbsp;<\/p>\n<p>Reise gut und gl\u00fccklich \u00fcber die Regenbogenbr\u00fccke! Du wirst vermisst!<\/p>\n<p>&nbsp;<\/p>\n<p>Wir danken Nicole, dass sie unseren lieben &#8222;Opa Lima&#8220; als Patin unters\u00fctzt hat!<\/p>\n<p>&nbsp;<\/p>\n<p>&nbsp;<\/p>\n<p>&#8222;Hallo mein Name ist Lima-Kangarro,<\/p>\n<p>&nbsp;<\/p>\n<p>ich wei\u00df, ich wirke ein wenig w\u00fcst. Was soll ich sagen, die Stra\u00dfen hier sind rau und man macht als Stra\u00dfenhund so einiges mit.\u00a0 Aber ich bin ein z\u00e4her Kerl. Im Juni 2018 hatte ich das Gl\u00fcck ins Shelter gebracht zu werden, da meine Hautprobleme mich sehr plagten. Ich bin eher zur\u00fcckhaltend, daf\u00fcr umso dankbarer f\u00fcr jede Streicheleinheit, wenn ich Vertrauen gefasst habe.<\/p>\n<p>&nbsp;<\/p>\n<p>Hunde wie ich, die schon \u00e4lter und nicht so h\u00fcbsch sind, finden keine Familie mehr in Nepal. Weil hier viele Hunde auf sich gestellt auf der Stra\u00dfe leben m\u00fcssen, k\u00f6nnen die Menschen sich jeden Stra\u00dfenhund aussuchen &#8211; und das sind meist gesunde Welpen. In ein Tierheim muss daf\u00fcr niemand fahren. In meinem Alter werde ich kein neues Heim mehr finden.<\/p>\n<p>&nbsp;<\/p>\n<p>F\u00fcr 2019 habe ich mit Nicole eine Jahrespatin gefunden. Dar\u00fcber freue ich mich sehr und sage DANKE!&#8220;<\/p>\n<p>&nbsp;<\/p>\n<p>&nbsp;<\/p>","protected":false},"excerpt":{"rendered":"<p>Gender: Male<br \/>\nGeboren: ca. 2006<\/p>\n<p>Verstorben: Dezember 2019<br \/>\nFarbe: braun und wei\u00df<\/p>","protected":false},"featured_media":8429,"template":"","meta":[],"product_brand":[],"product_cat":[64],"product_tag":[],"class_list":{"0":"post-1665","1":"product","2":"type-product","3":"status-publish","4":"has-post-thumbnail","6":"product_cat-verstorben","8":"first","9":"instock","10":"shipping-taxable","11":"product-type-simple"},"_links":{"self":[{"href":"https:\/\/snehascare.de\/en\/wp-json\/wp\/v2\/product\/1665","targetHints":{"allow":["GET"]}}],"collection":[{"href":"https:\/\/snehascare.de\/en\/wp-json\/wp\/v2\/product"}],"about":[{"href":"https:\/\/snehascare.de\/en\/wp-json\/wp\/v2\/types\/product"}],"wp:featuredmedia":[{"embeddable":true,"href":"https:\/\/snehascare.de\/en\/wp-json\/wp\/v2\/media\/8429"}],"wp:attachment":[{"href":"https:\/\/snehascare.de\/en\/wp-json\/wp\/v2\/media?parent=1665"}],"wp:term":[{"taxonomy":"product_brand","embeddable":true,"href":"https:\/\/snehascare.de\/en\/wp-json\/wp\/v2\/product_brand?post=1665"},{"taxonomy":"product_cat","embeddable":true,"href":"https:\/\/snehascare.de\/en\/wp-json\/wp\/v2\/product_cat?post=1665"},{"taxonomy":"product_tag","embeddable":true,"href":"https:\/\/snehascare.de\/en\/wp-json\/wp\/v2\/product_tag?post=1665"}],"curies":[{"name":"wp","href":"https:\/\/api.w.org\/{rel}","templated":true}]}}