{"id":1656,"date":"2018-07-28T13:59:13","date_gmt":"2018-07-28T13:59:13","guid":{"rendered":"https:\/\/snehacare.de\/?post_type=product&#038;p=1656"},"modified":"2022-05-29T16:58:52","modified_gmt":"2022-05-29T16:58:52","slug":"rumri","status":"publish","type":"product","link":"https:\/\/snehascare.de\/en\/hund\/rumri\/","title":{"rendered":"Ramri"},"content":{"rendered":"<p><img fetchpriority=\"high\" decoding=\"async\" class=\"size-medium wp-image-8409 aligncenter\" src=\"http:\/\/snehascare.de\/wp-content\/uploads\/2018\/07\/Foto-21.11.21-11-35-40-300x225.jpg\" alt=\"\" width=\"300\" height=\"225\" \/><\/p>\n<p>Auf Wiedersehen liebe Ramri,<\/p>\n<p>&nbsp;<\/p>\n<p>nach kurzer Krankheit mussten wir dich Dienstag Morgen gehen lassen. Du warst unsere liebe Seele, unsere Genie\u00dferin. Ruhig, aufmerksam und verschmust. Du hast es geliebt in unserem Au\u00dfenbereich L\u00f6cher zu buddeln oder im Gras zu liegen und die Sonne zu genie\u00dfen. Nie hast du dich in den Vordergrund gedr\u00e4ngelt, aber haben wir dich gerufen, warst du da. Wir haben dich Ramri getauft, was nepalesisch ist und h\u00fcbsch bedeutet, denn das warst du. Unsere h\u00fcbsche Ramri. Trotz deiner Behinderung warst du immer fr\u00f6hlich und mit Rollstuhl viel flinker als andere, gesunde Hunde. Deine Lebensfreude war ungetr\u00fcbt. Sieben Jahre durften wir dich begleiten und an deiner Seite sein.<\/p>\n<p>&nbsp;<\/p>\n<p>Wir danken deinem Schutzengel Petra, die dich als Patin auf deinem Weg mit viel Liebe begleitet hat. Wir w\u00fcnschen dir eine gute Reise \u00fcber die Regenbogenbr\u00fccke.<\/p>\n<p>&nbsp;<\/p>\n<p>Jetzt kannst du wieder frei laufen und jede Menge L\u00f6cher buddeln! Du fehlst uns sehr.<\/p>\n<p>&nbsp;<\/p>\n<p>&nbsp;<\/p>\n<hr \/>\n<p>In Gedenken an Ramri:<\/p>\n<p>&nbsp;<\/p>\n<p>&nbsp;<\/p>\n<p>Hallo mein Name ist Ramri,<\/p>\n<p>&nbsp;<\/p>\n<p>Ramri ist \u00fcbrigens nepalesisch und bedeutet &#8222;h\u00fcbsch&#8220; &#8211; ich w\u00fcrde sagen, meine Namensgeber haben Geschmack.<\/p>\n<p>&nbsp;<\/p>\n<p>2015 kam ich zu Sneha\u2018s Care und seitdem geht es mir prima. Wie ihr seht, fehlen mir zwei flinke Beine aber daf\u00fcr habe ich hier einen tollen Rollstuhl. Das ist gro\u00dfartig, endlich kann ich wieder herumtollen. Wenn ich in meinem Rollstuhl durch die Gegend flitze, bin ich sogar schneller als meine vierbeinigen Freunde. Ich bin eine ruhige H\u00fcndin und werde daher leider oft \u00fcbersehen. Dabei h\u00f6re sehr gut auf meinen Namen und freue mich, wenn man mich zu sich ruft. Ich schmuse gerne und buddel mit Leidenschaft L\u00f6cher.<\/p>\n<p>Ein besonderer Hund, so wie ich es bin, braucht besondere F\u00fcrsorge. Doch die Menschen hier in Nepal sind fast alle arm. Meine Pflege und die meiner Kameraden ist mit Kosten verbunden, die die wenigsten aufbringen k\u00f6nnen. Zum Beispiel f\u00fcr Medikamente, Rollstuhl, regelm\u00e4\u00dfige \u00e4rztliche Betreuung, Spezialfutter, und vieles mehr. Mit Rollstuhl bin ich leider nicht zu vermitteln.<\/p>\n<p>Gerne h\u00e4tte ich nat\u00fcrlich einen lieben Menschen, der mit mir durch das Leben geht. Aber ein Hund in meinem Zustand findet kein Zuhause mehr.<\/p>\n<p>Andere sehen in mir nur ein wertloses behindertes Tier, das man einschl\u00e4fern sollte. Einen verkr\u00fcppelten Hund, der kein lebenswertes Leben hat.<\/p>\n<p>Aber mein Leben ist wertvoll! F\u00fcr mich!<\/p>\n<p>Ich sehe in mir eine \u00dcberlebensk\u00e4mpferin. Die trotz ihres Unfalls leben m\u00f6chte. Die Spielen, Laufen, Toben, Schmusen will.<\/p>\n<p>Der Unfall nahm mir meine Beine. Nicht meine Freude am Leben! Ich liebe es zu spielen, zu laufen, \u00fcberall zu schn\u00fcffeln. Das alles kann ich wieder mit einem Rollstuhl.<\/p>\n<p>Ich bin auf Hilfe angewiesen, daf\u00fcr ist leider nicht immer Personal vor Ort.<\/p>\n<p>Ich bin daher sehr froh, dass ich mit Petra einen so liebe Patin gefunden habe. Dar\u00fcber freue ich mich und das Team sich wirklich sehr und wir sagen DANKE!<\/p>\n<hr \/>\n<p>&nbsp;<\/p>\n<p>Hello my name is Ramri,<\/p>\n<p>&nbsp;<\/p>\n<p>By the way, Ramri is Nepalese and means &#8222;pretty&#8220; &#8211; I would say that wo namend me has a good taste.<\/p>\n<p>I came to Sneha&#8217;s Care in 2015 and have been fine ever since. As you can see, I miss two nimble legs but I have a great wheelchair here. It&#8217;s great, finally I can romp around again. When I whiz around in my wheelchair, I&#8217;m even faster than my four-legged friends. I am a calm dog and therefore I am often overlooked. I listen very well to my name. I like to cuddle and dig holes with passion.<\/p>\n<p>A special dog, like me, needs special care. But the people here in Nepal are almost all poor. My care and that of my comrades is associated with costs that very few can afford. For example for medication, wheelchairs, regular medical care, special feed, and much more. No one wants to adopt a wheelchairdog.<\/p>\n<p>Of course I would like to have a dear person who goes through life with me. But a dog in my condition can no longer find a home.<\/p>\n<p>Others only see me as a worthless disabled animal that should be put to sleep. A crippled dog that has no life worth living.<\/p>\n<p>But my life is valuable! To me!<\/p>\n<p>I see myself as a survivor. Who wants to live despite her accident. Who wants to play, run, run, cuddle.<\/p>\n<p>The accident took my legs. Not my joy in life! I love to play, run, sniff everywhere. I can do all of this again with a wheelchair.<\/p>\n<p>I am dependent on help, but unfortunately there is not always staff available.<\/p>\n<p>I am therefore very happy that I have found such a lovely sponsor with Petra. I am and the team is really happy and we say THANK YOU!<\/p>","protected":false},"excerpt":{"rendered":"<p>Gender: Female<br \/>\nGeboren: 2014<\/p>\n<p>Gestorben: 22.03.2022<br \/>\nFarbe: braun, schwarz und wei\u00df<\/p>","protected":false},"featured_media":8409,"template":"","meta":[],"product_brand":[],"product_cat":[64],"product_tag":[],"class_list":{"0":"post-1656","1":"product","2":"type-product","3":"status-publish","4":"has-post-thumbnail","6":"product_cat-verstorben","8":"first","9":"instock","10":"shipping-taxable","11":"product-type-simple"},"_links":{"self":[{"href":"https:\/\/snehascare.de\/en\/wp-json\/wp\/v2\/product\/1656","targetHints":{"allow":["GET"]}}],"collection":[{"href":"https:\/\/snehascare.de\/en\/wp-json\/wp\/v2\/product"}],"about":[{"href":"https:\/\/snehascare.de\/en\/wp-json\/wp\/v2\/types\/product"}],"wp:featuredmedia":[{"embeddable":true,"href":"https:\/\/snehascare.de\/en\/wp-json\/wp\/v2\/media\/8409"}],"wp:attachment":[{"href":"https:\/\/snehascare.de\/en\/wp-json\/wp\/v2\/media?parent=1656"}],"wp:term":[{"taxonomy":"product_brand","embeddable":true,"href":"https:\/\/snehascare.de\/en\/wp-json\/wp\/v2\/product_brand?post=1656"},{"taxonomy":"product_cat","embeddable":true,"href":"https:\/\/snehascare.de\/en\/wp-json\/wp\/v2\/product_cat?post=1656"},{"taxonomy":"product_tag","embeddable":true,"href":"https:\/\/snehascare.de\/en\/wp-json\/wp\/v2\/product_tag?post=1656"}],"curies":[{"name":"wp","href":"https:\/\/api.w.org\/{rel}","templated":true}]}}