{"id":1650,"date":"2018-07-28T13:37:09","date_gmt":"2018-07-28T13:37:09","guid":{"rendered":"https:\/\/snehacare.de\/?post_type=product&#038;p=1650"},"modified":"2022-05-29T16:59:04","modified_gmt":"2022-05-29T16:59:04","slug":"doctor","status":"publish","type":"product","link":"https:\/\/snehascare.de\/en\/hund\/doctor\/","title":{"rendered":"Doctor"},"content":{"rendered":"<p><img fetchpriority=\"high\" decoding=\"async\" class=\"size-medium wp-image-8415 aligncenter\" src=\"http:\/\/snehascare.de\/wp-content\/uploads\/2018\/07\/2018-09-28-16.17.00-300x225.jpg\" alt=\"\" width=\"300\" height=\"225\" \/><\/p>\n<p>Mein Name ist Doctor. Ich wurde so genannt, weil mich ein Doktor mit dem Auto anfuhr. Studenten retteten mich und riefen Sneha an, die mich in eine Klinik brachte. Meine beiden Hinterl\u00e4ufe waren gebrochen. Der Arzt, der mich angefahren hatte, weigerte sich mir zu helfen, ich sei ja nur ein Stra\u00dfenhund. Wie konnte ein Arzt nur so grausam sein? Die Gr\u00fcnderin Sneha wollte diesen Vorfall nicht vergessen lassen und nannte mich daher so.<\/p>\n<p>&nbsp;<\/p>\n<p>Ich war gel\u00e4hmt durch den Unfall. Aber dank der F\u00fcrsorge von Sneha\u2018s Care und monatelanger Behandlung habe ich mich von dem Unfall erholt. Ich kann endlich wieder herumlaufen. Ganz besonders mag ich die Besucher, deshalb kennen auch alle meinen\u00a0Namen.<\/p>\n<p>&nbsp;<\/p>\n<p>Sneha nennt mich eifers\u00fcchtig und den Boss hier. Gerade bei letzterem will ich ihr nicht widersprechen.<\/p>\n<p>&nbsp;<\/p>\n<p>Vorstandsfrau Eva hat sich gleich in mich verliebt, daher habe ich schon eine Patin gefunden.<\/p>","protected":false},"excerpt":{"rendered":"<p>Gender: Male<br \/>\nGeboren: 2014<br \/>\nFarbe: braun, wei\u00df und schwarz<\/p>","protected":false},"featured_media":8415,"template":"","meta":[],"product_brand":[],"product_cat":[63],"product_tag":[],"class_list":{"0":"post-1650","1":"product","2":"type-product","3":"status-publish","4":"has-post-thumbnail","6":"product_cat-paten-gefunden","8":"first","9":"instock","10":"shipping-taxable","11":"product-type-simple"},"_links":{"self":[{"href":"https:\/\/snehascare.de\/en\/wp-json\/wp\/v2\/product\/1650","targetHints":{"allow":["GET"]}}],"collection":[{"href":"https:\/\/snehascare.de\/en\/wp-json\/wp\/v2\/product"}],"about":[{"href":"https:\/\/snehascare.de\/en\/wp-json\/wp\/v2\/types\/product"}],"wp:featuredmedia":[{"embeddable":true,"href":"https:\/\/snehascare.de\/en\/wp-json\/wp\/v2\/media\/8415"}],"wp:attachment":[{"href":"https:\/\/snehascare.de\/en\/wp-json\/wp\/v2\/media?parent=1650"}],"wp:term":[{"taxonomy":"product_brand","embeddable":true,"href":"https:\/\/snehascare.de\/en\/wp-json\/wp\/v2\/product_brand?post=1650"},{"taxonomy":"product_cat","embeddable":true,"href":"https:\/\/snehascare.de\/en\/wp-json\/wp\/v2\/product_cat?post=1650"},{"taxonomy":"product_tag","embeddable":true,"href":"https:\/\/snehascare.de\/en\/wp-json\/wp\/v2\/product_tag?post=1650"}],"curies":[{"name":"wp","href":"https:\/\/api.w.org\/{rel}","templated":true}]}}