{"id":1647,"date":"2018-07-28T13:34:28","date_gmt":"2018-07-28T13:34:28","guid":{"rendered":"https:\/\/snehacare.de\/?post_type=product&#038;p=1647"},"modified":"2022-05-29T17:00:57","modified_gmt":"2022-05-29T17:00:57","slug":"creamy","status":"publish","type":"product","link":"https:\/\/snehascare.de\/en\/hund\/creamy\/","title":{"rendered":"Creamy"},"content":{"rendered":"<p><img fetchpriority=\"high\" decoding=\"async\" class=\"size-medium wp-image-8417 aligncenter\" src=\"http:\/\/snehascare.de\/wp-content\/uploads\/2018\/07\/2019-08-10-14.45.36-300x225.jpg\" alt=\"\" width=\"300\" height=\"225\" \/><\/p>\n<p><span data-tt=\"{&quot;paragraphStyle&quot;:{&quot;alignment&quot;:4,&quot;writingDirection&quot;:1}}\">Abschied von Creamy <\/span><\/p>\n<p><span data-tt=\"{&quot;paragraphStyle&quot;:{&quot;alignment&quot;:4,&quot;writingDirection&quot;:1}}\">Wir verabschieden uns mit schwerem Herzen von unserem ruhigen Creamy. Du hast jeden Sonnenstrahl immer ausgiebig genossen und von ganz oben das Treiben im Tierheim im Auge behalten. Du hast dich nie aus der Ruhe bringen lassen. <\/span><\/p>\n<p><span data-tt=\"{&quot;paragraphStyle&quot;:{&quot;alignment&quot;:4,&quot;style&quot;:3,&quot;writingDirection&quot;:1}}\">Dein Platz in der Sonne ist nun leer und dein Verlust wird uns schmerzlich bewusst. <\/span><\/p>\n<p><span data-tt=\"{&quot;paragraphStyle&quot;:{&quot;alignment&quot;:4,&quot;style&quot;:3,&quot;writingDirection&quot;:1}}\">Wir w\u00fcnschen dir eine gute Reise \u00fcber die Regenbogenbr\u00fccke und ganz viele Streicheleinheiten, Leckeries und gr\u00fcne Wiesen auf der anderen Seite! <\/span><\/p>\n<p><span data-tt=\"{&quot;paragraphStyle&quot;:{&quot;alignment&quot;:4,&quot;style&quot;:3,&quot;writingDirection&quot;:1}}\">Wir danken Nicole, die den sch\u00fcchternen Creamy nicht \u00fcbersehen und ihn als Patin begleitet hat. <\/span><\/p>\n<p><span data-tt=\"{&quot;paragraphStyle&quot;:{&quot;alignment&quot;:4,&quot;writingDirection&quot;:1}}\">\u2014\u2014\u2014\u2014\u2014 <\/span><\/p>\n<p><span data-tt=\"{}\">Farewell to Creamy <\/span><\/p>\n<p><span data-tt=\"{}\">We say goodbye to our calm Creamy with a heavy heart. You have always enjoyed every ray of sunshine and\u00a0 kept an eye on the goings-on in the animal shelter from above. You never let yourself be upset. <\/span><\/p>\n<p><span data-tt=\"{}\">Your place in the sun is now empty and we are painfully aware of your loss. <\/span><\/p>\n<p><span data-tt=\"{}\">We wish you a good trip over the Rainbow Bridge and lots of pats, treats and green meadows on the other side! <\/span><\/p>\n<p><span data-tt=\"{}\">We thank Nicole, who did not overlook the shy Creamy and who accompanied him as a lovely sponsor.<\/span><\/p>\n<p>&nbsp;<\/p>\n<p>&nbsp;<\/p>\n<p>&#8212;&#8212;&#8212;&#8212;&#8212;&#8212;&#8212;&#8212;&#8212;&#8212;&#8212;&#8212;&#8212;&#8212;&#8212;&#8212;&#8212;&#8212;&#8212;&#8212;&#8212;&#8212;&#8212;&#8212;&#8212;&#8212;&#8212;&#8212;&#8212;&#8212;&#8212;&#8212;&#8212;&#8212;&#8212;&#8212;&#8212;&#8212;&#8212;&#8212;&#8212;&#8212;&#8212;&#8212;&#8212;&#8212;&#8212;&#8212;&#8212;&#8212;<\/p>\n<p>Die Menschen hier nennen mich Creamy. Ich wei\u00df zwar nicht, was es hei\u00dft, aber ich mag meinen Namen.<\/p>\n<p>&nbsp;<\/p>\n<p>Man wei\u00df nie, wann sich das Leben komplett ver\u00e4ndert. Eine herzlose Person schlug mir hart auf den Kopf. Ich w\u00e4re an diesen Misshandlungen fast gestorben. Sneha\u2018s Team hat mich zum Gl\u00fcck aufgenommen und gerettet.\u00a0Seitdem traue ich aber keinem Menschen mehr. Darum habe ich keine Chance auf Adoption. Ich bin eher ruhig und genie\u00dfe jeden Sonnenstrahl.<\/p>\n<p>&nbsp;<\/p>\n<p>Hunde wie ich, die schon ausgewachsen sind, finden fast nie eine Familie hier in Nepal. Weil hier viele Hunde auf sich gestellt auf der Stra\u00dfe leben m\u00fcssen, k\u00f6nnen die Menschen sich hier einfach einen Stra\u00dfenhund aussuchen &#8211; und das sind meist Welpen. In ein Tierheim muss daf\u00fcr niemand fahren. Auch deshalb habe ich keine Chance mehr, ein eigenes Zuhause zu finden.<\/p>\n<p>&nbsp;<\/p>\n<p>Mit Nicole habe ich nach langer langer Suche endlich eine ganz liebe Patin gefunden. Dar\u00fcber freue mich sehr!<\/p>\n<p>&nbsp;<\/p>\n<hr \/>\n<p>&nbsp;<\/p>\n<p>The people here call me Creamy. I don&#8217;t know what it means, but I like my name.<\/p>\n<p>You never know when life will change completely. A heartless person hit my head hard. I almost died from this abuse. Fortunately, Sneha&#8217;s team took me in and saved me. Since then I have not trusted anyone. That&#8217;s why I have no chance of adoption. I am rather calm and enjoy every ray of sunshine.<\/p>\n<p>Dogs like me that are fully grown almost never find a family here in Nepal. Because many dogs have to live on the street on their own, people can simply choose a street dog here &#8211; and these are mostly puppies. Nobody has to go to an animal shelter. That is also why I no longer have a chance to find my own home.<\/p>\n<p>After waiting for so long, I finally found a very dear sponsor in Nicole. I&#8217;m very happy about that!<\/p>","protected":false},"excerpt":{"rendered":"<p>Gender: Male<br \/>\nGeboren: 2014<\/p>\n<p>Verstorben: Dezember 2020<br \/>\nFarbe: creme<\/p>","protected":false},"featured_media":8417,"template":"","meta":[],"product_brand":[],"product_cat":[64],"product_tag":[],"class_list":{"0":"post-1647","1":"product","2":"type-product","3":"status-publish","4":"has-post-thumbnail","6":"product_cat-verstorben","8":"first","9":"instock","10":"shipping-taxable","11":"product-type-simple"},"_links":{"self":[{"href":"https:\/\/snehascare.de\/en\/wp-json\/wp\/v2\/product\/1647","targetHints":{"allow":["GET"]}}],"collection":[{"href":"https:\/\/snehascare.de\/en\/wp-json\/wp\/v2\/product"}],"about":[{"href":"https:\/\/snehascare.de\/en\/wp-json\/wp\/v2\/types\/product"}],"wp:featuredmedia":[{"embeddable":true,"href":"https:\/\/snehascare.de\/en\/wp-json\/wp\/v2\/media\/8417"}],"wp:attachment":[{"href":"https:\/\/snehascare.de\/en\/wp-json\/wp\/v2\/media?parent=1647"}],"wp:term":[{"taxonomy":"product_brand","embeddable":true,"href":"https:\/\/snehascare.de\/en\/wp-json\/wp\/v2\/product_brand?post=1647"},{"taxonomy":"product_cat","embeddable":true,"href":"https:\/\/snehascare.de\/en\/wp-json\/wp\/v2\/product_cat?post=1647"},{"taxonomy":"product_tag","embeddable":true,"href":"https:\/\/snehascare.de\/en\/wp-json\/wp\/v2\/product_tag?post=1647"}],"curies":[{"name":"wp","href":"https:\/\/api.w.org\/{rel}","templated":true}]}}