{"id":1596,"date":"2018-07-28T11:57:52","date_gmt":"2018-07-28T11:57:52","guid":{"rendered":"https:\/\/snehacare.de\/?post_type=product&#038;p=1596"},"modified":"2022-05-29T17:01:05","modified_gmt":"2022-05-29T17:01:05","slug":"bravo","status":"publish","type":"product","link":"https:\/\/snehascare.de\/en\/hund\/bravo\/","title":{"rendered":"Bravo"},"content":{"rendered":"<p style=\"text-align: center;\"><a href=\"http:\/\/snehascare.de\/wp-content\/uploads\/2018\/07\/IMG_8059-scaled.jpg\"><img fetchpriority=\"high\" decoding=\"async\" class=\"alignnone size-medium wp-image-8419\" src=\"http:\/\/snehascare.de\/wp-content\/uploads\/2018\/07\/IMG_8059-300x225.jpg\" alt=\"\" width=\"300\" height=\"225\" \/><\/a><\/p>\n<p>Hallo! Mein Name ist Bravo. Meine Geschichte hier begann mit einem Autounfall und einer Rettung von Sneha\u00b4s Team aus Khichapokhari, Kathmandu. V\u00f6llig ver\u00e4ngstigt und unter gro\u00dfen Schmerzen fanden sie mich. Nur dank Menschen wie dir war Sneha\u2019s Care in der Lage mir zu helfen.<\/p>\n<p>&nbsp;<\/p>\n<p>Traurigerweise musste eins meiner Beine entfernt werden. Es schmerzte schrecklich und konnte nicht mehr gerettet werden.<\/p>\n<p>&nbsp;<\/p>\n<p>Ein besonderer Hund, so wie ich es bin, braucht besondere F\u00fcrsorge. Doch die Menschen hier in Nepal sind fast alle arm. Meine Pflege und die meiner Kameraden ist mit Kosten verbunden, die die wenigsten aufbringen k\u00f6nnen. Zum Beispiel f\u00fcr Medikamente, Rollstuhl, regelm\u00e4\u00dfige \u00e4rztliche Betreuung, Spezialfutter, und vieles mehr.\u00a0Durch den Unfall bin ich auch inkontinent und daher nicht vermittelbar.<\/p>\n<p>&nbsp;<\/p>\n<p>Unterkriegen lasse ich mich nicht. Trotz allem bin ich immer noch ein fr\u00f6hliches Kerlchen.<\/p>\n<p>&nbsp;<\/p>\n<p>Ich freue mich sehr, dass ich mit Tabea aus Wien eine liebe Patin gefunden habe! Danke liebe Tabea!<\/p>\n<p>&nbsp;<\/p>\n<p>&nbsp;<\/p>\n<p>&nbsp;<\/p>","protected":false},"excerpt":{"rendered":"<p style=\"line-height: 18.0pt; background: white; margin: 0cm 0cm 15.0pt 0cm;\">Gender: Male<br \/>\nGeboren: 2014<br \/>\nFarbe: braun und wei\u00df<\/p>","protected":false},"featured_media":8419,"template":"","meta":[],"product_brand":[],"product_cat":[63],"product_tag":[],"class_list":{"0":"post-1596","1":"product","2":"type-product","3":"status-publish","4":"has-post-thumbnail","6":"product_cat-paten-gefunden","8":"first","9":"instock","10":"shipping-taxable","11":"product-type-simple"},"_links":{"self":[{"href":"https:\/\/snehascare.de\/en\/wp-json\/wp\/v2\/product\/1596","targetHints":{"allow":["GET"]}}],"collection":[{"href":"https:\/\/snehascare.de\/en\/wp-json\/wp\/v2\/product"}],"about":[{"href":"https:\/\/snehascare.de\/en\/wp-json\/wp\/v2\/types\/product"}],"wp:featuredmedia":[{"embeddable":true,"href":"https:\/\/snehascare.de\/en\/wp-json\/wp\/v2\/media\/8419"}],"wp:attachment":[{"href":"https:\/\/snehascare.de\/en\/wp-json\/wp\/v2\/media?parent=1596"}],"wp:term":[{"taxonomy":"product_brand","embeddable":true,"href":"https:\/\/snehascare.de\/en\/wp-json\/wp\/v2\/product_brand?post=1596"},{"taxonomy":"product_cat","embeddable":true,"href":"https:\/\/snehascare.de\/en\/wp-json\/wp\/v2\/product_cat?post=1596"},{"taxonomy":"product_tag","embeddable":true,"href":"https:\/\/snehascare.de\/en\/wp-json\/wp\/v2\/product_tag?post=1596"}],"curies":[{"name":"wp","href":"https:\/\/api.w.org\/{rel}","templated":true}]}}