{"id":1285,"date":"2018-06-27T12:39:24","date_gmt":"2018-06-27T12:39:24","guid":{"rendered":"https:\/\/snehacare.de\/?post_type=product&#038;p=1285"},"modified":"2022-05-29T17:01:11","modified_gmt":"2022-05-29T17:01:11","slug":"beauty","status":"publish","type":"product","link":"https:\/\/snehascare.de\/en\/hund\/beauty\/","title":{"rendered":"Beauty"},"content":{"rendered":"<p><img fetchpriority=\"high\" decoding=\"async\" class=\"size-medium wp-image-8421 aligncenter\" src=\"http:\/\/snehascare.de\/wp-content\/uploads\/2018\/06\/Foto-13.03.22-18-40-17-247x300.jpg\" alt=\"\" width=\"247\" height=\"300\" \/><\/p>\n<p class=\"p1\"><span class=\"s1\">Auf Wiedersehen h\u00fcbsche Beauty<\/span><\/p>\n<p class=\"p3\"><span class=\"s2\">Wir k\u00f6nnen immer noch nicht fassen, dass du heute Morgen nicht mehr aufgewacht bist. Gestern hast du noch mit uns geschmust und die Sonne genossen. Heute bist du nicht mehr unter uns. Dein Herz hat im Schlaf einfach aufgeh\u00f6rt zu schlagen.<\/span><\/p>\n<p class=\"p3\"><span class=\"s2\">Vor 11 Jahren wurdest du geboren, vor 7 Jahren kamst du zu uns als einer der ersten Hunde des Tierheims. Damals warst du verletzt, teilweise gel\u00e4hmt und traumatisiert. Aber unsere Zuneigung und F\u00fcrsorge lie\u00dfen dich zum Gl\u00fcck heilen. Du konntest langsam wieder Vertrauen fassen. Du warst eine ruhige und liebe H\u00fcndin, die es verstand, jeden Sonnenstrahl und die Streicheleinheiten unserer Besucher zu genie\u00dfen. <\/span><\/p>\n<p class=\"p3\"><span class=\"s2\">Gute Reise \u00fcber die Regenbogenbr\u00fccke liebe Beauty, m\u00f6gest du auf der anderen Seite frei und gl\u00fccklich sein. Die Erinnerungen an dich werden wir im Herzen tragen. Du fehlst! <\/span><\/p>\n<p class=\"p3\"><span class=\"s2\">Wir danken Ihrer Patin Maria sehr f\u00fcr Ihre Unterst\u00fctzung und Treue ! <\/span><\/p>\n<p>&nbsp;<\/p>\n<p>\u2014\u2014\u2014\u2014\u2014-<\/p>\n<p>&nbsp;<\/p>\n<p>Goodbye pretty beauty<\/p>\n<p>We still can&#8217;t believe you didn&#8217;t wake up this morning. You cuddled with us yesterday and enjoyed the sun. Today you are no longer with us. Your heart just stopped beating in your sleep.<\/p>\n<p>You were born 11 years ago, you came to us 7 years ago as one of the first dogs in the shelter. At that time you were injured, partially paralyzed and traumatized. But luckily, our affection and care allowed you to heal. You could slowly regain trust. You were a calm and loving dog who knew how to enjoy every ray of sunshine and the caresses of our visitors.<\/p>\n<p>Bon voyage over the rainbow bridge dear beauty, may you be free and happy on the other side. We will carry the memories of you in our hearts. We miss you!<\/p>\n<p>We thank your sponsor Maria very much for her support and loyalty!<\/p>\n<p>&nbsp;<\/p>\n<p>&nbsp;<\/p>\n<p>&nbsp;<\/p>\n<p>&nbsp;<\/p>\n<p>In Erinnerung an Beauty:<\/p>\n<p>Hallo mein Name ist Beauty.<\/p>\n<p>&nbsp;<\/p>\n<p>Nach einem Autounfall in 2015 wurde ich zu Sneha\u2018s Care gebracht. Meine hinteren Gliedma\u00dfen waren gebrochen. Ich war traumatisiert, ver\u00e4ngstigt und teilweise gel\u00e4hmt.<br \/>\nIn dieser schweren Zeit gab mich mein Besitzer auf.<\/p>\n<p>&nbsp;<\/p>\n<p>Damit ich wieder stehen konnte, musste ich gro\u00dfe Operationen \u00fcber mich ergehen lassen.<\/p>\n<p>&nbsp;<\/p>\n<p>Bei Sneha\u2019s Care habe ich nun ein neues Leben gefunden. Sneha, die mich gerettet und aufgenommen hat, bin ich sehr dankbar. Mir geht es besser, denn hier bin ich sicher, f\u00fcr mich wird gesorgt. Ich habe mich an das Tierheim gew\u00f6hnt und m\u00f6chte nicht mehr weg.<\/p>\n<p>&nbsp;<\/p>\n<p>Hunde wie ich, die schon ausgewachsen sind, finden fast nie eine Familie hier in Nepal. Weil hier viele Hunde auf sich gestellt auf der Stra\u00dfe leben m\u00fcssen, k\u00f6nnen die Menschen sich hier einfach einen Stra\u00dfenhund aussuchen &#8211; und das sind meist Welpen. In ein Tierheim muss daf\u00fcr niemand fahren. Deshalb habe ich leider keine Chance mehr, ein eigenes Zuhause zu finden.<\/p>\n<p>&nbsp;<\/p>\n<p>Ich danke Maria aus K\u00f6ln f\u00fcr die \u00dcbernahme meiner Patenschaft. Dankesch\u00f6n!<\/p>","protected":false},"excerpt":{"rendered":"<p>Gender: Female<br \/>\nGeboren: 2011<\/p>\n<p>Verstorben: 2022<br \/>\nFarbe: braun und wei\u00df<\/p>","protected":false},"featured_media":8421,"template":"","meta":[],"product_brand":[],"product_cat":[64],"product_tag":[],"class_list":{"0":"post-1285","1":"product","2":"type-product","3":"status-publish","4":"has-post-thumbnail","6":"product_cat-verstorben","8":"first","9":"instock","10":"shipping-taxable","11":"product-type-simple"},"_links":{"self":[{"href":"https:\/\/snehascare.de\/en\/wp-json\/wp\/v2\/product\/1285","targetHints":{"allow":["GET"]}}],"collection":[{"href":"https:\/\/snehascare.de\/en\/wp-json\/wp\/v2\/product"}],"about":[{"href":"https:\/\/snehascare.de\/en\/wp-json\/wp\/v2\/types\/product"}],"wp:featuredmedia":[{"embeddable":true,"href":"https:\/\/snehascare.de\/en\/wp-json\/wp\/v2\/media\/8421"}],"wp:attachment":[{"href":"https:\/\/snehascare.de\/en\/wp-json\/wp\/v2\/media?parent=1285"}],"wp:term":[{"taxonomy":"product_brand","embeddable":true,"href":"https:\/\/snehascare.de\/en\/wp-json\/wp\/v2\/product_brand?post=1285"},{"taxonomy":"product_cat","embeddable":true,"href":"https:\/\/snehascare.de\/en\/wp-json\/wp\/v2\/product_cat?post=1285"},{"taxonomy":"product_tag","embeddable":true,"href":"https:\/\/snehascare.de\/en\/wp-json\/wp\/v2\/product_tag?post=1285"}],"curies":[{"name":"wp","href":"https:\/\/api.w.org\/{rel}","templated":true}]}}