{"id":1283,"date":"2018-06-27T12:33:52","date_gmt":"2018-06-27T12:33:52","guid":{"rendered":"https:\/\/snehacare.de\/?post_type=product&#038;p=1283"},"modified":"2022-05-29T17:01:15","modified_gmt":"2022-05-29T17:01:15","slug":"biba","status":"publish","type":"product","link":"https:\/\/snehascare.de\/en\/hund\/biba\/","title":{"rendered":"Bailey (Birali)"},"content":{"rendered":"<p><img fetchpriority=\"high\" decoding=\"async\" class=\"size-medium wp-image-8423 aligncenter\" src=\"http:\/\/snehascare.de\/wp-content\/uploads\/2018\/06\/Foto-29.03.22-20-40-27-300x225.jpg\" alt=\"\" width=\"300\" height=\"225\" \/><\/p>\n<p>Der s\u00fc\u00dfeste Junge, den du hier im Tierheim vorfinden wirst, das bin ich, Bailey. Sehr jung wurde ich hier bereits aufgenommen. Ich geh\u00f6re zu den Hunden, die als Welpe gerettet wurden, zu Beginn des Tierheimes. Damals litt ich unter einer heftigen Hautkrankheit, noch zu klein, um mich auf den Stra\u00dfen selbst zu versorgen.<\/p>\n<p>&nbsp;<\/p>\n<p>Spazierg\u00e4nge mag ich ganz besonders gerne und bin zu jeder Zeit dazu bereit. Auch wenn ich sehr spitzb\u00fcbig sein kann, bin ich doch friedlich, andere w\u00fcrden sogar schl\u00e4frig behaupten. Ich lasse mich nicht vom Stress der anderen anstecken und mache es mir lieber gem\u00fctlich.<\/p>\n<p>&nbsp;<\/p>\n<p>Zu meinem Nachteil bin ich ein sch\u00fcchterner Bursche und bleibe lieber in meiner Ecke, wenn uns Menschen besuchen. So habe ich keine Chance vermittelt zu werden.<\/p>\n<p>&nbsp;<\/p>\n<p>Zu meinem Gl\u00fcck hat mich Thomas entdeckt und ich habe mit ihm einen lieben Paten gefunden. Danke!<\/p>","protected":false},"excerpt":{"rendered":"<p>Gender: Male<br \/>\nGeboren: 2016<br \/>\nFarbe: braun und wei\u00df<\/p>","protected":false},"featured_media":8423,"template":"","meta":[],"product_brand":[],"product_cat":[63],"product_tag":[],"class_list":{"0":"post-1283","1":"product","2":"type-product","3":"status-publish","4":"has-post-thumbnail","6":"product_cat-paten-gefunden","8":"first","9":"instock","10":"shipping-taxable","11":"product-type-simple"},"_links":{"self":[{"href":"https:\/\/snehascare.de\/en\/wp-json\/wp\/v2\/product\/1283","targetHints":{"allow":["GET"]}}],"collection":[{"href":"https:\/\/snehascare.de\/en\/wp-json\/wp\/v2\/product"}],"about":[{"href":"https:\/\/snehascare.de\/en\/wp-json\/wp\/v2\/types\/product"}],"wp:featuredmedia":[{"embeddable":true,"href":"https:\/\/snehascare.de\/en\/wp-json\/wp\/v2\/media\/8423"}],"wp:attachment":[{"href":"https:\/\/snehascare.de\/en\/wp-json\/wp\/v2\/media?parent=1283"}],"wp:term":[{"taxonomy":"product_brand","embeddable":true,"href":"https:\/\/snehascare.de\/en\/wp-json\/wp\/v2\/product_brand?post=1283"},{"taxonomy":"product_cat","embeddable":true,"href":"https:\/\/snehascare.de\/en\/wp-json\/wp\/v2\/product_cat?post=1283"},{"taxonomy":"product_tag","embeddable":true,"href":"https:\/\/snehascare.de\/en\/wp-json\/wp\/v2\/product_tag?post=1283"}],"curies":[{"name":"wp","href":"https:\/\/api.w.org\/{rel}","templated":true}]}}