{"id":1231,"date":"2018-06-27T10:41:35","date_gmt":"2018-06-27T10:41:35","guid":{"rendered":"https:\/\/snehacare.de\/?post_type=product&#038;p=1231"},"modified":"2022-11-13T18:41:47","modified_gmt":"2022-11-13T18:41:47","slug":"blush","status":"publish","type":"product","link":"https:\/\/snehascare.de\/en\/hund\/blush\/","title":{"rendered":"Blush (Sudhama)"},"content":{"rendered":"<p><img fetchpriority=\"high\" decoding=\"async\" class=\"size-medium wp-image-8411 aligncenter\" src=\"http:\/\/snehascare.de\/wp-content\/uploads\/2018\/06\/Foto-04.04.22-19-15-24-225x300.jpg\" alt=\"\" width=\"225\" height=\"300\" \/><\/p>\n<p>&nbsp;<\/p>\n<p><strong>In Erinnerung an Blush:\u00a0<\/strong><\/p>\n<p>Unsere liebe Blush ist von uns gegangen. Wir werden deine katzengleichen Bewegungen, deine liebe und verschmuste Art sehr vermissen. Du warst eine so liebe H\u00fcndin, hast dich am liebsten in unserem Tierartzbereich aufgehalten, wo du alles mit etwas Abstand in Ruhe beobachten konntest. Du hast es geliebt, zu spielen und auf den Arm genommen zu werden. Wir werden deine ruhige Art und deine wundersch\u00f6nen Augen sehr vermissen.<\/p>\n<p>&nbsp;<\/p>\n<p>Wir hoffen auf der anderen Seite erwarten dich jede Menge Leckerlies und gr\u00fcne Wiesen.<\/p>\n<p>&nbsp;<\/p>\n<p>Wir danken deiner Patin Sezen, dass sie dich auf deinem Weg begleitet und unterst\u00fctzt hat.<\/p>\n<p>&nbsp;<\/p>\n<p>Du fehlst!<\/p>\n<hr \/>\n<p>Remembering Blush:<\/p>\n<p>Our dear Blush has left us. We will miss your cat-like movements, your loving and cuddly nature. You were such a lovely dog, you preferred to stay in our veterinary area, where you could observe everything from a distance. You loved playing and being cuddled. We will miss your calm personality and your beautiful eyes very much.<\/p>\n<p>&nbsp;<\/p>\n<p>On the other side, we hope you can find lots of treats and green meadows.<\/p>\n<p>&nbsp;<\/p>\n<p>We thank your sponsor Sezen for accompanying and supporting you on your way.<\/p>\n<p>&nbsp;<\/p>\n<p>We miss you!<\/p>\n<p>&nbsp;<\/p>\n<hr \/>\n<p>&nbsp;<\/p>\n<p>Mein Name ist Blush und ich bin eine liebenswerte junge H\u00fcndin.<\/p>\n<p>&nbsp;<\/p>\n<p>Ich wurde als Welpe hierher gebracht wegen meines verkr\u00fcmmten Vorderfu\u00dfes. Diesen habe ich einem Autounfall zu verdanken. Ich wurde in 2017 vom Swyambhunath (bekannter Affentempel im Westen von Kathmandu) hierher gebracht, nachdem Sneha\u2019s Care benachrichtigt wurde. Ich hoffe auf ein neues Heim. Aufgrund meiner Verkr\u00fcmmung stehen die Chancen aber nicht gut. Obwohl ich auch mit der verkr\u00fcmmten Pfote sehr hoch springen kann und mich elegant wie eine Katze bewege.<\/p>\n<p>&nbsp;<\/p>\n<div>Ich bin eine liebe und ruhige H\u00fcndin.\u00a0 Genie\u00dfe es auf den Arm genommen und geschmust zu werden. Wenn man mit mir spielt, bin ich ganz sch\u00f6n flink. Trotz meines verkr\u00fcmmten Vorderfu\u00dfes springe und renne ich ohne Probleme. Ich halte mich am liebsten im Tierarztbereich auf. Hier habe ich meine Ruhe, kann aber alles im Blick behalten.<\/div>\n<p>&nbsp;<\/p>\n<p>Hunde wie ich, die schon ausgewachsen sind, finden fast nie eine Familie hier in Nepal. Weil hier viele Hunde auf sich gestellt auf der Stra\u00dfe leben m\u00fcssen, k\u00f6nnen die Menschen sich hier einfach einen Stra\u00dfenhund aussuchen &#8211; und das sind meist gesunde Welpen. In ein Tierheim muss daf\u00fcr niemand fahren. Deshalb habe ich leider keine Chance mehr, ein eigenes Zuhause zu finden.<\/p>\n<p>&nbsp;<\/p>\n<p>Mit Sezen habe ich eine sehr liebe Patin gefunden. Dar\u00fcber freue ich mich sehr und sage herzlichst DANKE!<\/p>","protected":false},"excerpt":{"rendered":"<p>Gender: Female<br \/>\nBorn: 2017<\/p>\n<p>Gestorben: 13.11.2022<br \/>\nColour: Black, brown<\/p>","protected":false},"featured_media":8411,"template":"","meta":[],"product_brand":[],"product_cat":[64],"product_tag":[],"class_list":{"0":"post-1231","1":"product","2":"type-product","3":"status-publish","4":"has-post-thumbnail","6":"product_cat-verstorben","8":"first","9":"instock","10":"shipping-taxable","11":"product-type-simple"},"_links":{"self":[{"href":"https:\/\/snehascare.de\/en\/wp-json\/wp\/v2\/product\/1231","targetHints":{"allow":["GET"]}}],"collection":[{"href":"https:\/\/snehascare.de\/en\/wp-json\/wp\/v2\/product"}],"about":[{"href":"https:\/\/snehascare.de\/en\/wp-json\/wp\/v2\/types\/product"}],"wp:featuredmedia":[{"embeddable":true,"href":"https:\/\/snehascare.de\/en\/wp-json\/wp\/v2\/media\/8411"}],"wp:attachment":[{"href":"https:\/\/snehascare.de\/en\/wp-json\/wp\/v2\/media?parent=1231"}],"wp:term":[{"taxonomy":"product_brand","embeddable":true,"href":"https:\/\/snehascare.de\/en\/wp-json\/wp\/v2\/product_brand?post=1231"},{"taxonomy":"product_cat","embeddable":true,"href":"https:\/\/snehascare.de\/en\/wp-json\/wp\/v2\/product_cat?post=1231"},{"taxonomy":"product_tag","embeddable":true,"href":"https:\/\/snehascare.de\/en\/wp-json\/wp\/v2\/product_tag?post=1231"}],"curies":[{"name":"wp","href":"https:\/\/api.w.org\/{rel}","templated":true}]}}