{"id":4995,"date":"2022-04-03T15:12:25","date_gmt":"2022-04-03T15:12:25","guid":{"rendered":"http:\/\/snehascare.de\/?page_id=4995"},"modified":"2022-06-13T18:24:53","modified_gmt":"2022-06-13T18:24:53","slug":"volunteer-werden","status":"publish","type":"page","link":"https:\/\/snehascare.de\/en\/volunteer-werden\/","title":{"rendered":"Become a volunteer"},"content":{"rendered":"<div data-elementor-type=\"wp-page\" data-elementor-id=\"4995\" class=\"elementor elementor-4995\">\n\t\t\t\t\t\t<section class=\"elementor-section elementor-top-section elementor-element elementor-element-e482b64 qodef-elementor-content-grid elementor-section-boxed elementor-section-height-default elementor-section-height-default\" data-id=\"e482b64\" data-element_type=\"section\">\n\t\t\t\t\t\t<div class=\"elementor-container elementor-column-gap-default\">\n\t\t\t\t\t<div class=\"elementor-column elementor-col-50 elementor-top-column elementor-element elementor-element-9c3d3bf\" data-id=\"9c3d3bf\" data-element_type=\"column\">\n\t\t\t<div class=\"elementor-widget-wrap elementor-element-populated\">\n\t\t\t\t\t\t<div class=\"elementor-element elementor-element-e46c3ae elementor-widget elementor-widget-rightcause_core_section_title\" data-id=\"e46c3ae\" data-element_type=\"widget\" data-widget_type=\"rightcause_core_section_title.default\">\n\t\t\t\t<div class=\"elementor-widget-container\">\n\t\t\t\t\t<div class=\"qodef-shortcode qodef-m  qodef-section-title qodef-alignment--left\">\n\t\t\t\t\t<h2 class=\"qodef-m-title\" >\n\t\t\t\t\tSupport Nepal's largest animal sanctuary as a volunteer!\t\t\t<\/h2>\n\t<\/div>\t\t\t\t<\/div>\n\t\t\t\t<\/div>\n\t\t\t\t<div class=\"elementor-element elementor-element-6724223 elementor-widget elementor-widget-text-editor\" data-id=\"6724223\" data-element_type=\"widget\" data-widget_type=\"text-editor.default\">\n\t\t\t\t<div class=\"elementor-widget-container\">\n\t\t\t\t\t\t\t\t\t<p>As a volunteer at Sneha's Care in Nepal, you will work with Sneha's team to care for former street dogs who are recovering from injuries and abuse at the shelter and are looking for homes.<span class=\"Apple-converted-space\">\u00a0<\/span><\/p><p>Become part of a multicultural team and get to know the people and life in Nepal.<\/p>\t\t\t\t\t\t\t\t<\/div>\n\t\t\t\t<\/div>\n\t\t\t\t\t<\/div>\n\t\t<\/div>\n\t\t\t\t<div class=\"elementor-column elementor-col-50 elementor-top-column elementor-element elementor-element-e02a9f1\" data-id=\"e02a9f1\" data-element_type=\"column\">\n\t\t\t<div class=\"elementor-widget-wrap elementor-element-populated\">\n\t\t\t\t\t\t<div class=\"elementor-element elementor-element-ca1a00e elementor-widget elementor-widget-text-editor\" data-id=\"ca1a00e\" data-element_type=\"widget\" data-widget_type=\"text-editor.default\">\n\t\t\t\t<div class=\"elementor-widget-container\">\n\t\t\t\t\t\t\t\t\t<p>The following tasks are waiting for you:<\/p><ul><li class=\"p1\">Helping to feed all the animals and keep the kennels clean.<\/li><li class=\"p1\">Play with the dogs in the shelter's outdoor area and go for walks with them.<\/li><li class=\"p1\">Helping to rehabilitate traumatized animals so that they can trust people again.<\/li><li class=\"p1\">You will go out with our rescue team, for example when an injured animal has been reported and needs to be caught.<\/li><li>You will help to reintegrate recovered dogs into their Communities..<\/li><li>General housekeeping and maintenance<\/li><\/ul>\t\t\t\t\t\t\t\t<\/div>\n\t\t\t\t<\/div>\n\t\t\t\t\t<\/div>\n\t\t<\/div>\n\t\t\t\t\t<\/div>\n\t\t<\/section>\n\t\t\t\t<section class=\"elementor-section elementor-top-section elementor-element elementor-element-7fa2380 elementor-section-height-min-height elementor-section-boxed elementor-section-height-default elementor-section-items-middle qodef-elementor-content-no\" data-id=\"7fa2380\" data-element_type=\"section\" data-settings=\"{&quot;background_background&quot;:&quot;classic&quot;}\">\n\t\t\t\t\t\t<div class=\"elementor-container elementor-column-gap-default\">\n\t\t\t\t\t<div class=\"elementor-column elementor-col-100 elementor-top-column elementor-element elementor-element-59d8df8\" data-id=\"59d8df8\" data-element_type=\"column\">\n\t\t\t<div class=\"elementor-widget-wrap\">\n\t\t\t\t\t\t\t<\/div>\n\t\t<\/div>\n\t\t\t\t\t<\/div>\n\t\t<\/section>\n\t\t\t\t<section class=\"elementor-section elementor-top-section elementor-element elementor-element-df97300 qodef-elementor-content-grid elementor-section-boxed elementor-section-height-default elementor-section-height-default\" data-id=\"df97300\" data-element_type=\"section\">\n\t\t\t\t\t\t<div class=\"elementor-container elementor-column-gap-default\">\n\t\t\t\t\t<div class=\"elementor-column elementor-col-50 elementor-top-column elementor-element elementor-element-4e1216a\" data-id=\"4e1216a\" data-element_type=\"column\">\n\t\t\t<div class=\"elementor-widget-wrap elementor-element-populated\">\n\t\t\t\t\t\t<div class=\"elementor-element elementor-element-c46947e elementor-widget elementor-widget-text-editor\" data-id=\"c46947e\" data-element_type=\"widget\" data-widget_type=\"text-editor.default\">\n\t\t\t\t<div class=\"elementor-widget-container\">\n\t\t\t\t\t\t\t\t\t<p class=\"p1\">Perhaps you are a trained keeper or vet? If so, you could provide expert support to our clinic team during medical treatments and surgeries.<\/p><p class=\"p1\">You'll still have plenty of time to enjoy the sun with the rest of the team over a cup of tea or coffee, explore Kathmandu, or spend time with the animals you've grown to love.<\/p>\t\t\t\t\t\t\t\t<\/div>\n\t\t\t\t<\/div>\n\t\t\t\t\t<\/div>\n\t\t<\/div>\n\t\t\t\t<div class=\"elementor-column elementor-col-50 elementor-top-column elementor-element elementor-element-147d6f5\" data-id=\"147d6f5\" data-element_type=\"column\">\n\t\t\t<div class=\"elementor-widget-wrap elementor-element-populated\">\n\t\t\t\t\t\t<div class=\"elementor-element elementor-element-74dbbf4 elementor-widget elementor-widget-text-editor\" data-id=\"74dbbf4\" data-element_type=\"widget\" data-widget_type=\"text-editor.default\">\n\t\t\t\t<div class=\"elementor-widget-container\">\n\t\t\t\t\t\t\t\t\t<p>What we expect by you:<\/p><p>You love animals and don't mind dusty dog paws. You are willing to lend a helping hand and enjoy getting to know the people and life in Nepal.<span class=\"Apple-converted-space\">\u00a0<\/span><\/p><p>You will also need a rabies vaccination to work with street dogs.<\/p><p>We look forward to hearing from you! Just send an email to <a href=\"mailto:info@snehacare.de\">info@snehacare.de<\/a>.<\/p>\t\t\t\t\t\t\t\t<\/div>\n\t\t\t\t<\/div>\n\t\t\t\t\t<\/div>\n\t\t<\/div>\n\t\t\t\t\t<\/div>\n\t\t<\/section>\n\t\t\t\t<section class=\"elementor-section elementor-top-section elementor-element elementor-element-ea2d09f elementor-section-height-min-height elementor-section-boxed elementor-section-height-default elementor-section-items-middle qodef-elementor-content-no\" data-id=\"ea2d09f\" data-element_type=\"section\" data-settings=\"{&quot;background_background&quot;:&quot;classic&quot;}\">\n\t\t\t\t\t\t<div class=\"elementor-container elementor-column-gap-default\">\n\t\t\t\t\t<div class=\"elementor-column elementor-col-100 elementor-top-column elementor-element elementor-element-32550f3\" data-id=\"32550f3\" data-element_type=\"column\">\n\t\t\t<div class=\"elementor-widget-wrap\">\n\t\t\t\t\t\t\t<\/div>\n\t\t<\/div>\n\t\t\t\t\t<\/div>\n\t\t<\/section>\n\t\t\t\t<section class=\"elementor-section elementor-top-section elementor-element elementor-element-f754863 qodef-elementor-content-grid elementor-section-boxed elementor-section-height-default elementor-section-height-default\" data-id=\"f754863\" data-element_type=\"section\">\n\t\t\t\t\t\t<div class=\"elementor-container elementor-column-gap-default\">\n\t\t\t\t\t<div class=\"elementor-column elementor-col-50 elementor-top-column elementor-element elementor-element-34e24f4\" data-id=\"34e24f4\" data-element_type=\"column\">\n\t\t\t<div class=\"elementor-widget-wrap elementor-element-populated\">\n\t\t\t\t\t\t<div class=\"elementor-element elementor-element-54ddbfc elementor-widget elementor-widget-rightcause_core_section_title\" data-id=\"54ddbfc\" data-element_type=\"widget\" data-widget_type=\"rightcause_core_section_title.default\">\n\t\t\t\t<div class=\"elementor-widget-container\">\n\t\t\t\t\t<div class=\"qodef-shortcode qodef-m  qodef-section-title qodef-alignment--left\">\n\t\t\t\t\t<\/div>\t\t\t\t<\/div>\n\t\t\t\t<\/div>\n\t\t\t\t\t<\/div>\n\t\t<\/div>\n\t\t\t\t<div class=\"elementor-column elementor-col-50 elementor-top-column elementor-element elementor-element-27bbc11\" data-id=\"27bbc11\" data-element_type=\"column\">\n\t\t\t<div class=\"elementor-widget-wrap elementor-element-populated\">\n\t\t\t\t\t\t<div class=\"elementor-element elementor-element-aa73242 elementor-widget elementor-widget-text-editor\" data-id=\"aa73242\" data-element_type=\"widget\" data-widget_type=\"text-editor.default\">\n\t\t\t\t<div class=\"elementor-widget-container\">\n\t\t\t\t\t\t\t\t\t<h2><b>Be part of an international team<\/b><\/h2><p class=\"p1\">As a volunteer, you will be part of the Sneha team, which consists mainly of Nepalese, with active support from volunteers from all over the world. The Sneha's Care team looks forward to working with animal lovers from other countries, sharing meals and free time together. Many friendships have already been formed at Sneha's Care.<\/p><p class=\"p2\"><span class=\"Apple-converted-space\">\u00a0<\/span><\/p><p class=\"p1\"><b>Interested? Contact us for further details: <\/b><a href=\"mailto:info@snehacare.de\"><span class=\"s1\"><b>info@snehacare.de<\/b><\/span><\/a><\/p>\t\t\t\t\t\t\t\t<\/div>\n\t\t\t\t<\/div>\n\t\t\t\t\t<\/div>\n\t\t<\/div>\n\t\t\t\t\t<\/div>\n\t\t<\/section>\n\t\t\t\t<\/div>","protected":false},"excerpt":{"rendered":"<p>Unterst\u00fctze Nepals gr\u00f6\u00dftes Tierheim als Volunteer vor Ort! Als Freiwillige oder Freiwilliger bei Sneha&#8217;s Care in Nepal k\u00fcmmerst Du Dich gemeinsam mit Sneha\u2019s Team um ehemalige Stra\u00dfenhunde, die sich im Tierheim von Verletzungen und Missbrauch erholen und auf der Suche nach einem Zuhause sind.\u00a0 Werde Teil eines multikulturellen Teams und lerne die Menschen und das [&hellip;]<\/p>","protected":false},"author":1,"featured_media":0,"parent":0,"menu_order":0,"comment_status":"closed","ping_status":"closed","template":"page-full-width.php","meta":{"footnotes":""},"class_list":["post-4995","page","type-page","status-publish","hentry"],"_links":{"self":[{"href":"https:\/\/snehascare.de\/en\/wp-json\/wp\/v2\/pages\/4995","targetHints":{"allow":["GET"]}}],"collection":[{"href":"https:\/\/snehascare.de\/en\/wp-json\/wp\/v2\/pages"}],"about":[{"href":"https:\/\/snehascare.de\/en\/wp-json\/wp\/v2\/types\/page"}],"author":[{"embeddable":true,"href":"https:\/\/snehascare.de\/en\/wp-json\/wp\/v2\/users\/1"}],"replies":[{"embeddable":true,"href":"https:\/\/snehascare.de\/en\/wp-json\/wp\/v2\/comments?post=4995"}],"version-history":[{"count":21,"href":"https:\/\/snehascare.de\/en\/wp-json\/wp\/v2\/pages\/4995\/revisions"}],"predecessor-version":[{"id":8724,"href":"https:\/\/snehascare.de\/en\/wp-json\/wp\/v2\/pages\/4995\/revisions\/8724"}],"wp:attachment":[{"href":"https:\/\/snehascare.de\/en\/wp-json\/wp\/v2\/media?parent=4995"}],"curies":[{"name":"wp","href":"https:\/\/api.w.org\/{rel}","templated":true}]}}