{"id":4956,"date":"2022-04-03T14:55:57","date_gmt":"2022-04-03T14:55:57","guid":{"rendered":"http:\/\/snehascare.de\/?page_id=4956"},"modified":"2022-05-24T14:01:57","modified_gmt":"2022-05-24T14:01:57","slug":"tierheim-und-lebenshof","status":"publish","type":"page","link":"https:\/\/snehascare.de\/en\/tierheim-und-lebenshof\/","title":{"rendered":"Shelter and Sanctuary"},"content":{"rendered":"<div data-elementor-type=\"wp-page\" data-elementor-id=\"4956\" class=\"elementor elementor-4956\">\n\t\t\t\t\t\t<section class=\"elementor-section elementor-top-section elementor-element elementor-element-ffe8c6d qodef-elementor-content-grid elementor-section-stretched elementor-section-boxed elementor-section-height-default elementor-section-height-default\" data-id=\"ffe8c6d\" data-element_type=\"section\" data-settings=\"{&quot;stretch_section&quot;:&quot;section-stretched&quot;,&quot;background_background&quot;:&quot;classic&quot;}\">\n\t\t\t\t\t\t<div class=\"elementor-container elementor-column-gap-default\">\n\t\t\t\t\t<div class=\"elementor-column elementor-col-100 elementor-top-column elementor-element elementor-element-ec686b3\" data-id=\"ec686b3\" data-element_type=\"column\">\n\t\t\t<div class=\"elementor-widget-wrap elementor-element-populated\">\n\t\t\t\t\t\t<div class=\"elementor-element elementor-element-d7638f8 elementor-widget elementor-widget-image\" data-id=\"d7638f8\" data-element_type=\"widget\" data-widget_type=\"image.default\">\n\t\t\t\t<div class=\"elementor-widget-container\">\n\t\t\t\t\t\t\t\t\t\t\t\t\t\t\t<img fetchpriority=\"high\" decoding=\"async\" width=\"1200\" height=\"900\" src=\"https:\/\/snehascare.de\/wp-content\/uploads\/2022\/03\/foerdermitglied-werden.jpg\" class=\"attachment-full size-full wp-image-4848\" alt=\"\" srcset=\"https:\/\/snehascare.de\/wp-content\/uploads\/2022\/03\/foerdermitglied-werden.jpg 1200w, https:\/\/snehascare.de\/wp-content\/uploads\/2022\/03\/foerdermitglied-werden-600x450.jpg 600w, https:\/\/snehascare.de\/wp-content\/uploads\/2022\/03\/foerdermitglied-werden-300x225.jpg 300w, https:\/\/snehascare.de\/wp-content\/uploads\/2022\/03\/foerdermitglied-werden-1024x768.jpg 1024w, https:\/\/snehascare.de\/wp-content\/uploads\/2022\/03\/foerdermitglied-werden-768x576.jpg 768w\" sizes=\"(max-width: 1200px) 100vw, 1200px\" \/>\t\t\t\t\t\t\t\t\t\t\t\t\t\t\t<\/div>\n\t\t\t\t<\/div>\n\t\t\t\t\t<\/div>\n\t\t<\/div>\n\t\t\t\t\t<\/div>\n\t\t<\/section>\n\t\t\t\t<section class=\"elementor-section elementor-top-section elementor-element elementor-element-e482b64 qodef-elementor-content-grid elementor-section-stretched elementor-section-boxed elementor-section-height-default elementor-section-height-default\" data-id=\"e482b64\" data-element_type=\"section\" data-settings=\"{&quot;stretch_section&quot;:&quot;section-stretched&quot;,&quot;background_background&quot;:&quot;classic&quot;}\">\n\t\t\t\t\t\t<div class=\"elementor-container elementor-column-gap-default\">\n\t\t\t\t\t<div class=\"elementor-column elementor-col-50 elementor-top-column elementor-element elementor-element-9c3d3bf\" data-id=\"9c3d3bf\" data-element_type=\"column\">\n\t\t\t<div class=\"elementor-widget-wrap elementor-element-populated\">\n\t\t\t\t\t\t<div class=\"elementor-element elementor-element-54ddbfc elementor-widget elementor-widget-rightcause_core_section_title\" data-id=\"54ddbfc\" data-element_type=\"widget\" data-widget_type=\"rightcause_core_section_title.default\">\n\t\t\t\t<div class=\"elementor-widget-container\">\n\t\t\t\t\t<div class=\"qodef-shortcode qodef-m  qodef-section-title qodef-alignment--left\">\n\t\t\t\t\t<h2 class=\"qodef-m-title\" >\n\t\t\t\t\tNews from the shelter and sanctuary\t\t\t<\/h2>\n\t<\/div>\t\t\t\t<\/div>\n\t\t\t\t<\/div>\n\t\t\t\t<div class=\"elementor-element elementor-element-6724223 elementor-widget elementor-widget-text-editor\" data-id=\"6724223\" data-element_type=\"widget\" data-widget_type=\"text-editor.default\">\n\t\t\t\t<div class=\"elementor-widget-container\">\n\t\t\t\t\t\t\t\t\t<p class=\"p1\">Sneha's Care not only helps street dogs, but also abandoned farm animals such as cows, which often wander the busy roads of the Kathmandu Valley in search of food.<\/p><p class=\"p1\">\u00a0<\/p><p class=\"p1\">Male calves unsuitable for milk production are often abandoned by their owners because slaughter is illegal in Nepal. The Nepalese government does not yet have a conservation programme for these animals. Sneha's Care would like to change this and has therefore contacted the relevant government departments to draw up regulations for the protection of calves, but also for \"farm animals\" in general.<\/p><p class=\"p1\">\u00a0<\/p>\t\t\t\t\t\t\t\t<\/div>\n\t\t\t\t<\/div>\n\t\t\t\t\t<\/div>\n\t\t<\/div>\n\t\t\t\t<div class=\"elementor-column elementor-col-50 elementor-top-column elementor-element elementor-element-282f78a\" data-id=\"282f78a\" data-element_type=\"column\">\n\t\t\t<div class=\"elementor-widget-wrap elementor-element-populated\">\n\t\t\t\t\t\t<div class=\"elementor-element elementor-element-581e771 elementor-widget elementor-widget-text-editor\" data-id=\"581e771\" data-element_type=\"widget\" data-widget_type=\"text-editor.default\">\n\t\t\t\t<div class=\"elementor-widget-container\">\n\t\t\t\t\t\t\t\t\t<p class=\"p1\">Many of these homeless farm animals find help and a new home at Sneha's Sanctuary<\/p><p class=\"p1\">Your donation will also support Sneha's Sanctuary and the campaign work.<\/p>\t\t\t\t\t\t\t\t<\/div>\n\t\t\t\t<\/div>\n\t\t\t\t<div class=\"elementor-element elementor-element-bcaef31 elementor-widget elementor-widget-rightcause_core_button\" data-id=\"bcaef31\" data-element_type=\"widget\" data-widget_type=\"rightcause_core_button.default\">\n\t\t\t\t<div class=\"elementor-widget-container\">\n\t\t\t\t\t<a class=\"qodef-shortcode qodef-m  qodef-button qodef-layout--filled  qodef-html--link\" href=\"https:\/\/snehascare.de\/en\/spenden\/\" target=\"_self\"  >\n    \t<span class=\"qodef-m-text\">DONATE NOW<\/span>\n<\/a>\n\t\t\t\t<\/div>\n\t\t\t\t<\/div>\n\t\t\t\t\t<\/div>\n\t\t<\/div>\n\t\t\t\t\t<\/div>\n\t\t<\/section>\n\t\t\t\t<section class=\"elementor-section elementor-top-section elementor-element elementor-element-26051904 qodef-elementor-content-grid elementor-section-stretched elementor-section-boxed elementor-section-height-default elementor-section-height-default\" data-id=\"26051904\" data-element_type=\"section\" data-settings=\"{&quot;background_background&quot;:&quot;classic&quot;,&quot;stretch_section&quot;:&quot;section-stretched&quot;}\">\n\t\t\t\t\t\t<div class=\"elementor-container elementor-column-gap-default\">\n\t\t\t\t\t<div class=\"elementor-column elementor-col-50 elementor-top-column elementor-element elementor-element-7112c7f2\" data-id=\"7112c7f2\" data-element_type=\"column\">\n\t\t\t<div class=\"elementor-widget-wrap elementor-element-populated\">\n\t\t\t\t\t\t<div class=\"elementor-element elementor-element-5691ffa3 elementor-widget elementor-widget-html\" data-id=\"5691ffa3\" data-element_type=\"widget\" data-widget_type=\"html.default\">\n\t\t\t\t<div class=\"elementor-widget-container\">\n\t\t\t\t\t<div class=\"fb-page\" data-href=\"https:\/\/www.facebook.com\/Snehascaredeutschland\" data-tabs=\"timeline\" data-width=\"\" data-height=\"\" data-small-header=\"false\" data-adapt-container-width=\"true\" data-hide-cover=\"false\" data-show-facepile=\"true\"><blockquote cite=\"https:\/\/www.facebook.com\/Snehascaredeutschland\" class=\"fb-xfbml-parse-ignore\"><a href=\"https:\/\/www.facebook.com\/Snehascaredeutschland\">Sneha&#039;s Care Deutschland e.V.<\/a><\/blockquote><\/div>\t\t\t\t<\/div>\n\t\t\t\t<\/div>\n\t\t\t\t\t<\/div>\n\t\t<\/div>\n\t\t\t\t<div class=\"elementor-column elementor-col-50 elementor-top-column elementor-element elementor-element-199023e9\" data-id=\"199023e9\" data-element_type=\"column\">\n\t\t\t<div class=\"elementor-widget-wrap elementor-element-populated\">\n\t\t\t\t\t\t<div class=\"elementor-element elementor-element-7432a8a8 elementor-widget elementor-widget-text-editor\" data-id=\"7432a8a8\" data-element_type=\"widget\" data-widget_type=\"text-editor.default\">\n\t\t\t\t<div class=\"elementor-widget-container\">\n\t\t\t\t\t\t\t\t\t<p>[instagram-feed feed=2]<\/p>\t\t\t\t\t\t\t\t<\/div>\n\t\t\t\t<\/div>\n\t\t\t\t\t<\/div>\n\t\t<\/div>\n\t\t\t\t\t<\/div>\n\t\t<\/section>\n\t\t\t\t<\/div>","protected":false},"excerpt":{"rendered":"<p>Neues aus dem Tierheim und Lebenshof Bei Sneha\u2019s Care finden nicht nur Stra\u00dfenhunde Hilfe: Das Tierheim k\u00fcmmert sich auch um ausgesetzte ehemalige \u201eNutztiere\u201c wie K\u00fche, die h\u00e4ufig auf den vielbefahrenen Stra\u00dfen im Kathmandu-Tal auf der Suche nach Nahrung umherirren. \u00a0 M\u00e4nnliche K\u00e4lber, die f\u00fcr die Milchproduktion ungeeignet sind, setzen ihre Besitzer h\u00e4ufig aus, denn die [&hellip;]<\/p>","protected":false},"author":1,"featured_media":0,"parent":0,"menu_order":0,"comment_status":"closed","ping_status":"closed","template":"","meta":{"footnotes":""},"class_list":["post-4956","page","type-page","status-publish","hentry"],"_links":{"self":[{"href":"https:\/\/snehascare.de\/en\/wp-json\/wp\/v2\/pages\/4956","targetHints":{"allow":["GET"]}}],"collection":[{"href":"https:\/\/snehascare.de\/en\/wp-json\/wp\/v2\/pages"}],"about":[{"href":"https:\/\/snehascare.de\/en\/wp-json\/wp\/v2\/types\/page"}],"author":[{"embeddable":true,"href":"https:\/\/snehascare.de\/en\/wp-json\/wp\/v2\/users\/1"}],"replies":[{"embeddable":true,"href":"https:\/\/snehascare.de\/en\/wp-json\/wp\/v2\/comments?post=4956"}],"version-history":[{"count":20,"href":"https:\/\/snehascare.de\/en\/wp-json\/wp\/v2\/pages\/4956\/revisions"}],"predecessor-version":[{"id":8548,"href":"https:\/\/snehascare.de\/en\/wp-json\/wp\/v2\/pages\/4956\/revisions\/8548"}],"wp:attachment":[{"href":"https:\/\/snehascare.de\/en\/wp-json\/wp\/v2\/media?parent=4956"}],"curies":[{"name":"wp","href":"https:\/\/api.w.org\/{rel}","templated":true}]}}