{"id":4932,"date":"2022-03-28T18:19:17","date_gmt":"2022-03-28T18:19:17","guid":{"rendered":"http:\/\/snehascare.de\/?page_id=4932"},"modified":"2022-06-05T17:28:06","modified_gmt":"2022-06-05T17:28:06","slug":"patenschaft-verschenken","status":"publish","type":"page","link":"https:\/\/snehascare.de\/en\/patenschaft-verschenken\/","title":{"rendered":"Gift sponsorhips"},"content":{"rendered":"<div data-elementor-type=\"wp-page\" data-elementor-id=\"4932\" class=\"elementor elementor-4932\">\n\t\t\t\t\t\t<section class=\"elementor-section elementor-top-section elementor-element elementor-element-e482b64 qodef-elementor-content-grid elementor-section-boxed elementor-section-height-default elementor-section-height-default\" data-id=\"e482b64\" data-element_type=\"section\">\n\t\t\t\t\t\t<div class=\"elementor-container elementor-column-gap-default\">\n\t\t\t\t\t<div class=\"elementor-column elementor-col-50 elementor-top-column elementor-element elementor-element-9c3d3bf\" data-id=\"9c3d3bf\" data-element_type=\"column\">\n\t\t\t<div class=\"elementor-widget-wrap elementor-element-populated\">\n\t\t\t\t\t\t<div class=\"elementor-element elementor-element-6724223 elementor-widget elementor-widget-text-editor\" data-id=\"6724223\" data-element_type=\"widget\" data-widget_type=\"text-editor.default\">\n\t\t\t\t<div class=\"elementor-widget-container\">\n\t\t\t\t\t\t\t\t\t<p class=\"p1\">Looking for a gift for an animal lover who already has everything? Why not give them a year's sponsorship of a dog, cow, goat or pig?<\/p><p class=\"p1\">We will send you a sponsorship certificate that you can print out and give away. You will also receive a donation receipt.<\/p><p class=\"p1\">The recipient will receive an email from us:<\/p><ul class=\"ul1\"><li class=\"li1\">Up-to-date photos of the sponsored animal<\/li><li class=\"li1\">Regular updates on the animal's progress<\/li><\/ul>\t\t\t\t\t\t\t\t<\/div>\n\t\t\t\t<\/div>\n\t\t\t\t<div class=\"elementor-element elementor-element-2f29b6e elementor-widget elementor-widget-rightcause_core_button\" data-id=\"2f29b6e\" data-element_type=\"widget\" data-widget_type=\"rightcause_core_button.default\">\n\t\t\t\t<div class=\"elementor-widget-container\">\n\t\t\t\t\t<a class=\"qodef-shortcode qodef-m  qodef-button qodef-layout--filled  qodef-html--link\" href=\"https:\/\/snehascare.de\/en\/patenschaft\/\" target=\"_self\"  >\n    \t<span class=\"qodef-m-text\">Yes, I give away a sponsorship<\/span>\n<\/a>\n\t\t\t\t<\/div>\n\t\t\t\t<\/div>\n\t\t\t\t\t<\/div>\n\t\t<\/div>\n\t\t\t\t<div class=\"elementor-column elementor-col-50 elementor-top-column elementor-element elementor-element-e02a9f1\" data-id=\"e02a9f1\" data-element_type=\"column\">\n\t\t\t<div class=\"elementor-widget-wrap elementor-element-populated\">\n\t\t\t\t\t\t<div class=\"elementor-element elementor-element-fd3c651 elementor-widget elementor-widget-image\" data-id=\"fd3c651\" data-element_type=\"widget\" data-widget_type=\"image.default\">\n\t\t\t\t<div class=\"elementor-widget-container\">\n\t\t\t\t\t\t\t\t\t\t\t\t\t\t\t<img fetchpriority=\"high\" decoding=\"async\" width=\"820\" height=\"1024\" src=\"https:\/\/snehascare.de\/wp-content\/uploads\/2022\/05\/266075072_2202874529861539_7947031377808289393_n-820x1024.jpg\" class=\"attachment-large size-large wp-image-8454\" alt=\"\" srcset=\"https:\/\/snehascare.de\/wp-content\/uploads\/2022\/05\/266075072_2202874529861539_7947031377808289393_n-820x1024.jpg 820w, https:\/\/snehascare.de\/wp-content\/uploads\/2022\/05\/266075072_2202874529861539_7947031377808289393_n-240x300.jpg 240w, https:\/\/snehascare.de\/wp-content\/uploads\/2022\/05\/266075072_2202874529861539_7947031377808289393_n-768x960.jpg 768w, https:\/\/snehascare.de\/wp-content\/uploads\/2022\/05\/266075072_2202874529861539_7947031377808289393_n-600x750.jpg 600w, https:\/\/snehascare.de\/wp-content\/uploads\/2022\/05\/266075072_2202874529861539_7947031377808289393_n.jpg 926w\" sizes=\"(max-width: 820px) 100vw, 820px\" \/>\t\t\t\t\t\t\t\t\t\t\t\t\t\t\t<\/div>\n\t\t\t\t<\/div>\n\t\t\t\t\t<\/div>\n\t\t<\/div>\n\t\t\t\t\t<\/div>\n\t\t<\/section>\n\t\t\t\t<section class=\"elementor-section elementor-top-section elementor-element elementor-element-e32fc34 elementor-section-boxed elementor-section-height-default elementor-section-height-default qodef-elementor-content-no\" data-id=\"e32fc34\" data-element_type=\"section\">\n\t\t\t\t\t\t<div class=\"elementor-container elementor-column-gap-default\">\n\t\t\t\t\t<div class=\"elementor-column elementor-col-100 elementor-top-column elementor-element elementor-element-f115f93\" data-id=\"f115f93\" data-element_type=\"column\">\n\t\t\t<div class=\"elementor-widget-wrap\">\n\t\t\t\t\t\t\t<\/div>\n\t\t<\/div>\n\t\t\t\t\t<\/div>\n\t\t<\/section>\n\t\t\t\t<\/div>","protected":false},"excerpt":{"rendered":"<p>Sie suchen ein Geschenk f\u00fcr einen tierlieben Menschen, der schon alles hat? Verschenken Sie doch eine Jahrespatenschaft f\u00fcr einen Hund, eine Kuh, eine Ziege oder ein Schwein! Sie erhalten von uns eine Patenschaftsurkunde, die Sie ausdrucken und verschenken k\u00f6nnen. Selbstverst\u00e4ndlich erhalten Sie auch eine Spendenbescheinigung. Die Beschenkte oder der Beschenkte erh\u00e4lt von uns per E-Mail: [&hellip;]<\/p>","protected":false},"author":1,"featured_media":0,"parent":0,"menu_order":0,"comment_status":"closed","ping_status":"closed","template":"page-full-width.php","meta":{"footnotes":""},"class_list":["post-4932","page","type-page","status-publish","hentry"],"_links":{"self":[{"href":"https:\/\/snehascare.de\/en\/wp-json\/wp\/v2\/pages\/4932","targetHints":{"allow":["GET"]}}],"collection":[{"href":"https:\/\/snehascare.de\/en\/wp-json\/wp\/v2\/pages"}],"about":[{"href":"https:\/\/snehascare.de\/en\/wp-json\/wp\/v2\/types\/page"}],"author":[{"embeddable":true,"href":"https:\/\/snehascare.de\/en\/wp-json\/wp\/v2\/users\/1"}],"replies":[{"embeddable":true,"href":"https:\/\/snehascare.de\/en\/wp-json\/wp\/v2\/comments?post=4932"}],"version-history":[{"count":16,"href":"https:\/\/snehascare.de\/en\/wp-json\/wp\/v2\/pages\/4932\/revisions"}],"predecessor-version":[{"id":8663,"href":"https:\/\/snehascare.de\/en\/wp-json\/wp\/v2\/pages\/4932\/revisions\/8663"}],"wp:attachment":[{"href":"https:\/\/snehascare.de\/en\/wp-json\/wp\/v2\/media?parent=4932"}],"curies":[{"name":"wp","href":"https:\/\/api.w.org\/{rel}","templated":true}]}}