{"id":4873,"date":"2022-03-28T17:31:43","date_gmt":"2022-03-28T17:31:43","guid":{"rendered":"http:\/\/snehascare.de\/?page_id=4873"},"modified":"2022-05-14T12:08:03","modified_gmt":"2022-05-14T12:08:03","slug":"spende-verschenken","status":"publish","type":"page","link":"https:\/\/snehascare.de\/en\/spende-verschenken\/","title":{"rendered":"Gift donations"},"content":{"rendered":"<div data-elementor-type=\"wp-page\" data-elementor-id=\"4873\" class=\"elementor elementor-4873\">\n\t\t\t\t\t\t<section class=\"elementor-section elementor-top-section elementor-element elementor-element-e482b64 qodef-elementor-content-grid elementor-section-boxed elementor-section-height-default elementor-section-height-default\" data-id=\"e482b64\" data-element_type=\"section\">\n\t\t\t\t\t\t<div class=\"elementor-container elementor-column-gap-default\">\n\t\t\t\t\t<div class=\"elementor-column elementor-col-50 elementor-top-column elementor-element elementor-element-9c3d3bf\" data-id=\"9c3d3bf\" data-element_type=\"column\">\n\t\t\t<div class=\"elementor-widget-wrap elementor-element-populated\">\n\t\t\t\t\t\t<div class=\"elementor-element elementor-element-6724223 elementor-widget elementor-widget-text-editor\" data-id=\"6724223\" data-element_type=\"widget\" data-widget_type=\"text-editor.default\">\n\t\t\t\t<div class=\"elementor-widget-container\">\n\t\t\t\t\t\t\t\t\t<p class=\"p1\">Give dog lovers and Nepal lovers a special gift: a donation for Nepal's street dogs or other animals.&nbsp;<\/p>\n<p class=\"p1\">Whether it's for a birthday, Christmas, wedding or birth, with a donation you can make someone happy and do something good for Nepal's street dogs at the same time.<\/p>\n<p class=\"p3\">We will send you a gift voucher that you can print out and give away. You will also receive a donation receipt.<\/p>\t\t\t\t\t\t\t\t<\/div>\n\t\t\t\t<\/div>\n\t\t\t\t\t<\/div>\n\t\t<\/div>\n\t\t\t\t<div class=\"elementor-column elementor-col-50 elementor-top-column elementor-element elementor-element-e02a9f1\" data-id=\"e02a9f1\" data-element_type=\"column\">\n\t\t\t<div class=\"elementor-widget-wrap elementor-element-populated\">\n\t\t\t\t\t\t<div class=\"elementor-element elementor-element-ca1a00e elementor-widget elementor-widget-text-editor\" data-id=\"ca1a00e\" data-element_type=\"widget\" data-widget_type=\"text-editor.default\">\n\t\t\t\t<div class=\"elementor-widget-container\">\n\t\t\t\t\t\t\t\t\t<p class=\"p1\">Just contact us at any time:<\/p><p><a href=\"mailto:info@snehacare.de\">info@snehacare.de<\/a><\/p><p>\u00a0<\/p><p class=\"p3\">\u00a0<\/p>\t\t\t\t\t\t\t\t<\/div>\n\t\t\t\t<\/div>\n\t\t\t\t\t<\/div>\n\t\t<\/div>\n\t\t\t\t\t<\/div>\n\t\t<\/section>\n\t\t\t\t<section class=\"elementor-section elementor-top-section elementor-element elementor-element-e32fc34 elementor-section-boxed elementor-section-height-default elementor-section-height-default qodef-elementor-content-no\" data-id=\"e32fc34\" data-element_type=\"section\">\n\t\t\t\t\t\t<div class=\"elementor-container elementor-column-gap-default\">\n\t\t\t\t\t<div class=\"elementor-column elementor-col-100 elementor-top-column elementor-element elementor-element-f115f93\" data-id=\"f115f93\" data-element_type=\"column\">\n\t\t\t<div class=\"elementor-widget-wrap\">\n\t\t\t\t\t\t\t<\/div>\n\t\t<\/div>\n\t\t\t\t\t<\/div>\n\t\t<\/section>\n\t\t\t\t<\/div>","protected":false},"excerpt":{"rendered":"<p>Machen Sie Hundeliebhabern und Nepalfreundinnen ein besonderes Geschenk: eine Spende f\u00fcr Nepals Stra\u00dfenhunde.&nbsp; Ob zum Geburtstag, zu Weihnachten, zur Hochzeit oder zur Geburt: Mit einer Geschenkspende machen Sie jemandem eine Freude und tun gleichzeitig etwas Gutes f\u00fcr Nepals Stra\u00dfenhunde. Sie erhalten von uns eine Geschenkurkunde, die Sie ausdrucken und verschenken k\u00f6nnen. Selbstverst\u00e4ndlich erhalten Sie auch [&hellip;]<\/p>","protected":false},"author":1,"featured_media":0,"parent":0,"menu_order":0,"comment_status":"closed","ping_status":"closed","template":"page-full-width.php","meta":{"footnotes":""},"class_list":["post-4873","page","type-page","status-publish","hentry"],"_links":{"self":[{"href":"https:\/\/snehascare.de\/en\/wp-json\/wp\/v2\/pages\/4873","targetHints":{"allow":["GET"]}}],"collection":[{"href":"https:\/\/snehascare.de\/en\/wp-json\/wp\/v2\/pages"}],"about":[{"href":"https:\/\/snehascare.de\/en\/wp-json\/wp\/v2\/types\/page"}],"author":[{"embeddable":true,"href":"https:\/\/snehascare.de\/en\/wp-json\/wp\/v2\/users\/1"}],"replies":[{"embeddable":true,"href":"https:\/\/snehascare.de\/en\/wp-json\/wp\/v2\/comments?post=4873"}],"version-history":[{"count":13,"href":"https:\/\/snehascare.de\/en\/wp-json\/wp\/v2\/pages\/4873\/revisions"}],"predecessor-version":[{"id":8278,"href":"https:\/\/snehascare.de\/en\/wp-json\/wp\/v2\/pages\/4873\/revisions\/8278"}],"wp:attachment":[{"href":"https:\/\/snehascare.de\/en\/wp-json\/wp\/v2\/media?parent=4873"}],"curies":[{"name":"wp","href":"https:\/\/api.w.org\/{rel}","templated":true}]}}