{"id":4852,"date":"2022-03-22T18:54:52","date_gmt":"2022-03-22T18:54:52","guid":{"rendered":"http:\/\/snehascare.de\/?page_id=4852"},"modified":"2023-10-28T08:14:22","modified_gmt":"2023-10-28T08:14:22","slug":"spenden","status":"publish","type":"page","link":"https:\/\/snehascare.de\/en\/spenden\/","title":{"rendered":"Donations"},"content":{"rendered":"<div data-elementor-type=\"wp-page\" data-elementor-id=\"4852\" class=\"elementor elementor-4852\">\n\t\t\t\t\t\t<section class=\"elementor-section elementor-top-section elementor-element elementor-element-e482b64 qodef-elementor-content-grid elementor-section-boxed elementor-section-height-default elementor-section-height-default\" data-id=\"e482b64\" data-element_type=\"section\">\n\t\t\t\t\t\t<div class=\"elementor-container elementor-column-gap-default\">\n\t\t\t\t\t<div class=\"elementor-column elementor-col-50 elementor-top-column elementor-element elementor-element-9c3d3bf\" data-id=\"9c3d3bf\" data-element_type=\"column\">\n\t\t\t<div class=\"elementor-widget-wrap elementor-element-populated\">\n\t\t\t\t\t\t<div class=\"elementor-element elementor-element-6724223 elementor-widget elementor-widget-text-editor\" data-id=\"6724223\" data-element_type=\"widget\" data-widget_type=\"text-editor.default\">\n\t\t\t\t<div class=\"elementor-widget-container\">\n\t\t\t\t\t\t\t\t\t<p class=\"p1\">Help Nepal's animals!<\/p>\n<p class=\"p1\">Together with you, we can make a difference to the lives of Nepal's animals. Your donation will help Sneha's Care:<\/p>\n<ul class=\"ul1\">\n<li class=\"li1\">Provide food and care for an average of 170 former street dogs at Sneha's shelter.<\/li>\n<\/ul>\n<ul class=\"ul1\">\n<li class=\"li1\">Provide veterinary care for dogs that have been hit by cars on the streets or are suffering from disease.<\/li>\n<\/ul>\n<ul class=\"ul1\">\n<li class=\"li1\">Vaccinate street dogs against distemper and rabies. Protecting the dogs from rabies also benefits the people of Nepal.<\/li>\n<\/ul>\n<ul class=\"ul1\">\n<li class=\"li1\">To carry out castration campaigns to permanently reduce the number of street dogs.<\/li>\n<\/ul>\n<ul class=\"ul1\">\n<li class=\"li1\">To buy food for cows, pigs and goats that have been abandoned on the streets of Kathmandu and are now being cared for at Sneha's Sanctuary.<\/li>\n<\/ul>\t\t\t\t\t\t\t\t<\/div>\n\t\t\t\t<\/div>\n\t\t\t\t\t<\/div>\n\t\t<\/div>\n\t\t\t\t<div class=\"elementor-column elementor-col-50 elementor-top-column elementor-element elementor-element-e02a9f1\" data-id=\"e02a9f1\" data-element_type=\"column\">\n\t\t\t<div class=\"elementor-widget-wrap elementor-element-populated\">\n\t\t\t\t\t\t<div class=\"elementor-element elementor-element-ca1a00e elementor-widget elementor-widget-text-editor\" data-id=\"ca1a00e\" data-element_type=\"widget\" data-widget_type=\"text-editor.default\">\n\t\t\t\t<div class=\"elementor-widget-container\">\n\t\t\t\t\t\t\t\t\t<p>E-Mail: <a href=\"mailto:info@snehacare.de\">info@snehacare.de<\/a><\/p><h3>Bank Account Sneha's Care Deutschland e.V.<\/h3><p><strong>Germany<\/strong>\u00a0\u2013 Bank f\u00fcr Sozialwirtschaft<br \/>IBAN: DE96 3702 0500 0001 6055 00 | BIC: BFSWDE33XXX<\/p>\t\t\t\t\t\t\t\t<\/div>\n\t\t\t\t<\/div>\n\t\t\t\t<div class=\"elementor-element elementor-element-177b5c4 elementor-widget elementor-widget-text-editor\" data-id=\"177b5c4\" data-element_type=\"widget\" data-widget_type=\"text-editor.default\">\n\t\t\t\t<div class=\"elementor-widget-container\">\n\t\t\t\t\t\t\t\t\t<p class=\"p3\"><span style=\"color: #000000; font-family: Oswald, sans-serif; font-size: 35px; font-weight: bold;\">Donate with Paypal<\/span><\/p>\t\t\t\t\t\t\t\t<\/div>\n\t\t\t\t<\/div>\n\t\t\t\t<div class=\"elementor-element elementor-element-36d188c elementor-widget elementor-widget-html\" data-id=\"36d188c\" data-element_type=\"widget\" data-widget_type=\"html.default\">\n\t\t\t\t<div class=\"elementor-widget-container\">\n\t\t\t\t\t<form action=\"https:\/\/www.paypal.com\/donate\" method=\"post\" target=\"_top\">\n<input type=\"hidden\" name=\"hosted_button_id\" value=\"RD9C72ALYCRGC\" \/>\n<input type=\"image\" src=\"https:\/\/www.paypalobjects.com\/en_US\/DK\/i\/btn\/btn_donateCC_LG.gif\" border=\"0\" name=\"submit\" title=\"Donate with Paypal\" alt=\"Donate with PayPal button\" \/>\n<img decoding=\"async\" alt=\"\" border=\"0\" src=\"https:\/\/www.paypal.com\/en_DE\/i\/scr\/pixel.gif\" width=\"1\" height=\"1\" \/>\n<\/form>\n\n\n\t\t\t\t<\/div>\n\t\t\t\t<\/div>\n\t\t\t\t\t<\/div>\n\t\t<\/div>\n\t\t\t\t\t<\/div>\n\t\t<\/section>\n\t\t\t\t<section class=\"elementor-section elementor-top-section elementor-element elementor-element-c1fd657 elementor-section-boxed elementor-section-height-default elementor-section-height-default qodef-elementor-content-no\" data-id=\"c1fd657\" data-element_type=\"section\">\n\t\t\t\t\t\t<div class=\"elementor-container elementor-column-gap-default\">\n\t\t\t\t\t<div class=\"elementor-column elementor-col-100 elementor-top-column elementor-element elementor-element-acb770c\" data-id=\"acb770c\" data-element_type=\"column\">\n\t\t\t<div class=\"elementor-widget-wrap elementor-element-populated\">\n\t\t\t\t\t\t<div class=\"elementor-element elementor-element-d035743 donate-area elementor-widget elementor-widget-html\" data-id=\"d035743\" data-element_type=\"widget\" data-widget_type=\"html.default\">\n\t\t\t\t<div class=\"elementor-widget-container\">\n\t\t\t\t\t<div id=\"bfs-net-tool\"><\/div>\t\t\t\t<\/div>\n\t\t\t\t<\/div>\n\t\t\t\t\t<\/div>\n\t\t<\/div>\n\t\t\t\t\t<\/div>\n\t\t<\/section>\n\t\t\t\t<section class=\"elementor-section elementor-top-section elementor-element elementor-element-e32fc34 elementor-section-boxed elementor-section-height-default elementor-section-height-default qodef-elementor-content-no\" data-id=\"e32fc34\" data-element_type=\"section\">\n\t\t\t\t\t\t<div class=\"elementor-container elementor-column-gap-default\">\n\t\t\t\t\t<div class=\"elementor-column elementor-col-100 elementor-top-column elementor-element elementor-element-f115f93\" data-id=\"f115f93\" data-element_type=\"column\">\n\t\t\t<div class=\"elementor-widget-wrap elementor-element-populated\">\n\t\t\t\t\t\t<div class=\"elementor-element elementor-element-15d9800 elementor-widget elementor-widget-qi_addons_for_elementor_image_slider\" data-id=\"15d9800\" data-element_type=\"widget\" data-widget_type=\"qi_addons_for_elementor_image_slider.default\">\n\t\t\t\t<div class=\"elementor-widget-container\">\n\t\t\t\t\t<div class=\"qodef-shortcode qodef-m qodef-qi-image-slider qodef-qi-fslightbox-popup qodef-popup-gallery qodef-col-num--3 qodef-qi-grid qodef-qi-swiper-container qodef-navigation--inside qodef-navigation--hover-move\" data-options=\"{&quot;direction&quot;:&quot;horizontal&quot;,&quot;slidesPerView&quot;:&quot;3&quot;,&quot;spaceBetween&quot;:30,&quot;spaceBetweenTablet&quot;:30,&quot;spaceBetweenMobile&quot;:30,&quot;effect&quot;:&quot;&quot;,&quot;loop&quot;:true,&quot;autoplay&quot;:true,&quot;centeredSlides&quot;:false,&quot;speed&quot;:&quot;&quot;,&quot;speedAnimation&quot;:&quot;&quot;,&quot;outsideNavigation&quot;:&quot;no&quot;,&quot;outsidePagination&quot;:&quot;no&quot;,&quot;unique&quot;:543,&quot;partialValue&quot;:0,&quot;disablePartialValue&quot;:&quot;&quot;,&quot;parallax&quot;:&quot;no&quot;}\">\n\t<div class=\"swiper-wrapper\">\n\t\t<div class=\"qodef-e swiper-slide\">\n\t<div class=\"qodef-e-inner\">\n\t\t<div class=\"qodef-e-inner-holder\">\n\t\t\t\t\t\t\t<a class=\"qodef-popup-item\" itemprop=\"image\" href=\"https:\/\/snehascare.de\/wp-content\/uploads\/2022\/03\/spenden-1.jpg\" data-type=\"image\" data-fslightbox=\"gallery-543\" data-e-disable-page-transition=\"\u201dtrue\u201d\">\n\t\t\t\t\t\t\t<img fetchpriority=\"high\" decoding=\"async\" width=\"1200\" height=\"900\" src=\"https:\/\/snehascare.de\/wp-content\/uploads\/2022\/03\/spenden-1.jpg\" class=\"attachment-full size-full\" alt=\"\" srcset=\"https:\/\/snehascare.de\/wp-content\/uploads\/2022\/03\/spenden-1.jpg 1200w, https:\/\/snehascare.de\/wp-content\/uploads\/2022\/03\/spenden-1-600x450.jpg 600w, https:\/\/snehascare.de\/wp-content\/uploads\/2022\/03\/spenden-1-300x225.jpg 300w, https:\/\/snehascare.de\/wp-content\/uploads\/2022\/03\/spenden-1-1024x768.jpg 1024w, https:\/\/snehascare.de\/wp-content\/uploads\/2022\/03\/spenden-1-768x576.jpg 768w\" sizes=\"(max-width: 1200px) 100vw, 1200px\" \/>\t\t\t\t\t\t\t<\/a>\n\t\t\t\t\t<\/div>\n\t<\/div>\n\t<\/div>\n<div class=\"qodef-e swiper-slide\">\n\t<div class=\"qodef-e-inner\">\n\t\t<div class=\"qodef-e-inner-holder\">\n\t\t\t\t\t\t\t<a class=\"qodef-popup-item\" itemprop=\"image\" href=\"https:\/\/snehascare.de\/wp-content\/uploads\/2022\/03\/spenden-2.jpg\" data-type=\"image\" data-fslightbox=\"gallery-543\" data-e-disable-page-transition=\"\u201dtrue\u201d\">\n\t\t\t\t\t\t\t<img decoding=\"async\" width=\"1200\" height=\"900\" src=\"https:\/\/snehascare.de\/wp-content\/uploads\/2022\/03\/spenden-2.jpg\" class=\"attachment-full size-full\" alt=\"\" srcset=\"https:\/\/snehascare.de\/wp-content\/uploads\/2022\/03\/spenden-2.jpg 1200w, https:\/\/snehascare.de\/wp-content\/uploads\/2022\/03\/spenden-2-600x450.jpg 600w, https:\/\/snehascare.de\/wp-content\/uploads\/2022\/03\/spenden-2-300x225.jpg 300w, https:\/\/snehascare.de\/wp-content\/uploads\/2022\/03\/spenden-2-1024x768.jpg 1024w, https:\/\/snehascare.de\/wp-content\/uploads\/2022\/03\/spenden-2-768x576.jpg 768w\" sizes=\"(max-width: 1200px) 100vw, 1200px\" \/>\t\t\t\t\t\t\t<\/a>\n\t\t\t\t\t<\/div>\n\t<\/div>\n\t<\/div>\n<div class=\"qodef-e swiper-slide\">\n\t<div class=\"qodef-e-inner\">\n\t\t<div class=\"qodef-e-inner-holder\">\n\t\t\t\t\t\t\t<a class=\"qodef-popup-item\" itemprop=\"image\" href=\"https:\/\/snehascare.de\/wp-content\/uploads\/2022\/03\/spenden-3.jpg\" data-type=\"image\" data-fslightbox=\"gallery-543\" data-e-disable-page-transition=\"\u201dtrue\u201d\">\n\t\t\t\t\t\t\t<img loading=\"lazy\" decoding=\"async\" width=\"1200\" height=\"900\" src=\"https:\/\/snehascare.de\/wp-content\/uploads\/2022\/03\/spenden-3.jpg\" class=\"attachment-full size-full\" alt=\"\" srcset=\"https:\/\/snehascare.de\/wp-content\/uploads\/2022\/03\/spenden-3.jpg 1200w, https:\/\/snehascare.de\/wp-content\/uploads\/2022\/03\/spenden-3-600x450.jpg 600w, https:\/\/snehascare.de\/wp-content\/uploads\/2022\/03\/spenden-3-300x225.jpg 300w, https:\/\/snehascare.de\/wp-content\/uploads\/2022\/03\/spenden-3-1024x768.jpg 1024w, https:\/\/snehascare.de\/wp-content\/uploads\/2022\/03\/spenden-3-768x576.jpg 768w\" sizes=\"(max-width: 1200px) 100vw, 1200px\" \/>\t\t\t\t\t\t\t<\/a>\n\t\t\t\t\t<\/div>\n\t<\/div>\n\t<\/div>\n<div class=\"qodef-e swiper-slide\">\n\t<div class=\"qodef-e-inner\">\n\t\t<div class=\"qodef-e-inner-holder\">\n\t\t\t\t\t\t\t<a class=\"qodef-popup-item\" itemprop=\"image\" href=\"https:\/\/snehascare.de\/wp-content\/uploads\/2022\/03\/spenden-4.jpg\" data-type=\"image\" data-fslightbox=\"gallery-543\" data-e-disable-page-transition=\"\u201dtrue\u201d\">\n\t\t\t\t\t\t\t<img loading=\"lazy\" decoding=\"async\" width=\"1200\" height=\"900\" src=\"https:\/\/snehascare.de\/wp-content\/uploads\/2022\/03\/spenden-4.jpg\" class=\"attachment-full size-full\" alt=\"\" srcset=\"https:\/\/snehascare.de\/wp-content\/uploads\/2022\/03\/spenden-4.jpg 1200w, https:\/\/snehascare.de\/wp-content\/uploads\/2022\/03\/spenden-4-600x450.jpg 600w, https:\/\/snehascare.de\/wp-content\/uploads\/2022\/03\/spenden-4-300x225.jpg 300w, https:\/\/snehascare.de\/wp-content\/uploads\/2022\/03\/spenden-4-1024x768.jpg 1024w, https:\/\/snehascare.de\/wp-content\/uploads\/2022\/03\/spenden-4-768x576.jpg 768w\" sizes=\"(max-width: 1200px) 100vw, 1200px\" \/>\t\t\t\t\t\t\t<\/a>\n\t\t\t\t\t<\/div>\n\t<\/div>\n\t<\/div>\n<div class=\"qodef-e swiper-slide\">\n\t<div class=\"qodef-e-inner\">\n\t\t<div class=\"qodef-e-inner-holder\">\n\t\t\t\t\t\t\t<a class=\"qodef-popup-item\" itemprop=\"image\" href=\"https:\/\/snehascare.de\/wp-content\/uploads\/2022\/03\/spenden-5.jpg\" data-type=\"image\" data-fslightbox=\"gallery-543\" data-e-disable-page-transition=\"\u201dtrue\u201d\">\n\t\t\t\t\t\t\t<img loading=\"lazy\" decoding=\"async\" width=\"1200\" height=\"900\" src=\"https:\/\/snehascare.de\/wp-content\/uploads\/2022\/03\/spenden-5.jpg\" class=\"attachment-full size-full\" alt=\"\" srcset=\"https:\/\/snehascare.de\/wp-content\/uploads\/2022\/03\/spenden-5.jpg 1200w, https:\/\/snehascare.de\/wp-content\/uploads\/2022\/03\/spenden-5-600x450.jpg 600w, https:\/\/snehascare.de\/wp-content\/uploads\/2022\/03\/spenden-5-300x225.jpg 300w, https:\/\/snehascare.de\/wp-content\/uploads\/2022\/03\/spenden-5-1024x768.jpg 1024w, https:\/\/snehascare.de\/wp-content\/uploads\/2022\/03\/spenden-5-768x576.jpg 768w\" sizes=\"(max-width: 1200px) 100vw, 1200px\" \/>\t\t\t\t\t\t\t<\/a>\n\t\t\t\t\t<\/div>\n\t<\/div>\n\t<\/div>\n<div class=\"qodef-e swiper-slide\">\n\t<div class=\"qodef-e-inner\">\n\t\t<div class=\"qodef-e-inner-holder\">\n\t\t\t\t\t\t\t<a class=\"qodef-popup-item\" itemprop=\"image\" href=\"https:\/\/snehascare.de\/wp-content\/uploads\/2022\/05\/241856068_2136936293122030_6844039948469905338_n.jpg\" data-type=\"image\" data-fslightbox=\"gallery-543\" data-e-disable-page-transition=\"\u201dtrue\u201d\">\n\t\t\t\t\t\t\t<img loading=\"lazy\" decoding=\"async\" width=\"2016\" height=\"1512\" src=\"https:\/\/snehascare.de\/wp-content\/uploads\/2022\/05\/241856068_2136936293122030_6844039948469905338_n.jpg\" class=\"attachment-full size-full\" alt=\"\" srcset=\"https:\/\/snehascare.de\/wp-content\/uploads\/2022\/05\/241856068_2136936293122030_6844039948469905338_n.jpg 2016w, https:\/\/snehascare.de\/wp-content\/uploads\/2022\/05\/241856068_2136936293122030_6844039948469905338_n-300x225.jpg 300w, https:\/\/snehascare.de\/wp-content\/uploads\/2022\/05\/241856068_2136936293122030_6844039948469905338_n-1024x768.jpg 1024w, https:\/\/snehascare.de\/wp-content\/uploads\/2022\/05\/241856068_2136936293122030_6844039948469905338_n-768x576.jpg 768w, https:\/\/snehascare.de\/wp-content\/uploads\/2022\/05\/241856068_2136936293122030_6844039948469905338_n-1536x1152.jpg 1536w, https:\/\/snehascare.de\/wp-content\/uploads\/2022\/05\/241856068_2136936293122030_6844039948469905338_n-600x450.jpg 600w\" sizes=\"(max-width: 2016px) 100vw, 2016px\" \/>\t\t\t\t\t\t\t<\/a>\n\t\t\t\t\t<\/div>\n\t<\/div>\n\t<\/div>\n<div class=\"qodef-e swiper-slide\">\n\t<div class=\"qodef-e-inner\">\n\t\t<div class=\"qodef-e-inner-holder\">\n\t\t\t\t\t\t\t<a class=\"qodef-popup-item\" itemprop=\"image\" href=\"https:\/\/snehascare.de\/wp-content\/uploads\/2022\/05\/3-scaled.jpg\" data-type=\"image\" data-fslightbox=\"gallery-543\" data-e-disable-page-transition=\"\u201dtrue\u201d\">\n\t\t\t\t\t\t\t<img loading=\"lazy\" decoding=\"async\" width=\"2560\" height=\"1920\" src=\"https:\/\/snehascare.de\/wp-content\/uploads\/2022\/05\/3-scaled.jpg\" class=\"attachment-full size-full\" alt=\"\" srcset=\"https:\/\/snehascare.de\/wp-content\/uploads\/2022\/05\/3-scaled.jpg 2560w, https:\/\/snehascare.de\/wp-content\/uploads\/2022\/05\/3-300x225.jpg 300w, https:\/\/snehascare.de\/wp-content\/uploads\/2022\/05\/3-1024x768.jpg 1024w, https:\/\/snehascare.de\/wp-content\/uploads\/2022\/05\/3-768x576.jpg 768w, https:\/\/snehascare.de\/wp-content\/uploads\/2022\/05\/3-1536x1152.jpg 1536w, https:\/\/snehascare.de\/wp-content\/uploads\/2022\/05\/3-2048x1536.jpg 2048w, https:\/\/snehascare.de\/wp-content\/uploads\/2022\/05\/3-600x450.jpg 600w\" sizes=\"(max-width: 2560px) 100vw, 2560px\" \/>\t\t\t\t\t\t\t<\/a>\n\t\t\t\t\t<\/div>\n\t<\/div>\n\t<\/div>\n<div class=\"qodef-e swiper-slide\">\n\t<div class=\"qodef-e-inner\">\n\t\t<div class=\"qodef-e-inner-holder\">\n\t\t\t\t\t\t\t<a class=\"qodef-popup-item\" itemprop=\"image\" href=\"https:\/\/snehascare.de\/wp-content\/uploads\/2022\/05\/241835374_2136871006461892_3764007900653448610_n.jpg\" data-type=\"image\" data-fslightbox=\"gallery-543\" data-e-disable-page-transition=\"\u201dtrue\u201d\">\n\t\t\t\t\t\t\t<img loading=\"lazy\" decoding=\"async\" width=\"2016\" height=\"1512\" src=\"https:\/\/snehascare.de\/wp-content\/uploads\/2022\/05\/241835374_2136871006461892_3764007900653448610_n.jpg\" class=\"attachment-full size-full\" alt=\"\" srcset=\"https:\/\/snehascare.de\/wp-content\/uploads\/2022\/05\/241835374_2136871006461892_3764007900653448610_n.jpg 2016w, https:\/\/snehascare.de\/wp-content\/uploads\/2022\/05\/241835374_2136871006461892_3764007900653448610_n-300x225.jpg 300w, https:\/\/snehascare.de\/wp-content\/uploads\/2022\/05\/241835374_2136871006461892_3764007900653448610_n-1024x768.jpg 1024w, https:\/\/snehascare.de\/wp-content\/uploads\/2022\/05\/241835374_2136871006461892_3764007900653448610_n-768x576.jpg 768w, https:\/\/snehascare.de\/wp-content\/uploads\/2022\/05\/241835374_2136871006461892_3764007900653448610_n-1536x1152.jpg 1536w, https:\/\/snehascare.de\/wp-content\/uploads\/2022\/05\/241835374_2136871006461892_3764007900653448610_n-600x450.jpg 600w\" sizes=\"(max-width: 2016px) 100vw, 2016px\" \/>\t\t\t\t\t\t\t<\/a>\n\t\t\t\t\t<\/div>\n\t<\/div>\n\t<\/div>\n\t<\/div>\n\t\t<div class=\"swiper-button-prev\"><svg class=\"qodef-swiper-arrow-left\" xmlns=\"http:\/\/www.w3.org\/2000\/svg\" x=\"0px\" y=\"0px\" viewbox=\"0 0 34.2 32.3\" xml:space=\"preserve\" style=\"stroke-width: 2;\"><line x1=\"0.5\" y1=\"16\" x2=\"33.5\" y2=\"16\"\/><line x1=\"0.3\" y1=\"16.5\" x2=\"16.2\" y2=\"0.7\"\/><line x1=\"0\" y1=\"15.4\" x2=\"16.2\" y2=\"31.6\"\/><\/svg><\/div>\n\t<div class=\"swiper-button-next\"><svg class=\"qodef-swiper-arrow-right\" xmlns=\"http:\/\/www.w3.org\/2000\/svg\" x=\"0px\" y=\"0px\" viewbox=\"0 0 34.2 32.3\" xml:space=\"preserve\" style=\"stroke-width: 2;\"><line x1=\"0\" y1=\"16\" x2=\"33\" y2=\"16\"\/><line x1=\"17.3\" y1=\"0.7\" x2=\"33.2\" y2=\"16.5\"\/><line x1=\"17.3\" y1=\"31.6\" x2=\"33.5\" y2=\"15.4\"\/><\/svg><\/div>\n<\/div>\n\t\t\t\t<\/div>\n\t\t\t\t<\/div>\n\t\t\t\t\t<\/div>\n\t\t<\/div>\n\t\t\t\t\t<\/div>\n\t\t<\/section>\n\t\t\t\t<\/div>","protected":false},"excerpt":{"rendered":"<p>Helfen Sie Nepals Stra\u00dfentieren! Mit Ihnen zusammen k\u00f6nnen wir das Leben von Nepals Tieren besser machen. Ihre Spende hilft Sneha\u2019s Care: Futter und Unterhalt f\u00fcr durchschnittlich 170 ehemalige Stra\u00dfenhunde in Sneha&#8217;s Tierheim zu finanzieren Hunde, die auf der Stra\u00dfe angefahren wurden oder an Krankheiten leiden, tier\u00e4rztlich zu versorgen Stra\u00dfenhunde gegen Staupe und Tollwut zu impfen. [&hellip;]<\/p>","protected":false},"author":1,"featured_media":0,"parent":0,"menu_order":0,"comment_status":"closed","ping_status":"closed","template":"page-full-width.php","meta":{"footnotes":""},"class_list":["post-4852","page","type-page","status-publish","hentry"],"_links":{"self":[{"href":"https:\/\/snehascare.de\/en\/wp-json\/wp\/v2\/pages\/4852","targetHints":{"allow":["GET"]}}],"collection":[{"href":"https:\/\/snehascare.de\/en\/wp-json\/wp\/v2\/pages"}],"about":[{"href":"https:\/\/snehascare.de\/en\/wp-json\/wp\/v2\/types\/page"}],"author":[{"embeddable":true,"href":"https:\/\/snehascare.de\/en\/wp-json\/wp\/v2\/users\/1"}],"replies":[{"embeddable":true,"href":"https:\/\/snehascare.de\/en\/wp-json\/wp\/v2\/comments?post=4852"}],"version-history":[{"count":58,"href":"https:\/\/snehascare.de\/en\/wp-json\/wp\/v2\/pages\/4852\/revisions"}],"predecessor-version":[{"id":8987,"href":"https:\/\/snehascare.de\/en\/wp-json\/wp\/v2\/pages\/4852\/revisions\/8987"}],"wp:attachment":[{"href":"https:\/\/snehascare.de\/en\/wp-json\/wp\/v2\/media?parent=4852"}],"curies":[{"name":"wp","href":"https:\/\/api.w.org\/{rel}","templated":true}]}}