{"id":4825,"date":"2022-03-22T18:42:39","date_gmt":"2022-03-22T18:42:39","guid":{"rendered":"http:\/\/snehascare.de\/?page_id=4825"},"modified":"2022-03-22T18:45:42","modified_gmt":"2022-03-22T18:45:42","slug":"unterstuetzen","status":"publish","type":"page","link":"https:\/\/snehascare.de\/en\/unterstuetzen\/","title":{"rendered":"How to help"},"content":{"rendered":"<div data-elementor-type=\"wp-page\" data-elementor-id=\"4825\" class=\"elementor elementor-4825\">\n\t\t\t\t\t\t<section class=\"elementor-section elementor-top-section elementor-element elementor-element-ffe8c6d qodef-elementor-content-grid elementor-section-boxed elementor-section-height-default elementor-section-height-default\" data-id=\"ffe8c6d\" data-element_type=\"section\">\n\t\t\t\t\t\t<div class=\"elementor-container elementor-column-gap-default\">\n\t\t\t\t\t<div class=\"elementor-column elementor-col-100 elementor-top-column elementor-element elementor-element-ec686b3\" data-id=\"ec686b3\" data-element_type=\"column\">\n\t\t\t<div class=\"elementor-widget-wrap elementor-element-populated\">\n\t\t\t\t\t\t<div class=\"elementor-element elementor-element-d7638f8 elementor-widget elementor-widget-image\" data-id=\"d7638f8\" data-element_type=\"widget\" data-widget_type=\"image.default\">\n\t\t\t\t<div class=\"elementor-widget-container\">\n\t\t\t\t\t\t\t\t\t\t\t\t\t\t\t<img fetchpriority=\"high\" decoding=\"async\" width=\"1300\" height=\"975\" src=\"https:\/\/snehascare.de\/wp-content\/uploads\/2022\/03\/unterstuetzen.jpg\" class=\"attachment-full size-full wp-image-4828\" alt=\"\" srcset=\"https:\/\/snehascare.de\/wp-content\/uploads\/2022\/03\/unterstuetzen.jpg 1300w, https:\/\/snehascare.de\/wp-content\/uploads\/2022\/03\/unterstuetzen-600x450.jpg 600w, https:\/\/snehascare.de\/wp-content\/uploads\/2022\/03\/unterstuetzen-300x225.jpg 300w, https:\/\/snehascare.de\/wp-content\/uploads\/2022\/03\/unterstuetzen-1024x768.jpg 1024w, https:\/\/snehascare.de\/wp-content\/uploads\/2022\/03\/unterstuetzen-768x576.jpg 768w\" sizes=\"(max-width: 1300px) 100vw, 1300px\" \/>\t\t\t\t\t\t\t\t\t\t\t\t\t\t\t<\/div>\n\t\t\t\t<\/div>\n\t\t\t\t\t<\/div>\n\t\t<\/div>\n\t\t\t\t\t<\/div>\n\t\t<\/section>\n\t\t\t\t<section class=\"elementor-section elementor-top-section elementor-element elementor-element-e482b64 qodef-elementor-content-grid elementor-section-boxed elementor-section-height-default elementor-section-height-default\" data-id=\"e482b64\" data-element_type=\"section\">\n\t\t\t\t\t\t<div class=\"elementor-container elementor-column-gap-default\">\n\t\t\t\t\t<div class=\"elementor-column elementor-col-50 elementor-top-column elementor-element elementor-element-9c3d3bf\" data-id=\"9c3d3bf\" data-element_type=\"column\">\n\t\t\t<div class=\"elementor-widget-wrap elementor-element-populated\">\n\t\t\t\t\t\t<div class=\"elementor-element elementor-element-54ddbfc elementor-widget elementor-widget-rightcause_core_section_title\" data-id=\"54ddbfc\" data-element_type=\"widget\" data-widget_type=\"rightcause_core_section_title.default\">\n\t\t\t\t<div class=\"elementor-widget-container\">\n\t\t\t\t\t<div class=\"qodef-shortcode qodef-m  qodef-section-title qodef-alignment--left\">\n\t\t\t\t\t<h2 class=\"qodef-m-title\" >\n\t\t\t\t\tHow to help\t\t\t<\/h2>\n\t<\/div>\t\t\t\t<\/div>\n\t\t\t\t<\/div>\n\t\t\t\t<div class=\"elementor-element elementor-element-6724223 elementor-widget elementor-widget-text-editor\" data-id=\"6724223\" data-element_type=\"widget\" data-widget_type=\"text-editor.default\">\n\t\t\t\t<div class=\"elementor-widget-container\">\n\t\t\t\t\t\t\t\t\t<p class=\"p1\">Help Nepal's street animals!<\/p><p class=\"p1\">Together with you, we can make a difference to the lives of Nepal's animals.<\/p><p class=\"p1\">Your donation will help the animals at Sneha's Care.<\/p><p class=\"p1\">Provide food and care for an average of 170 former street dogs at Sneha's shelter.\nProvide veterinary care for dogs that have been hit by cars on the streets or are suffering from disease.\nVaccinate street dogs against distemper and rabies. Protecting the dogs from rabies also benefits the people of Nepal.\nTo carry out castration campaigns to permanently reduce the number of street dogs.\nTo buy food for cows, pigs and goats that have been abandoned on the streets of Kathmandu and are now being cared for at Sneha's Sanctuary.<\/p>\t\t\t\t\t\t\t\t<\/div>\n\t\t\t\t<\/div>\n\t\t\t\t\t<\/div>\n\t\t<\/div>\n\t\t\t\t<div class=\"elementor-column elementor-col-50 elementor-top-column elementor-element elementor-element-e02a9f1\" data-id=\"e02a9f1\" data-element_type=\"column\">\n\t\t\t<div class=\"elementor-widget-wrap elementor-element-populated\">\n\t\t\t\t\t\t<div class=\"elementor-element elementor-element-ca1a00e elementor-widget elementor-widget-text-editor\" data-id=\"ca1a00e\" data-element_type=\"widget\" data-widget_type=\"text-editor.default\">\n\t\t\t\t<div class=\"elementor-widget-container\">\n\t\t\t\t\t\t\t\t\t<p class=\"p1\">\u00a0<\/p><p class=\"p1\">Contact us anytime at:<\/p><p class=\"p3\"><span class=\"s1\"><br \/>E-Mail: <\/span><a href=\"mailto:info@snehacare.de\">info@snehacare.de<\/a><\/p>\t\t\t\t\t\t\t\t<\/div>\n\t\t\t\t<\/div>\n\t\t\t\t\t<\/div>\n\t\t<\/div>\n\t\t\t\t\t<\/div>\n\t\t<\/section>\n\t\t\t\t<\/div>","protected":false},"excerpt":{"rendered":"<p>Unterst\u00fctzen Gemeinsam Nepals Stra\u00dfenhunden helfen! Mit Ihnen zusammen k\u00f6nnen wir das Leben von Nepals Stra\u00dfenhunden besser machen. Sie m\u00f6chten f\u00fcr Nepals Stra\u00dfenhunde aktiv werden und Sneha\u2019s Care unterst\u00fctzen? Mit Ihrer Spende helfen Sie uns dabei, Futter und Unterhalt von rund 170 Hunden im Tierheim zu finanzieren, tier\u00e4rztliche Behandlung verletzter oder kranker Stra\u00dfenhunde zu erm\u00f6glichen, regelm\u00e4\u00dfige [&hellip;]<\/p>","protected":false},"author":1,"featured_media":0,"parent":0,"menu_order":0,"comment_status":"closed","ping_status":"closed","template":"page-full-width.php","meta":{"footnotes":""},"class_list":["post-4825","page","type-page","status-publish","hentry"],"_links":{"self":[{"href":"https:\/\/snehascare.de\/en\/wp-json\/wp\/v2\/pages\/4825","targetHints":{"allow":["GET"]}}],"collection":[{"href":"https:\/\/snehascare.de\/en\/wp-json\/wp\/v2\/pages"}],"about":[{"href":"https:\/\/snehascare.de\/en\/wp-json\/wp\/v2\/types\/page"}],"author":[{"embeddable":true,"href":"https:\/\/snehascare.de\/en\/wp-json\/wp\/v2\/users\/1"}],"replies":[{"embeddable":true,"href":"https:\/\/snehascare.de\/en\/wp-json\/wp\/v2\/comments?post=4825"}],"version-history":[{"count":10,"href":"https:\/\/snehascare.de\/en\/wp-json\/wp\/v2\/pages\/4825\/revisions"}],"predecessor-version":[{"id":4837,"href":"https:\/\/snehascare.de\/en\/wp-json\/wp\/v2\/pages\/4825\/revisions\/4837"}],"wp:attachment":[{"href":"https:\/\/snehascare.de\/en\/wp-json\/wp\/v2\/media?parent=4825"}],"curies":[{"name":"wp","href":"https:\/\/api.w.org\/{rel}","templated":true}]}}