{"id":4796,"date":"2022-03-21T20:01:37","date_gmt":"2022-03-21T20:01:37","guid":{"rendered":"http:\/\/snehascare.de\/?page_id=4796"},"modified":"2022-05-14T09:03:23","modified_gmt":"2022-05-14T09:03:23","slug":"satzung","status":"publish","type":"page","link":"https:\/\/snehascare.de\/en\/satzung\/","title":{"rendered":"Statutes"},"content":{"rendered":"<div data-elementor-type=\"wp-page\" data-elementor-id=\"4796\" class=\"elementor elementor-4796\">\n\t\t\t\t\t\t<section class=\"elementor-section elementor-top-section elementor-element elementor-element-f0041cd elementor-section-full_width elementor-section-height-default elementor-section-height-default qodef-elementor-content-no\" data-id=\"f0041cd\" data-element_type=\"section\" data-settings=\"{&quot;background_background&quot;:&quot;classic&quot;}\">\n\t\t\t\t\t\t<div class=\"elementor-container elementor-column-gap-default\">\n\t\t\t\t\t<div class=\"elementor-column elementor-col-50 elementor-top-column elementor-element elementor-element-10ad1038 qodef-aboutus-page-responsive-adj\" data-id=\"10ad1038\" data-element_type=\"column\" data-settings=\"{&quot;background_background&quot;:&quot;classic&quot;}\">\n\t\t\t<div class=\"elementor-widget-wrap elementor-element-populated\">\n\t\t\t\t\t\t<div class=\"elementor-element elementor-element-2db1914d elementor-widget elementor-widget-rightcause_core_section_title\" data-id=\"2db1914d\" data-element_type=\"widget\" data-widget_type=\"rightcause_core_section_title.default\">\n\t\t\t\t<div class=\"elementor-widget-container\">\n\t\t\t\t\t<div class=\"qodef-shortcode qodef-m  qodef-section-title qodef-alignment--left\">\n\t\t\t\t<p class=\"qodef-m-text\" >Status March 2020<\/p>\n\t\t<h1 class=\"qodef-m-title\" >\n\t\t\t\t\tOur constitution (in German)\t\t\t<\/h1>\n\t<\/div>\t\t\t\t<\/div>\n\t\t\t\t<\/div>\n\t\t\t\t<div class=\"elementor-element elementor-element-fba1618 elementor-widget elementor-widget-text-editor\" data-id=\"fba1618\" data-element_type=\"widget\" data-widget_type=\"text-editor.default\">\n\t\t\t\t<div class=\"elementor-widget-container\">\n\t\t\t\t\t\t\t\t\t<p><strong>\u00a71 Name und Sitz<\/strong><\/p><p>Der Verein soll in das Vereinsregister eingetragen werden und hei\u00dft dann\u00a0<\/p><p><strong>\u201eSneha\u2019s Care Deutschland e.V.\u201c<\/strong><\/p><p>\u00a0<\/p><p>Der Verein hat seinen Sitz in 65185 Wiesbaden.<\/p><p>\u00a0<\/p><p>Die Gesch\u00e4ftsstelle befindet sich -sofern vom jeweils amtierenden Vorstand nicht anders beschlossen- am\u00a0 Wohnort des\/der jeweiligen 1. Vorsitzenden.<\/p><p>\u00a0<\/p><p>Gesch\u00e4ftsjahr ist das jeweilige Kalenderjahr.<\/p><p><strong style=\"color: var( --e-global-color-text ); font-family: var( --e-global-typography-text-font-family ), Sans-serif;\">\u00a0<\/strong><\/p><p><strong style=\"color: var( --e-global-color-text ); font-family: var( --e-global-typography-text-font-family ), Sans-serif;\">\u00a72 Vereinszweck<\/strong><\/p><p>Zweck des Vereins ist die F\u00f6rderung des Tierschutzes i.S.d. \u00a7 52 II Nr. 14 AO.<\/p><p>Der Verein ist selbstlos t\u00e4tig, er verfolgt keine eigenwirtschaftlichen Zwecke. Der Verein verfolgt ausschlie\u00dflich und unmittelbar gemeinn\u00fctzige Zwecke im Sinne des Abschnitts \u201eSteuerbeg\u00fcnstigte Zwecke\u201c der Abgabenordnung.<\/p><p>Sein Vereinszweck und seine Zielsetzung sind es, heimatlose und misshandelte Tiere zu retten, ihre tier\u00e4rztliche Versorgung, insbesondere auch Kastrationen, sicherzustellen und Not leidenden Tieren Obhut zu bieten. Dies soll vorwiegend geschehen durch Unterst\u00fctzung eines Tierheimes in Nepal. \u00a0Dar\u00fcber hinaus setzt sich der Verein zum Ziel, Tiermisshandlungen und Tierqu\u00e4lerei zu verhindern, diese anzuzeigen und strafrechtlich verfolgen zu lassen. Der Verein setzt sich dar\u00fcber hinaus auch f\u00fcr Lebens\u2013 und Verhaltensweisen ein, welche die Ausbeutung von Tieren verhindern soll.<\/p><p><strong style=\"color: var( --e-global-color-text ); font-family: var( --e-global-typography-text-font-family ), Sans-serif;\">\u00a0<\/strong><\/p><p><strong style=\"color: var( --e-global-color-text ); font-family: var( --e-global-typography-text-font-family ), Sans-serif;\">\u00a73 Gemeinn\u00fctzigkeit<\/strong><\/p><p>Der Verein ist selbstlos t\u00e4tig; er verfolgt keine eigenwirtschaftlichen Zwecke. Mittel des Vereins d\u00fcrfen nur f\u00fcr die satzungsgem\u00e4\u00dfen Zwecke verwendet werden. Die Mitglieder des Vereines erhalten in ihrer Eigenschaft als Mitglieder keine Zuwendungen aus Mitteln des Vereines. Es darf keine Person durch Ausgaben, die dem Zweck der K\u00f6rperschaft fremd sind oder durch unverh\u00e4ltnism\u00e4\u00dfig hohe Verg\u00fctungen beg\u00fcnstigt werden.<\/p><p><strong style=\"color: var( --e-global-color-text ); font-family: var( --e-global-typography-text-font-family ), Sans-serif;\">\u00a0<\/strong><\/p><p><strong style=\"color: var( --e-global-color-text ); font-family: var( --e-global-typography-text-font-family ), Sans-serif;\">\u00a74 Mitgliedschaft<\/strong><\/p><p>Mitglied kann jede vollj\u00e4hrige nat\u00fcrliche oder juristische Person werden. \u00dcber den schriftlichen Aufnahmeantrag entscheidet der gesch\u00e4ftsf\u00fchrende Vorstand. Der Mitgliedsbeitrag soll zu Beginn des Kalenderjahres vom Konto des Mitglieds abgebucht werden. Bei einem Austritt innerhalb des Jahres besteht kein Anspruch auf R\u00fcckerstattung, auch nicht in Teilen. \u00dcber eine \u00c4nderung des Mitgliedsbeitrages entscheidet die Mitgliederversammlung. Mitglieder sind nur nach Absprache mit dem Vorstand berechtigt, Aktivit\u00e4ten im Namen und unter dem Namen des Vereins zu t\u00e4tigen.<span style=\"color: var( --e-global-color-text ); font-family: var( --e-global-typography-text-font-family ), Sans-serif;\">Ein Mitglied kann bei vereinssch\u00e4digendem Verhalten, im Besonderen bei grobem Versto\u00df gegen die Vereinssatzung oder Vereinsbeschl\u00fcsse, ferner bei unehrenhaftem oder dem grunds\u00e4tzlichem, ethischen Verst\u00e4ndnis des Vereines zuwider laufenden Verhalten innerhalb und au\u00dferhalb des Vereins oder bei Nichtzahlung des Mitgliedsbeitrags vom Vorstand ausgeschlossen werden.<\/span><\/p><p>Der Austritt erfolgt durch schriftliche Erkl\u00e4rung gegen\u00fcber dem Vorstand.<\/p><p>\u00a0<\/p><p>F\u00f6rdermitglieder sind keine Mitglieder des Vereins im Sinne des BGB und haben kein Stimmrecht<\/p><p><strong style=\"color: var( --e-global-color-text ); font-family: var( --e-global-typography-text-font-family ), Sans-serif;\">\u00a0<\/strong><\/p><p><strong style=\"color: var( --e-global-color-text ); font-family: var( --e-global-typography-text-font-family ), Sans-serif;\">\u00a75 Mitgliederversammlung<\/strong><\/p><p>Die Mitgliederversammlung ist beschlussf\u00e4hig, wenn sie ordnungsgem\u00e4\u00df einberufen wurde und ist unabh\u00e4ngig von der Anzahl der erschienenen Mitglieder.<\/p><p>Die Mitgliederversammlung kann als virtuelle Mitgliederversammlung durchgef\u00fchrt werden.<\/p><p>Der Vorstand beruft sie ein, wenn es erforderlich ist, mindestens jedoch alle 2 Jahre. Eine au\u00dferordentliche Mitgliederversammlung wird einberufen, wenn mindestens 25 Prozent der Mitglieder sie beantragen.<\/p><p>Die Mitgliederversammlung entscheidet mit einfacher Mehrheit. Satzungs\u00e4nderungen, \u00c4nderung des Vereinszwecks sowie eine Aufl\u00f6sung des Vereins bed\u00fcrfen einer 2\/3-Mehrheit der anwesenden Mitglieder. Mitglieder, die sich der Stimme enthalten, werden behandelt wie nicht erschienene Mitglieder.<\/p><p>\u00a0<\/p><p><strong>Aufgaben der Mitgliederversammlung:<\/strong><\/p><ul><li>Wahl, Abberufung und Entlastung des Vorstands<\/li><li>Entgegennahme des Jahresberichts des Vorstands und Beschlussfassung \u00fcber den Vereinshaushalt<\/li><li>Satzungs\u00e4nderungen, \u00c4nderungen des Vereinszwecks und Aufl\u00f6sung des Verein\u00a0<\/li><\/ul><p><strong style=\"color: var( --e-global-color-text ); font-family: var( --e-global-typography-text-font-family ), Sans-serif;\">\u00a0<\/strong><\/p><p><strong style=\"color: var( --e-global-color-text ); font-family: var( --e-global-typography-text-font-family ), Sans-serif;\">\u00a76 Protokollierung von Beschl\u00fcssen<\/strong><\/p><p>Beschl\u00fcsse sind unter Angabe des Ortes und der Zeit der Versammlung sowie des Abstimmungsergebnisses vom Schriftf\u00fchrer in der Niederschrift festzuhalten.<\/p><p>Die Niederschrift ist vom\/von der 1. oder 2. Vorsitzenden oder von einer anderweitig hierzu bestimmten Person zu unterschreiben.<\/p><p><strong style=\"color: var( --e-global-color-text ); font-family: var( --e-global-typography-text-font-family ), Sans-serif;\">\u00a0<\/strong><\/p><p><strong style=\"color: var( --e-global-color-text ); font-family: var( --e-global-typography-text-font-family ), Sans-serif;\">\u00a77 Organe des Vereins<\/strong><\/p><ol><li>der vertretungsberechtigte Vorstand nach \u00a7 26 BGB<\/li><li>die Mitgliederversammlung<\/li><\/ol><p><strong style=\"color: var( --e-global-color-text ); font-family: var( --e-global-typography-text-font-family ), Sans-serif;\">\u00a0<\/strong><\/p><p><strong style=\"color: var( --e-global-color-text ); font-family: var( --e-global-typography-text-font-family ), Sans-serif;\">\u00a78 Vorstand (\u00a726 BGB)<\/strong><\/p><ul><li>Vorsitzende\/r<\/li><li>Vorsitzende\/r<\/li><li>Schatzmeister_in<\/li><\/ul><p>Jede\/r ist einzeln zur Vertretung berechtigt.\u00a0<\/p><p>Der Vorstand l\u00e4dt schriftlich (dies kann auch per E-Mail erfolgen) zwei Wochen im Voraus unter der zuletzt bekannten Anschrift bzw. E-mail-Adresse eines Mitgliedes zur Mitgliederversammlung ein. Dabei ist die vom Vorstand festgesetzte Tagesordnung mitzuteilen.<\/p><p>Stehen der Eintragung im Vereinsregister oder der Anerkennung der Gemeinn\u00fctzigkeit durch das zust\u00e4ndige Finanzamt bestimmte Satzungsinhalte entgegen, ist der Vorstand berechtigt, entsprechende \u00c4nderungen eigenst\u00e4ndig durchzuf\u00fchren.<\/p><p>\u00a0<\/p><p><strong>\u00a79 Kassenpru\u0308fung <\/strong><\/p><ul><li>Die Mitgliederversammlung wa\u0308hlt fu\u0308r die Dauer von zwei Jahren eine\/n Kassenpru\u0308fer\/in.<\/li><li>Diese\/r darf nicht Mitglied des Vorstands sein.<\/li><li>Wiederwahl ist zula\u0308ssig.<\/li><\/ul><p><strong>\u00a0<\/strong><\/p><p><strong>\u00a710 Liquidation<\/strong><\/p><p><u>Bei Aufl\u00f6sung des Vereins oder bei Wegfall seines steuerbeg\u00fcnstigten Zwecks f\u00e4llt das Verm\u00f6gen des Vereins an Animal Equality, Hasenbergsteige 15, 70178 Stuttgart, der es ausschlie\u00dflich und unmittelbar f\u00fcr gemeinn\u00fctzige, mildt\u00e4tige oder kirchliche Zwecke zu verwenden hat.<\/u><\/p><p><u>\u00a0<\/u><\/p><p><strong>\u00a711 Schlussbestimmung<\/strong><\/p><p>Sollten einzelne Punkte der Satzung nicht den rechtlichen Bestimmungen entsprechen, so bleibt der\u00a0Rest der Satzung davon unber\u00fchrt.<\/p><p>Die vorstehende Satzung wurde in der Mitgliederversammlung vom\u00a0<strong>17.03.2020\u00a0<\/strong>verabschiedet.<\/p><p>Wiesbaden, den 17.03.2020<\/p><p>\u00a0<\/p>\t\t\t\t\t\t\t\t<\/div>\n\t\t\t\t<\/div>\n\t\t\t\t\t<\/div>\n\t\t<\/div>\n\t\t\t\t<div class=\"elementor-column elementor-col-50 elementor-top-column elementor-element elementor-element-82c623b\" data-id=\"82c623b\" data-element_type=\"column\">\n\t\t\t<div class=\"elementor-widget-wrap elementor-element-populated\">\n\t\t\t\t\t\t<div class=\"elementor-element elementor-element-4d1a9da3 elementor-widget elementor-widget-rightcause_core_image_with_rotate_text\" data-id=\"4d1a9da3\" data-element_type=\"widget\" data-widget_type=\"rightcause_core_image_with_rotate_text.default\">\n\t\t\t\t<div class=\"elementor-widget-container\">\n\t\t\t\t\t<div class=\"qodef-shortcode qodef-m  qodef-image-with-rotate-text qodef-layout--text-below qodef-text-position--top-left  qodef-hide-text-680 qodef--has-rotate-text\">\n\n\t\n\t<div class=\"qodef-m-image\">\n\t\t\t\n\t\t\t\t\t<div class=\"qodef-image-with-rotate-text-holder\" style=\"bottom: 0px\">\n\t\t\t\t<div class=\"qodef-image-with-rotate-text-inner\">\n\t\t\t\t\t<p class=\"qodef-image-with-rotate-text\" >Statutes<\/p>\n\t\t\t\t<\/div>\n\t\t\t<\/div>\n\t\t\t\n\t\t\t<div class=\"qodef-m-image-inner\">\n\t\t<img fetchpriority=\"high\" decoding=\"async\" width=\"800\" height=\"1000\" src=\"https:\/\/snehascare.de\/wp-content\/uploads\/2022\/03\/unsere-satzung.jpg\" class=\"attachment-full size-full\" alt=\"\" srcset=\"https:\/\/snehascare.de\/wp-content\/uploads\/2022\/03\/unsere-satzung.jpg 800w, https:\/\/snehascare.de\/wp-content\/uploads\/2022\/03\/unsere-satzung-600x750.jpg 600w, https:\/\/snehascare.de\/wp-content\/uploads\/2022\/03\/unsere-satzung-240x300.jpg 240w, https:\/\/snehascare.de\/wp-content\/uploads\/2022\/03\/unsere-satzung-768x960.jpg 768w\" sizes=\"(max-width: 800px) 100vw, 800px\" \/>\t\t<\/div>\n\t\n\t\t\t\n\t\t\t\n\t<\/div>\n\t\n\t\n\t\n<\/div>\n\t\t\t\t<\/div>\n\t\t\t\t<\/div>\n\t\t\t\t\t<\/div>\n\t\t<\/div>\n\t\t\t\t\t<\/div>\n\t\t<\/section>\n\t\t\t\t<\/div>","protected":false},"excerpt":{"rendered":"<p>Stand M\u00e4rz 2020 Unsere Satzung \u00a71 Name und Sitz Der Verein soll in das Vereinsregister eingetragen werden und hei\u00dft dann\u00a0 \u201eSneha\u2019s Care Deutschland e.V.\u201c \u00a0 Der Verein hat seinen Sitz in 65185 Wiesbaden. \u00a0 Die Gesch\u00e4ftsstelle befindet sich -sofern vom jeweils amtierenden Vorstand nicht anders beschlossen- am\u00a0 Wohnort des\/der jeweiligen 1. Vorsitzenden. \u00a0 Gesch\u00e4ftsjahr ist [&hellip;]<\/p>","protected":false},"author":1,"featured_media":0,"parent":0,"menu_order":0,"comment_status":"closed","ping_status":"closed","template":"","meta":{"footnotes":""},"class_list":["post-4796","page","type-page","status-publish","hentry"],"_links":{"self":[{"href":"https:\/\/snehascare.de\/en\/wp-json\/wp\/v2\/pages\/4796","targetHints":{"allow":["GET"]}}],"collection":[{"href":"https:\/\/snehascare.de\/en\/wp-json\/wp\/v2\/pages"}],"about":[{"href":"https:\/\/snehascare.de\/en\/wp-json\/wp\/v2\/types\/page"}],"author":[{"embeddable":true,"href":"https:\/\/snehascare.de\/en\/wp-json\/wp\/v2\/users\/1"}],"replies":[{"embeddable":true,"href":"https:\/\/snehascare.de\/en\/wp-json\/wp\/v2\/comments?post=4796"}],"version-history":[{"count":13,"href":"https:\/\/snehascare.de\/en\/wp-json\/wp\/v2\/pages\/4796\/revisions"}],"predecessor-version":[{"id":8213,"href":"https:\/\/snehascare.de\/en\/wp-json\/wp\/v2\/pages\/4796\/revisions\/8213"}],"wp:attachment":[{"href":"https:\/\/snehascare.de\/en\/wp-json\/wp\/v2\/media?parent=4796"}],"curies":[{"name":"wp","href":"https:\/\/api.w.org\/{rel}","templated":true}]}}